{"id":3889,"date":"2012-08-29T11:34:00","date_gmt":"2012-08-29T11:34:00","guid":{"rendered":"http:\/\/themes.devatic.com\/daisho\/?page_id=3889"},"modified":"2023-08-26T01:19:13","modified_gmt":"2023-08-26T01:19:13","slug":"sobre-nosotros","status":"publish","type":"page","link":"https:\/\/ikr3ativos.net\/ve\/sobre-nosotros\/","title":{"rendered":"Somos"},"content":{"rendered":"\n  <div class=\"banner has-hover\" id=\"banner-234812520\">\n          <div class=\"banner-inner fill\">\n        <div class=\"banner-bg fill\" >\n            <div class=\"bg fill bg-fill \"><\/div>\n                        <div class=\"overlay\"><\/div>            \n                    <\/div>\n        <div class=\"banner-layers container\">\n            <div class=\"fill banner-link\"><\/div>            \n\n   <div id=\"text-box-339865039\" class=\"text-box banner-layer x50 md-x50 lg-x50 y50 md-y50 lg-y50 res-text\">\n                                <div class=\"text-box-content text dark\">\n              \n              <div class=\"text-inner text-center\">\n                  \n\n<h1>iKr3ativos<\/h1>\n<p>Nuestra pasi\u00f3n radica en proporcionar soluciones a trav\u00e9s de dise\u00f1os estrat\u00e9gicos, cuidadosamente concebidos para potenciar marcas y evocar emociones que capturan la esencia \u00fanica de nuestros clientes. Basados en nuestros tres pilares fundamentales: <strong>Dise\u00f1o Gr\u00e1fico, Desarrollo Web y Social Media,<\/strong> trabajamos incansablemente para transmitir el mensaje distintivo de cada cliente.<\/p>\n\n              <\/div>\n           <\/div>\n                            \n<style>\n#text-box-339865039 {\n  width: 90%;\n}\n#text-box-339865039 .text-box-content {\n  font-size: 116%;\n}\n@media (min-width:550px) {\n  #text-box-339865039 {\n    width: 60%;\n  }\n  #text-box-339865039 .text-box-content {\n    font-size: 100%;\n  }\n}\n<\/style>\n    <\/div>\n \n\n        <\/div>\n      <\/div>\n\n            \n<style>\n#banner-234812520 {\n  padding-top: 101%;\n  background-color: rgb(255, 102, 0);\n}\n#banner-234812520 .bg.bg-loaded {\n  background-image: url(https:\/\/ikr3ativos.net\/ve\/wp-content\/uploads\/2021\/01\/pexels-ovan-57690-800x800.jpg);\n}\n#banner-234812520 .overlay {\n  background-color: rgba(0,0,0,.5);\n}\n#banner-234812520 .bg {\n  background-position: 0% 16%;\n}\n@media (min-width:550px) {\n  #banner-234812520 {\n    padding-top: 25%;\n  }\n}\n<\/style>\n  <\/div>\n\n\n<div class=\"row\"  id=\"row-1626801410\">\n\n\n\t<div id=\"col-712206046\" class=\"col small-12 large-12\"  >\n\t\t<div class=\"col-inner text-center\"  >\n\t\t\t\n\t\t\t\n\n<div class=\"grid_4\">\n<p>Con una trayectoria de m\u00e1s de una d\u00e9cada, somos una agencia aplicada en dise\u00f1o gr\u00e1fico y marketing digital. A lo largo de estos 10 a\u00f1os, hemos cultivado y desarrollado nuestro talento creativo, lo que nos ha dotado con la habilidad \u00fanica de comprender, respaldar y guiar a nuestros clientes a lo largo de todo el proceso de comunicaci\u00f3n necesario para establecer conexiones significativas y proyectar fielmente la imagen identitaria de sus empresas.<\/p>\n<\/div>\n<div class=\"text-center\"><div class=\"is-divider divider clearfix\" ><\/div><\/div>\n\n<div class=\"row row-full-width\"  id=\"row-1434809675\">\n\n\n\t<div id=\"col-745170283\" class=\"col medium-6 small-12 large-6\"  >\n\t\t<div class=\"col-inner\"  >\n\t\t\t\n\t\t\t\n\n<h2><span style=\"color: #2a1e9e;\">Misi\u00f3n<\/span><\/h2>\n<p>Proporcionamos soluciones comunicativas innovadoras en \u00e1mbitos clave como <strong>Dise\u00f1o Gr\u00e1fico, Desarrollo Web, Identidad Corporativa y Marketing Digital.<\/strong> Nuestro enfoque est\u00e1 dise\u00f1ado para elevar a las empresas a posiciones \u00f3ptimas dentro de los mercados competitivos, y lo hacemos a trav\u00e9s de tres pilares esenciales: Creatividad, Investigaci\u00f3n Gr\u00e1fica y Estrategias de Medios.<\/p>\n\n\t\t<\/div>\n\t\t\t<\/div>\n\n\t\n\n\t<div id=\"col-1181404509\" class=\"col medium-6 small-12 large-6\"  >\n\t\t<div class=\"col-inner\"  >\n\t\t\t\n\t\t\t\n\n<h2><span style=\"color: #2a1e9e;\">Visi\u00f3n<\/span><\/h2>\n<p>Forjamos nuestra visi\u00f3n como una agencia creativa de excelencia, arraigada en la vanguardia de las demandas del mercado. Esta posici\u00f3n se cimenta mediante la capacitaci\u00f3n incesante de nuestro talento humano, que nos capacita para brindar un servicio excepcional. Juntos, elevamos sus proyectos hacia niveles superiores de rendimiento y eficacia, consolidando as\u00ed un impacto perdurable\u00a0<\/p>\n\n\t\t<\/div>\n\t\t\t<\/div>\n\n\t\n\n<\/div>\n\n\t\t<\/div>\n\t\t\t<\/div>\n\n\t\n\n<\/div>\n<div class=\"text-center\"><div class=\"is-divider divider clearfix\" style=\"max-width:177px;\"><\/div><\/div>\n\n<h1 style=\"text-align: center;\"><span style=\"font-size: 120%; color: #2a1e9e;\">IKR3ATIVOS: Donde el Talento Reside<\/span><\/h1>\n<h3 class=\"thin-font\" style=\"text-align: center;\">Uniendo habilidades, conocimientos y experiencias para generar resultados de \u00e9xito.&#8221;\n\n\n\n\n<\/h3>\n\t<div id=\"gap-961196100\" class=\"gap-element clearfix\" style=\"display:block; height:auto;\">\n\t\t\n<style>\n#gap-961196100 {\n  padding-top: 30px;\n}\n<\/style>\n\t<\/div>\n\t\n\n<div class=\"row align-center\"  id=\"row-1144519833\">\n\n\n\t<div id=\"col-697837136\" class=\"col medium-4 small-8 large-4\"  >\n\t\t<div class=\"col-inner\"  >\n\t\t\t\n\t\t\t\n\n    <div class=\"box has-hover has-hover box-text-bottom\" >\n\n                  <div class=\"box-image \" style=\"width:80%;\">\n           <div class=\"box-image-inner image-cover\" style=\"border-radius:100%;padding-top:100%;\">\n              <img loading=\"lazy\" decoding=\"async\" width=\"600\" height=\"600\" src=\"https:\/\/ikr3ativos.net\/ve\/wp-content\/uploads\/2021\/05\/Anderson.png\" class=\"attachment- size-\" alt=\"\" srcset=\"https:\/\/ikr3ativos.net\/ve\/wp-content\/uploads\/2021\/05\/Anderson.png 600w, https:\/\/ikr3ativos.net\/ve\/wp-content\/uploads\/2021\/05\/Anderson-400x400.png 400w, https:\/\/ikr3ativos.net\/ve\/wp-content\/uploads\/2021\/05\/Anderson-280x280.png 280w, https:\/\/ikr3ativos.net\/ve\/wp-content\/uploads\/2021\/05\/Anderson-510x510.png 510w, https:\/\/ikr3ativos.net\/ve\/wp-content\/uploads\/2021\/05\/Anderson-100x100.png 100w\" sizes=\"auto, (max-width: 600px) 100vw, 600px\" \/>                         <\/div>\n          <\/div>\n         \n          <div class=\"box-text text-center\" >\n                <div class=\"box-text-inner\">\n                  <h4 class=\"uppercase\">\n                    <span class=\"person-name\">Anderson Barroso<\/span><br\/>\n                    <span class=\"person-title is-small thin-font op-7\">\n                      CEO \/ Founder                    <\/span>\n                  <\/h4>\n                                  \n\n<p><strong>iKr3ativos<\/strong> es en escencia la opci\u00f3n profesional, pr\u00e1ctica y accesible para la crearci\u00f3n y difusi\u00f3n de sus servicios y\/o productos<\/p>\n\n                <\/div>\n          <\/div>\n    <\/div>\n\n    \n    \n\n\t\t<\/div>\n\t\t\t<\/div>\n\n\t\n\n\t<div id=\"col-1863148723\" class=\"col medium-4 small-8 large-4\"  >\n\t\t<div class=\"col-inner\"  >\n\t\t\t\n\t\t\t\n\n    <div class=\"box has-hover has-hover box-text-bottom\" >\n\n                  <div class=\"box-image \" style=\"width:80%;\">\n           <div class=\"box-image-inner image-cover\" style=\"border-radius:100%;padding-top:100%;\">\n              <img loading=\"lazy\" decoding=\"async\" width=\"720\" height=\"1280\" src=\"https:\/\/ikr3ativos.net\/ve\/wp-content\/uploads\/2023\/05\/victor.jpg\" class=\"attachment- size-\" alt=\"\" srcset=\"https:\/\/ikr3ativos.net\/ve\/wp-content\/uploads\/2023\/05\/victor.jpg 720w, https:\/\/ikr3ativos.net\/ve\/wp-content\/uploads\/2023\/05\/victor-225x400.jpg 225w, https:\/\/ikr3ativos.net\/ve\/wp-content\/uploads\/2023\/05\/victor-450x800.jpg 450w, https:\/\/ikr3ativos.net\/ve\/wp-content\/uploads\/2023\/05\/victor-510x907.jpg 510w\" sizes=\"auto, (max-width: 720px) 100vw, 720px\" \/>                         <\/div>\n          <\/div>\n         \n          <div class=\"box-text text-center\" >\n                <div class=\"box-text-inner\">\n                  <h4 class=\"uppercase\">\n                    <span class=\"person-name\">Victor Ortega<\/span><br\/>\n                    <span class=\"person-title is-small thin-font op-7\">\n                      Dise\u00f1o Gr\u00e1fico                    <\/span>\n                  <\/h4>\n                                  \n\n<p>&#8220;Convertimos todas esas brillantes ideas en expresiones visuales, tomando inspiraci\u00f3n de la imaginaci\u00f3n y d\u00e1ndoles forma a trav\u00e9s del dise\u00f1o.&#8221;<\/p>\n\n                <\/div>\n          <\/div>\n    <\/div>\n\n    \n    \n\n\t\t<\/div>\n\t\t\t<\/div>\n\n\t\n\n\t<div id=\"col-296156270\" class=\"col medium-4 small-8 large-4\"  >\n\t\t<div class=\"col-inner\"  >\n\t\t\t\n\t\t\t\n\n    <div class=\"box has-hover has-hover box-text-bottom\" >\n\n                  <div class=\"box-image \" style=\"width:80%;\">\n           <div class=\"box-image-inner image-cover\" style=\"border-radius:100%;padding-top:100%;\">\n              <img loading=\"lazy\" decoding=\"async\" width=\"600\" height=\"600\" src=\"https:\/\/ikr3ativos.net\/ve\/wp-content\/uploads\/2021\/05\/Ana.png\" class=\"attachment- size-\" alt=\"\" srcset=\"https:\/\/ikr3ativos.net\/ve\/wp-content\/uploads\/2021\/05\/Ana.png 600w, https:\/\/ikr3ativos.net\/ve\/wp-content\/uploads\/2021\/05\/Ana-400x400.png 400w, https:\/\/ikr3ativos.net\/ve\/wp-content\/uploads\/2021\/05\/Ana-280x280.png 280w, https:\/\/ikr3ativos.net\/ve\/wp-content\/uploads\/2021\/05\/Ana-510x510.png 510w, https:\/\/ikr3ativos.net\/ve\/wp-content\/uploads\/2021\/05\/Ana-100x100.png 100w\" sizes=\"auto, (max-width: 600px) 100vw, 600px\" \/>                         <\/div>\n          <\/div>\n         \n          <div class=\"box-text text-center\" >\n                <div class=\"box-text-inner\">\n                  <h4 class=\"uppercase\">\n                    <span class=\"person-name\">Ana Pe\u00f1asco<\/span><br\/>\n                    <span class=\"person-title is-small thin-font op-7\">\n                      Redactora                    <\/span>\n                  <\/h4>\n                                  \n\n<p>Las principales caracter\u00edsticas de la\u00a0<b>redacci\u00f3n<\/b>\u00a0son la claridad, la concisi\u00f3n, la sencillez, la adaptaci\u00f3n y la correcci\u00f3n.<\/p>\n\n                <\/div>\n          <\/div>\n    <\/div>\n\n    \n    \n\n\t\t<\/div>\n\t\t\t<\/div>\n\n\t\n\n<\/div>\n<div class=\"text-center\"><div class=\"is-divider divider clearfix\" style=\"max-width:177px;\"><\/div><\/div>\n\n<div class=\"row\"  id=\"row-1690301548\">\n\n\n\t<div id=\"col-1809234028\" class=\"col small-11 large-12\"  >\n\t\t<div class=\"col-inner text-center\"  >\n\t\t\t\n\t\t\t\n\n<h1 style=\"text-align: center;\"><span style=\"font-size: 120%; color: #2a1e9e;\">CLIENTES Y ALIADOS<\/span><\/h1>\n<p>Acompa\u00f1amos a las pymes, microempresas y empresas durante el desarrollo de sus proyectos\u00a0<\/p>\n<div class=\"slider-wrapper relative\" id=\"slider-1506728796\" >\n    <div class=\"slider slider-nav-circle slider-nav-large slider-nav-dark slider-style-focus slider-show-nav\"\n        data-flickity-options='{\n            \"cellAlign\": \"center\",\n            \"imagesLoaded\": true,\n            \"lazyLoad\": 1,\n            \"freeScroll\": true,\n            \"wrapAround\": true,\n            \"autoPlay\": 2000,\n            \"pauseAutoPlayOnHover\" : false,\n            \"prevNextButtons\": true,\n            \"contain\" : true,\n            \"adaptiveHeight\" : true,\n            \"dragThreshold\" : 10,\n            \"percentPosition\": true,\n            \"pageDots\": false,\n            \"rightToLeft\": false,\n            \"draggable\": true,\n            \"selectedAttraction\": 0.1,\n            \"parallax\" : 0,\n            \"friction\": 0.6        }'\n        >\n        \n\n<div class=\"ux-logo has-hover align-middle ux_logo inline-block\" style=\"max-width: 100%!important; width: 265.88709677419px!important\"><div class=\"ux-logo-link block image-color\" title=\"\"  href=\"\" style=\"padding: 15px;\"><img decoding=\"async\" src=\"https:\/\/ikr3ativos.net\/ve\/wp-content\/uploads\/2021\/05\/logo-bg-administradores-consultores-ikr3ativos.jpg\" title=\"\" alt=\"\" class=\"ux-logo-image block\" style=\"height:150px;\" \/><\/div><\/div>\n\n<div class=\"ux-logo has-hover align-middle ux_logo inline-block\" style=\"max-width: 100%!important; width: 265.88709677419px!important\"><div class=\"ux-logo-link block image-color\" title=\"\"  href=\"\" style=\"padding: 15px;\"><img decoding=\"async\" src=\"https:\/\/ikr3ativos.net\/ve\/wp-content\/uploads\/2021\/02\/logo-saffron-ikr3ativos.jpg\" title=\"\" alt=\"\" class=\"ux-logo-image block\" style=\"height:150px;\" \/><\/div><\/div>\n\n<div class=\"ux-logo has-hover align-middle ux_logo inline-block\" style=\"max-width: 100%!important; width: 265.88709677419px!important\"><div class=\"ux-logo-link block image-color\" title=\"\"  href=\"\" style=\"padding: 15px;\"><img decoding=\"async\" src=\"https:\/\/ikr3ativos.net\/ve\/wp-content\/uploads\/2021\/02\/comeflor.jpg\" title=\"\" alt=\"\" class=\"ux-logo-image block\" style=\"height:150px;\" \/><\/div><\/div>\n\n<div class=\"ux-logo has-hover align-middle ux_logo inline-block\" style=\"max-width: 100%!important; width: 265.88709677419px!important\"><div class=\"ux-logo-link block image-color\" title=\"\"  href=\"\" style=\"padding: 15px;\"><img decoding=\"async\" src=\"https:\/\/ikr3ativos.net\/ve\/wp-content\/uploads\/2021\/05\/logo-cummins-diesel-parts-ikr3ativos.jpg\" title=\"\" alt=\"\" class=\"ux-logo-image block\" style=\"height:150px;\" \/><\/div><\/div>\n\n<div class=\"ux-logo has-hover align-middle ux_logo inline-block\" style=\"max-width: 100%!important; width: 265.88709677419px!important\"><div class=\"ux-logo-link block image-color\" title=\"\"  href=\"\" style=\"padding: 15px;\"><img decoding=\"async\" src=\"https:\/\/ikr3ativos.net\/ve\/wp-content\/uploads\/2021\/02\/logo-hilopapelotijera-ikr3ativos.jpg\" title=\"\" alt=\"\" class=\"ux-logo-image block\" style=\"height:150px;\" \/><\/div><\/div>\n\n<div class=\"ux-logo has-hover align-middle ux_logo inline-block\" style=\"max-width: 100%!important; width: 265.88709677419px!important\"><div class=\"ux-logo-link block image-color\" title=\"\"  href=\"\" style=\"padding: 15px;\"><img decoding=\"async\" src=\"https:\/\/ikr3ativos.net\/ve\/wp-content\/uploads\/2021\/02\/encantto.jpg\" title=\"\" alt=\"\" class=\"ux-logo-image block\" style=\"height:150px;\" \/><\/div><\/div>\n\n<div class=\"ux-logo has-hover align-middle ux_logo inline-block\" style=\"max-width: 100%!important; width: 265.88709677419px!important\"><div class=\"ux-logo-link block image-color\" title=\"\"  href=\"\" style=\"padding: 15px;\"><img decoding=\"async\" src=\"https:\/\/ikr3ativos.net\/ve\/wp-content\/uploads\/2021\/05\/logo-eymis-tours.jpg\" title=\"\" alt=\"\" class=\"ux-logo-image block\" style=\"height:150px;\" \/><\/div><\/div>\n\n<div class=\"ux-logo has-hover align-middle ux_logo inline-block\" style=\"max-width: 100%!important; width: 265.88709677419px!important\"><div class=\"ux-logo-link block image-color\" title=\"\"  href=\"\" style=\"padding: 15px;\"><img decoding=\"async\" src=\"https:\/\/ikr3ativos.net\/ve\/wp-content\/uploads\/2021\/02\/logo-ceka-servicios-ikr3ativos.jpg\" title=\"\" alt=\"\" class=\"ux-logo-image block\" style=\"height:150px;\" \/><\/div><\/div>\n\n<div class=\"ux-logo has-hover align-middle ux_logo inline-block\" style=\"max-width: 100%!important; width: 265.88709677419px!important\"><div class=\"ux-logo-link block image-color\" title=\"\"  href=\"\" style=\"padding: 15px;\"><img decoding=\"async\" src=\"https:\/\/ikr3ativos.net\/ve\/wp-content\/uploads\/2021\/02\/adquiereturepuesto.jpg\" title=\"\" alt=\"\" class=\"ux-logo-image block\" style=\"height:150px;\" \/><\/div><\/div>\n\n<div class=\"ux-logo has-hover align-middle ux_logo inline-block\" style=\"max-width: 100%!important; width: 265.88709677419px!important\"><div class=\"ux-logo-link block image-color\" title=\"\"  href=\"\" style=\"padding: 15px;\"><img decoding=\"async\" src=\"https:\/\/ikr3ativos.net\/ve\/wp-content\/uploads\/2021\/06\/cerezoyfandango2.jpg\" title=\"\" alt=\"\" class=\"ux-logo-image block\" style=\"height:150px;\" \/><\/div><\/div>\n\n<div class=\"ux-logo has-hover align-middle ux_logo inline-block\" style=\"max-width: 100%!important; width: 265.88709677419px!important\"><div class=\"ux-logo-link block image-color\" title=\"\"  href=\"\" style=\"padding: 15px;\"><img decoding=\"async\" src=\"https:\/\/ikr3ativos.net\/ve\/wp-content\/uploads\/2021\/06\/simp.jpg\" title=\"\" alt=\"\" class=\"ux-logo-image block\" style=\"height:150px;\" \/><\/div><\/div>\n\n<div class=\"ux-logo has-hover align-middle ux_logo inline-block\" style=\"max-width: 100%!important; width: 265.88709677419px!important\"><div class=\"ux-logo-link block image-color\" title=\"\"  href=\"\" style=\"padding: 15px;\"><img decoding=\"async\" src=\"https:\/\/ikr3ativos.net\/ve\/wp-content\/uploads\/2021\/06\/amigostour.jpg\" title=\"\" alt=\"\" class=\"ux-logo-image block\" style=\"height:150px;\" \/><\/div><\/div>\n\n\n     <\/div>\n\n     <div class=\"loading-spin dark large centered\"><\/div>\n\n     \t<\/div>\n\n\n\n\t\t<\/div>\n\t\t\t<\/div>\n\n\t\n\n<\/div>\n\n  <div class=\"banner has-hover\" id=\"banner-1843253312\">\n          <div class=\"banner-inner fill\">\n        <div class=\"banner-bg fill\" >\n            <div class=\"bg fill bg-fill \"><\/div>\n                        <div class=\"overlay\"><\/div>            \n                    <\/div>\n        <div class=\"banner-layers container\">\n            <div class=\"fill banner-link\"><\/div>            \n\n   <div id=\"text-box-1431726763\" class=\"text-box banner-layer x50 md-x50 lg-x50 y50 md-y50 lg-y50 res-text\">\n                                <div class=\"text-box-content text dark\">\n              \n              <div class=\"text-inner text-center\">\n                  \n\n\t<div id=\"gap-648050466\" class=\"gap-element clearfix\" style=\"display:block; height:auto;\">\n\t\t\n<style>\n#gap-648050466 {\n  padding-top: 50px;\n}\n<\/style>\n\t<\/div>\n\t\n\n<h2 class=\"uppercase\"><strong>CONTACTO<\/strong><\/h2>\n<p>H\u00e1blanos sobre su proyecto, con gusto le atenderemos<\/p>\n\t<div id=\"gap-1429743448\" class=\"gap-element clearfix\" style=\"display:block; height:auto;\">\n\t\t\n<style>\n#gap-1429743448 {\n  padding-top: 24px;\n}\n<\/style>\n\t<\/div>\n\t\n\n\n<div class=\"wpcf7 no-js\" id=\"wpcf7-f4448-o1\" lang=\"en-US\" dir=\"ltr\" data-wpcf7-id=\"4448\">\n<div class=\"screen-reader-response\"><p role=\"status\" aria-live=\"polite\" aria-atomic=\"true\"><\/p> <ul><\/ul><\/div>\n<form action=\"\/ve\/wp-json\/wp\/v2\/pages\/3889#wpcf7-f4448-o1\" method=\"post\" class=\"wpcf7-form init\" aria-label=\"Contact form\" novalidate=\"novalidate\" data-status=\"init\">\n<div style=\"display: none;\">\n<input type=\"hidden\" name=\"_wpcf7\" value=\"4448\" \/>\n<input type=\"hidden\" name=\"_wpcf7_version\" value=\"6.0.6\" \/>\n<input type=\"hidden\" name=\"_wpcf7_locale\" value=\"en_US\" \/>\n<input type=\"hidden\" name=\"_wpcf7_unit_tag\" value=\"wpcf7-f4448-o1\" \/>\n<input type=\"hidden\" name=\"_wpcf7_container_post\" value=\"0\" \/>\n<input type=\"hidden\" name=\"_wpcf7_posted_data_hash\" value=\"\" \/>\n<\/div>\n<div class=\"form-flat\">\n\t<p><span class=\"wpcf7-form-control-wrap\" data-name=\"your-name\"><input size=\"40\" maxlength=\"400\" class=\"wpcf7-form-control wpcf7-text wpcf7-validates-as-required\" aria-required=\"true\" aria-invalid=\"false\" placeholder=\"Nombre (requerido)\" value=\"\" type=\"text\" name=\"your-name\" \/><\/span>\n\t<\/p>\n\t<p><span class=\"wpcf7-form-control-wrap\" data-name=\"telefono\"><input size=\"40\" maxlength=\"400\" class=\"wpcf7-form-control wpcf7-tel wpcf7-validates-as-required wpcf7-text wpcf7-validates-as-tel\" aria-required=\"true\" aria-invalid=\"false\" placeholder=\"Tel\u00e9fono (requerido)\" value=\"\" type=\"tel\" name=\"telefono\" \/><\/span>\n\t<\/p>\n\t<p><span class=\"wpcf7-form-control-wrap\" data-name=\"your-email\"><input size=\"40\" maxlength=\"400\" class=\"wpcf7-form-control wpcf7-email wpcf7-validates-as-required wpcf7-text wpcf7-validates-as-email\" aria-required=\"true\" aria-invalid=\"false\" placeholder=\"Correo (requerido)\" value=\"\" type=\"email\" name=\"your-email\" \/><\/span>\n\t<\/p>\n\t<p><span class=\"wpcf7-form-control-wrap\" data-name=\"your-message\"><textarea cols=\"40\" rows=\"10\" maxlength=\"2000\" class=\"wpcf7-form-control wpcf7-textarea\" aria-invalid=\"false\" placeholder=\"Mensaje (requerido)\" name=\"your-message\"><\/textarea><\/span>\n\t<\/p>\n\t<p><input class=\"wpcf7-form-control wpcf7-submit has-spinner button\" type=\"submit\" value=\"Enviar\" \/>\n\t<\/p>\n<\/div><p style=\"display: none !important;\" class=\"akismet-fields-container\" data-prefix=\"_wpcf7_ak_\"><label>&#916;<textarea name=\"_wpcf7_ak_hp_textarea\" cols=\"45\" rows=\"8\" maxlength=\"100\"><\/textarea><\/label><input type=\"hidden\" id=\"ak_js_1\" name=\"_wpcf7_ak_js\" value=\"223\"\/><script>document.getElementById( \"ak_js_1\" ).setAttribute( \"value\", ( new Date() ).getTime() );<\/script><\/p><div class=\"wpcf7-response-output\" aria-hidden=\"true\"><\/div>\n<\/form>\n<\/div>\n\n\n\n              <\/div>\n           <\/div>\n                            \n<style>\n#text-box-1431726763 {\n  width: 78%;\n}\n#text-box-1431726763 .text-box-content {\n  font-size: 100%;\n}\n@media (min-width:550px) {\n  #text-box-1431726763 {\n    width: 60%;\n  }\n}\n<\/style>\n    <\/div>\n \n\n        <\/div>\n      <\/div>\n\n            \n<style>\n#banner-1843253312 {\n  padding-top: 511px;\n  background-color: #ff6600;\n}\n#banner-1843253312 .bg.bg-loaded {\n  background-image: url(https:\/\/ikr3ativos.net\/ve\/wp-content\/uploads\/2021\/02\/Cover_4d75d4b1-6c3f-4dc7-b13b-793885cd7d5d_1024x1024.jpg);\n}\n#banner-1843253312 .overlay {\n  background-color: rgba(0, 0, 0, 0.703);\n}\n@media (min-width:550px) {\n  #banner-1843253312 {\n    padding-top: 50%;\n  }\n}\n<\/style>\n  <\/div>\n\n","protected":false},"excerpt":{"rendered":"","protected":false},"author":1,"featured_media":0,"parent":0,"menu_order":0,"comment_status":"closed","ping_status":"closed","template":"page-blank.php","meta":{"_acf_changed":false,"_joinchat":[],"footnotes":""},"class_list":["post-3889","page","type-page","status-publish","hentry"],"acf":[],"yoast_head":"<!-- This site is optimized with the Yoast SEO plugin v21.9 - https:\/\/yoast.com\/wordpress\/plugins\/seo\/ -->\n<title>Somos - iKr3ativos, c.a.<\/title>\n<meta name=\"robots\" content=\"index, follow, max-snippet:-1, max-image-preview:large, max-video-preview:-1\" \/>\n<link rel=\"canonical\" href=\"https:\/\/ikr3ativos.net\/ve\/sobre-nosotros\/\" \/>\n<meta property=\"og:locale\" content=\"es_ES\" \/>\n<meta property=\"og:type\" content=\"article\" \/>\n<meta property=\"og:title\" content=\"Somos - iKr3ativos, c.a.\" \/>\n<meta property=\"og:url\" content=\"https:\/\/ikr3ativos.net\/ve\/sobre-nosotros\/\" \/>\n<meta property=\"og:site_name\" content=\"iKr3ativos, c.a.\" \/>\n<meta property=\"article:modified_time\" content=\"2023-08-26T01:19:13+00:00\" \/>\n<meta name=\"twitter:card\" content=\"summary_large_image\" \/>\n<meta name=\"twitter:label1\" content=\"Tiempo de lectura\" \/>\n\t<meta name=\"twitter:data1\" content=\"2 minutos\" \/>\n<script type=\"application\/ld+json\" class=\"yoast-schema-graph\">{\"@context\":\"https:\/\/schema.org\",\"@graph\":[{\"@type\":\"WebPage\",\"@id\":\"https:\/\/ikr3ativos.net\/ve\/sobre-nosotros\/\",\"url\":\"https:\/\/ikr3ativos.net\/ve\/sobre-nosotros\/\",\"name\":\"Somos - iKr3ativos, c.a.\",\"isPartOf\":{\"@id\":\"https:\/\/ikr3ativos.net\/ve\/#website\"},\"datePublished\":\"2012-08-29T11:34:00+00:00\",\"dateModified\":\"2023-08-26T01:19:13+00:00\",\"breadcrumb\":{\"@id\":\"https:\/\/ikr3ativos.net\/ve\/sobre-nosotros\/#breadcrumb\"},\"inLanguage\":\"es\",\"potentialAction\":[{\"@type\":\"ReadAction\",\"target\":[\"https:\/\/ikr3ativos.net\/ve\/sobre-nosotros\/\"]}]},{\"@type\":\"BreadcrumbList\",\"@id\":\"https:\/\/ikr3ativos.net\/ve\/sobre-nosotros\/#breadcrumb\",\"itemListElement\":[{\"@type\":\"ListItem\",\"position\":1,\"name\":\"Portada\",\"item\":\"https:\/\/ikr3ativos.net\/ve\/\"},{\"@type\":\"ListItem\",\"position\":2,\"name\":\"Somos\"}]},{\"@type\":\"WebSite\",\"@id\":\"https:\/\/ikr3ativos.net\/ve\/#website\",\"url\":\"https:\/\/ikr3ativos.net\/ve\/\",\"name\":\"iKr3ativos, c.a.\",\"description\":\"Estudio Gr\u00e1fico, Comunicaci\u00f3n y Medios\",\"potentialAction\":[{\"@type\":\"SearchAction\",\"target\":{\"@type\":\"EntryPoint\",\"urlTemplate\":\"https:\/\/ikr3ativos.net\/ve\/?s={search_term_string}\"},\"query-input\":\"required name=search_term_string\"}],\"inLanguage\":\"es\"}]}<\/script>\n<!-- \/ Yoast SEO plugin. -->","yoast_head_json":{"title":"Somos - iKr3ativos, c.a.","robots":{"index":"index","follow":"follow","max-snippet":"max-snippet:-1","max-image-preview":"max-image-preview:large","max-video-preview":"max-video-preview:-1"},"canonical":"https:\/\/ikr3ativos.net\/ve\/sobre-nosotros\/","og_locale":"es_ES","og_type":"article","og_title":"Somos - iKr3ativos, c.a.","og_url":"https:\/\/ikr3ativos.net\/ve\/sobre-nosotros\/","og_site_name":"iKr3ativos, c.a.","article_modified_time":"2023-08-26T01:19:13+00:00","twitter_card":"summary_large_image","twitter_misc":{"Tiempo de lectura":"2 minutos"},"schema":{"@context":"https:\/\/schema.org","@graph":[{"@type":"WebPage","@id":"https:\/\/ikr3ativos.net\/ve\/sobre-nosotros\/","url":"https:\/\/ikr3ativos.net\/ve\/sobre-nosotros\/","name":"Somos - iKr3ativos, c.a.","isPartOf":{"@id":"https:\/\/ikr3ativos.net\/ve\/#website"},"datePublished":"2012-08-29T11:34:00+00:00","dateModified":"2023-08-26T01:19:13+00:00","breadcrumb":{"@id":"https:\/\/ikr3ativos.net\/ve\/sobre-nosotros\/#breadcrumb"},"inLanguage":"es","potentialAction":[{"@type":"ReadAction","target":["https:\/\/ikr3ativos.net\/ve\/sobre-nosotros\/"]}]},{"@type":"BreadcrumbList","@id":"https:\/\/ikr3ativos.net\/ve\/sobre-nosotros\/#breadcrumb","itemListElement":[{"@type":"ListItem","position":1,"name":"Portada","item":"https:\/\/ikr3ativos.net\/ve\/"},{"@type":"ListItem","position":2,"name":"Somos"}]},{"@type":"WebSite","@id":"https:\/\/ikr3ativos.net\/ve\/#website","url":"https:\/\/ikr3ativos.net\/ve\/","name":"iKr3ativos, c.a.","description":"Estudio Gr\u00e1fico, Comunicaci\u00f3n y Medios","potentialAction":[{"@type":"SearchAction","target":{"@type":"EntryPoint","urlTemplate":"https:\/\/ikr3ativos.net\/ve\/?s={search_term_string}"},"query-input":"required name=search_term_string"}],"inLanguage":"es"}]}},"_links":{"self":[{"href":"https:\/\/ikr3ativos.net\/ve\/wp-json\/wp\/v2\/pages\/3889","targetHints":{"allow":["GET"]}}],"collection":[{"href":"https:\/\/ikr3ativos.net\/ve\/wp-json\/wp\/v2\/pages"}],"about":[{"href":"https:\/\/ikr3ativos.net\/ve\/wp-json\/wp\/v2\/types\/page"}],"author":[{"embeddable":true,"href":"https:\/\/ikr3ativos.net\/ve\/wp-json\/wp\/v2\/users\/1"}],"replies":[{"embeddable":true,"href":"https:\/\/ikr3ativos.net\/ve\/wp-json\/wp\/v2\/comments?post=3889"}],"version-history":[{"count":34,"href":"https:\/\/ikr3ativos.net\/ve\/wp-json\/wp\/v2\/pages\/3889\/revisions"}],"predecessor-version":[{"id":8914,"href":"https:\/\/ikr3ativos.net\/ve\/wp-json\/wp\/v2\/pages\/3889\/revisions\/8914"}],"wp:attachment":[{"href":"https:\/\/ikr3ativos.net\/ve\/wp-json\/wp\/v2\/media?parent=3889"}],"curies":[{"name":"wp","href":"https:\/\/api.w.org\/{rel}","templated":true}]}}