{"id":8608,"date":"2021-02-12T15:19:40","date_gmt":"2021-02-12T15:19:40","guid":{"rendered":"https:\/\/ikr3ativos.net\/cl\/?page_id=8608"},"modified":"2023-08-26T00:55:38","modified_gmt":"2023-08-26T00:55:38","slug":"social-media","status":"publish","type":"page","link":"https:\/\/ikr3ativos.net\/ve\/social-media\/","title":{"rendered":"Social Media"},"content":{"rendered":"\n  <div class=\"banner has-hover\" id=\"banner-994348447\">\n          <div class=\"banner-inner fill\">\n        <div class=\"banner-bg fill\" >\n            <div class=\"bg fill bg-fill \"><\/div>\n                        <div class=\"overlay\"><\/div>            \n                    <\/div>\n        <div class=\"banner-layers container\">\n            <div class=\"fill banner-link\"><\/div>            \n\n   <div id=\"text-box-1146323397\" class=\"text-box banner-layer x50 md-x50 lg-x50 y50 md-y50 lg-y50 res-text\">\n                                <div class=\"text-box-content text dark text-shadow-5\">\n              \n              <div class=\"text-inner text-center\">\n                  \n\n<h1 class=\"lead thin-font\">Social Media<\/h1>\n<p>Dise\u00f1amos tu perfil con impacto positivo tomando en cuenta lo que deseas proyectar en lo visual y conceptual de tu marca, tu misi\u00f3n, visi\u00f3n y valores.<\/p>\n<p>Construimos y gestionamos la comunicaci\u00f3n en tus Redes Sociales,\u00a0 planificamos y desarrollamos su mas \u00f3ptimo crecimiento.<\/p>\n\n              <\/div>\n           <\/div>\n                            \n<style>\n#text-box-1146323397 {\n  width: 79%;\n}\n#text-box-1146323397 .text-box-content {\n  font-size: 142%;\n}\n@media (min-width:550px) {\n  #text-box-1146323397 {\n    width: 60%;\n  }\n  #text-box-1146323397 .text-box-content {\n    font-size: 100%;\n  }\n}\n<\/style>\n    <\/div>\n \n\n        <\/div>\n      <\/div>\n\n            \n<style>\n#banner-994348447 {\n  padding-top: 101%;\n  background-color: #ff6600;\n}\n#banner-994348447 .bg.bg-loaded {\n  background-image: url(https:\/\/ikr3ativos.net\/ve\/wp-content\/uploads\/2021\/02\/shutterstock_1573945981-scaled-1-1200x800.jpg);\n}\n#banner-994348447 .overlay {\n  background-color: rgba(0,0,0,.5);\n}\n#banner-994348447 .bg {\n  background-position: 0% 16%;\n}\n@media (min-width:550px) {\n  #banner-994348447 {\n    padding-top: 25%;\n  }\n}\n<\/style>\n  <\/div>\n\n\n<div class=\"row row-collapse\"  id=\"row-1732904573\">\n\n\n\t<div id=\"col-469890101\" class=\"col medium-6 small-12 large-6\"  >\n\t\t<div class=\"col-inner\"  >\n\t\t\t\n\t\t\t\n\n\n  <div class=\"banner has-hover\" id=\"banner-870292551\">\n          <div class=\"banner-inner fill\">\n        <div class=\"banner-bg fill\" >\n            <div class=\"bg fill bg-fill \"><\/div>\n                                    \n                    <\/div>\n        <div class=\"banner-layers container\">\n            <div class=\"fill banner-link\"><\/div>            \n\n   <div id=\"text-box-1097041362\" class=\"text-box banner-layer x50 md-x50 lg-x50 y50 md-y50 lg-y50 res-text\">\n                                <div class=\"text-box-content text dark\">\n              \n              <div class=\"text-inner text-center\">\n                  \n\n\n              <\/div>\n           <\/div>\n                            \n<style>\n#text-box-1097041362 {\n  width: 60%;\n}\n#text-box-1097041362 .text-box-content {\n  font-size: 100%;\n}\n<\/style>\n    <\/div>\n \n\n        <\/div>\n      <\/div>\n\n            \n<style>\n#banner-870292551 {\n  padding-top: 80%;\n}\n#banner-870292551 .bg.bg-loaded {\n  background-image: url(https:\/\/ikr3ativos.net\/ve\/wp-content\/uploads\/2021\/02\/getty_1173146314_417254-1400x788.jpg);\n}\n#banner-870292551 .bg {\n  background-position: 0% 34%;\n}\n<\/style>\n  <\/div>\n\n\n\n\t\t<\/div>\n\t\t\t<\/div>\n\n\t\n\n\t<div id=\"col-362920678\" class=\"col medium-6 small-12 large-6\"  >\n\t\t<div class=\"col-inner text-center\"  >\n\t\t\t\n\t\t\t\n\n\n\t\t<div class=\"icon-box featured-box icon-box-top text-left\"  >\n\t\t\t\t\t<div class=\"icon-box-img\" style=\"width: 114px\">\n\t\t\t\t<div class=\"icon\">\n\t\t\t\t\t<div class=\"icon-inner\" >\n\t\t\t\t\t\t<img loading=\"lazy\" decoding=\"async\" width=\"128\" height=\"128\" src=\"https:\/\/ikr3ativos.net\/ve\/wp-content\/uploads\/2019\/03\/network.png\" class=\"attachment-medium size-medium\" alt=\"\" srcset=\"https:\/\/ikr3ativos.net\/ve\/wp-content\/uploads\/2019\/03\/network.png 128w, https:\/\/ikr3ativos.net\/ve\/wp-content\/uploads\/2019\/03\/network-100x100.png 100w\" sizes=\"auto, (max-width: 128px) 100vw, 128px\" \/>\t\t\t\t\t<\/div>\n\t\t\t\t<\/div>\n\t\t\t<\/div>\n\t\t\t\t<div class=\"icon-box-text last-reset\">\n\t\t\t\t\t\t\t\t\t\n\n<h2 style=\"text-align: center;\"><span style=\"color: #ff9961;\">Impulsamos y Fidelizamos<\/span><\/h2>\n<p style=\"text-align: center;\">Planificamos un cronograma de dise\u00f1o y mantenemos la cuenta activa a trav\u00e9s de la estrategia de contenido: publicaciones, promociones, sorteos, eventos.<\/p>\n\n\t\t<\/div>\n\t<\/div>\n\t\n\t\n<div class=\"text-center\"><div class=\"is-divider divider clearfix\" ><\/div><\/div>\n\n\n\t\t<\/div>\n\t\t\n<style>\n#col-362920678 > .col-inner {\n  padding: 55px 26px 0px 26px;\n}\n<\/style>\n\t<\/div>\n\n\t\n\n<\/div>\n\t<div id=\"gap-780536044\" class=\"gap-element clearfix\" style=\"display:block; height:auto;\">\n\t\t\n<style>\n#gap-780536044 {\n  padding-top: 30px;\n}\n<\/style>\n\t<\/div>\n\t\n\n<div class=\"row\"  id=\"row-1504374605\">\n\n\n\t<div id=\"col-1847640844\" class=\"col small-12 large-12\"  >\n\t\t<div class=\"col-inner\"  >\n\t\t\t\n\t\t\t\n\n<h1 style=\"text-align: center;\"><span style=\"font-size: 120%; color: #2a1e9e;\">DESCRIPCI\u00d3N DEL SERVICIO SOCIAL MEDIA<\/span><\/h1>\n<p>Creamos la l\u00ednea gr\u00e1fica, el contenido y las campa\u00f1as digitales; Segmentamos seg\u00fan los requerimientos y dirigimos a gustos e intereses espec\u00edficos del p\u00fablico objetivo. De esta forma creamos tu propia comunidad en redes sociales, constituida por personas que realmente tienen inter\u00e9s en tu negocio.<\/p>\n<ul class=\"list-1\">\n<li>An\u00e1lisis de redes sociales<\/li>\n<li>Calendario de publicaciones<\/li>\n<li>Gesti\u00f3n de Contenido<\/li>\n<li>Dise\u00f1o gr\u00e1fico para post<\/li>\n<li>Dise\u00f1o gr\u00e1fico para historias<\/li>\n<li>Videos para post<\/li>\n<\/ul>\n\n\t\t<\/div>\n\t\t\t<\/div>\n\n\t\n\n<\/div>\n<div class=\"text-center\"><div class=\"is-divider divider clearfix\" style=\"max-width:177px;\"><\/div><\/div>\n\n\t<div id=\"gap-780890462\" class=\"gap-element clearfix\" style=\"display:block; height:auto;\">\n\t\t\n<style>\n#gap-780890462 {\n  padding-top: 30px;\n}\n<\/style>\n\t<\/div>\n\t\n\n<div class=\"row row-small\"  id=\"row-133437434\">\n\n\n\t<div id=\"col-563422049\" class=\"col medium-4 small-12 large-4\"  >\n\t\t<div class=\"col-inner\"  >\n\t\t\t\n\t\t\t\n\n<div class=\"pricing-table-wrapper\">\n  <div class=\"pricing-table ux_price_table text-center box-shadow-3-hover\">\n    <div class=\"pricing-table-header\">\n      <div class=\"title uppercase strong\">PLAN<\/div>\n      <div class=\"price is-xxlarge\">EMPRENDE<\/div>\n          <\/div>\n    <div class=\"pricing-table-items items\">\n      \n\n<ul>\n<li style=\"text-align: left;\">Imagen perfil y Portada Redes Sociales<\/li>\n<li style=\"text-align: left;\">20 Post Mensuales<\/li>\n<li style=\"text-align: left;\">3 Historias Semanales<\/li>\n<li style=\"text-align: left;\">2 videos animados mensuales<\/li>\n<li style=\"text-align: left;\">Gesti\u00f3n de perfiles online (Feedback)<\/li>\n<li style=\"text-align: left;\">Redacci\u00f3n de Post Perfiles Sociales<\/li>\n<li style=\"text-align: left;\">Monitoreo de RRSS 24 Hrs<\/li>\n<li style=\"text-align: left;\">1 Community Manager<\/li>\n<li style=\"text-align: left;\">ADS<\/li>\n<li style=\"text-align: left;\">Anal\u00edticas sociales informe de resultados<\/li>\n<\/ul>\n<p>Desde<\/p>\n<h2><span style=\"color: #2a1e9e;\">$80<\/span><\/h2>\n<a href=\"#contacto\" target=\"_self\" class=\"button primary\"  style=\"border-radius:10px;\">\n    <span>SOLICITAR<\/span>\n  <i class=\"icon-angle-right\" ><\/i><\/a>\n\n\n\n    <\/div>\n      <\/div>\n<\/div>\n\n\n\n\t\t<\/div>\n\t\t\t<\/div>\n\n\t\n\n\t<div id=\"col-1076891216\" class=\"col medium-4 small-12 large-4\"  >\n\t\t<div class=\"col-inner\"  >\n\t\t\t\n\t\t\t\n\n<div class=\"pricing-table-wrapper\">\n  <div class=\"pricing-table ux_price_table text-center box-shadow-3-hover featured-table\">\n    <div class=\"pricing-table-header\">\n      <div class=\"title uppercase strong\">PLAN<\/div>\n      <div class=\"price is-xxlarge\">PROFESIONAL<\/div>\n          <\/div>\n    <div class=\"pricing-table-items items\">\n      \n\n<ul>\n<li style=\"text-align: left;\">Imagen perfil y Portada Redes Sociales<\/li>\n<li style=\"text-align: left;\">28 Post mensuales<\/li>\n<li style=\"text-align: left;\">5 Historias Semanales<\/li>\n<li style=\"text-align: left;\">4 videos animados mensuales<\/li>\n<li style=\"text-align: left;\">Gesti\u00f3n de perfiles online (Feedback)<\/li>\n<li style=\"text-align: left;\">Redacci\u00f3n de Post Perfiles Sociales<\/li>\n<li style=\"text-align: left;\">Monitoreo de RRSS 24 hrs<\/li>\n<li style=\"text-align: left;\">1 Community Manager<\/li>\n<li style=\"text-align: left;\">ADS<\/li>\n<li style=\"text-align: left;\">Anal\u00edticas sociales informe de resultados<\/li>\n<\/ul>\n<p>Desde<\/p>\n<h2><span style=\"color: #2a1e9e;\">$120<\/span><\/h2>\n<a href=\"#contacto\" target=\"_self\" class=\"button primary\"  style=\"border-radius:10px;\">\n    <span>SOLICITAR<\/span>\n  <i class=\"icon-angle-right\" ><\/i><\/a>\n\n\n\n    <\/div>\n      <\/div>\n<\/div>\n\n\n\n\t\t<\/div>\n\t\t\t<\/div>\n\n\t\n\n\t<div id=\"col-1663729389\" class=\"col medium-4 small-12 large-4\"  >\n\t\t<div class=\"col-inner\"  >\n\t\t\t\n\t\t\t\n\n<div class=\"pricing-table-wrapper\">\n  <div class=\"pricing-table ux_price_table text-center box-shadow-3-hover\">\n    <div class=\"pricing-table-header\">\n      <div class=\"title uppercase strong\">PLAN<\/div>\n      <div class=\"price is-xxlarge\">EMPRESAS<\/div>\n          <\/div>\n    <div class=\"pricing-table-items items\">\n      \n\n<div class=\"et_pb_module et_pb_text et_pb_text_9et_pb_text_align_center et_pb_bg_layout_light\">\n<div class=\"et_pb_text_inner\">\n<ul>\n<li style=\"text-align: left;\">Imagen perfil y Portada Redes Sociales<\/li>\n<li style=\"text-align: left;\">28 Post mensuales<\/li>\n<li style=\"text-align: left;\">7 Historias semanales<\/li>\n<li style=\"text-align: left;\">4 Videos animados<\/li>\n<li style=\"text-align: left;\">Gesti\u00f3n de perfiles online (Feedback)<\/li>\n<li style=\"text-align: left;\">Redacci\u00f3n de Post Perfiles Sociales<\/li>\n<li style=\"text-align: left;\">Monitoreo RRSS 24hrs<\/li>\n<li style=\"text-align: left;\">Asesor\u00eda de Marketing Digital<\/li>\n<li style=\"text-align: left;\">1 Community Manager<\/li>\n<li style=\"text-align: left;\">ADS<\/li>\n<li style=\"text-align: left;\">Anal\u00edticas sociales informe de resultados<\/li>\n<\/ul>\n<\/div>\n<\/div>\n<a href=\"#contacto\" target=\"_self\" class=\"button primary\"  style=\"border-radius:10px;\">\n    <span>COTIZAR<\/span>\n  <i class=\"icon-angle-down\" ><\/i><\/a>\n\n\n\n    <\/div>\n      <\/div>\n<\/div>\n\n\n\n\t\t<\/div>\n\t\t\t<\/div>\n\n\t\n\n<\/div>\n\t<div id=\"gap-1573554197\" class=\"gap-element clearfix\" style=\"display:block; height:auto;\">\n\t\t\n<style>\n#gap-1573554197 {\n  padding-top: 30px;\n}\n<\/style>\n\t<\/div>\n\t\n\n<h1 style=\"text-align: center;\"><span style=\"font-size: 120%; color: #2a1e9e;\">SOCIAL MEDIA<\/span><\/h1>\n<p style=\"text-align: center;\">Trabajos destacados<\/p>\n<div class=\"text-center\"><div class=\"is-divider divider clearfix\" style=\"max-width:177px;\"><\/div><\/div>\n\n<div id=\"portfolio-1845334381\" class=\"portfolio-element-wrapper has-filtering\">\n  \n    <div class=\"row large-columns-4 medium-columns-3 small-columns-2 row-small slider row-slider slider-nav-reveal slider-nav-push\"  data-flickity-options='{\"imagesLoaded\": true, \"groupCells\": \"100%\", \"dragThreshold\" : 5, \"cellAlign\": \"left\",\"wrapAround\": true,\"prevNextButtons\": true,\"percentPosition\": true,\"pageDots\": false, \"rightToLeft\": false, \"autoPlay\" : false}'>\n\n    <\/div><\/div>\n\n<span class=\"scroll-to\" data-label=\"Scroll to: #contacto\" data-bullet=\"false\" data-link=\"#contacto\" data-title=\"contacto\"><a name=\"contacto\"><\/a><\/span>\n\n\n  <div class=\"banner has-hover\" id=\"banner-809265945\">\n          <div class=\"banner-inner fill\">\n        <div class=\"banner-bg fill\" >\n            <div class=\"bg fill bg-fill \"><\/div>\n                        <div class=\"overlay\"><\/div>            \n                    <\/div>\n        <div class=\"banner-layers container\">\n            <div class=\"fill banner-link\"><\/div>            \n\n   <div id=\"text-box-39126996\" class=\"text-box banner-layer x50 md-x50 lg-x50 y50 md-y50 lg-y50 res-text\">\n                                <div class=\"text-box-content text dark\">\n              \n              <div class=\"text-inner text-center\">\n                  \n\n\t<div id=\"gap-1642877505\" class=\"gap-element clearfix\" style=\"display:block; height:auto;\">\n\t\t\n<style>\n#gap-1642877505 {\n  padding-top: 50px;\n}\n<\/style>\n\t<\/div>\n\t\n\n<h2 class=\"uppercase\"><strong>CONTACTO<\/strong><\/h2>\n<p>Hablemos de su proyecto, con gusto le atenderemos<\/p>\n\t<div id=\"gap-250672005\" class=\"gap-element clearfix\" style=\"display:block; height:auto;\">\n\t\t\n<style>\n#gap-250672005 {\n  padding-top: 24px;\n}\n<\/style>\n\t<\/div>\n\t\n\n\n<div class=\"wpcf7 no-js\" id=\"wpcf7-f4448-o1\" lang=\"en-US\" dir=\"ltr\" data-wpcf7-id=\"4448\">\n<div class=\"screen-reader-response\"><p role=\"status\" aria-live=\"polite\" aria-atomic=\"true\"><\/p> <ul><\/ul><\/div>\n<form action=\"\/ve\/wp-json\/wp\/v2\/pages\/8608#wpcf7-f4448-o1\" method=\"post\" class=\"wpcf7-form init\" aria-label=\"Contact form\" novalidate=\"novalidate\" data-status=\"init\">\n<div style=\"display: none;\">\n<input type=\"hidden\" name=\"_wpcf7\" value=\"4448\" \/>\n<input type=\"hidden\" name=\"_wpcf7_version\" value=\"6.0.6\" \/>\n<input type=\"hidden\" name=\"_wpcf7_locale\" value=\"en_US\" \/>\n<input type=\"hidden\" name=\"_wpcf7_unit_tag\" value=\"wpcf7-f4448-o1\" \/>\n<input type=\"hidden\" name=\"_wpcf7_container_post\" value=\"0\" \/>\n<input type=\"hidden\" name=\"_wpcf7_posted_data_hash\" value=\"\" \/>\n<\/div>\n<div class=\"form-flat\">\n\t<p><span class=\"wpcf7-form-control-wrap\" data-name=\"your-name\"><input size=\"40\" maxlength=\"400\" class=\"wpcf7-form-control wpcf7-text wpcf7-validates-as-required\" aria-required=\"true\" aria-invalid=\"false\" placeholder=\"Nombre (requerido)\" value=\"\" type=\"text\" name=\"your-name\" \/><\/span>\n\t<\/p>\n\t<p><span class=\"wpcf7-form-control-wrap\" data-name=\"telefono\"><input size=\"40\" maxlength=\"400\" class=\"wpcf7-form-control wpcf7-tel wpcf7-validates-as-required wpcf7-text wpcf7-validates-as-tel\" aria-required=\"true\" aria-invalid=\"false\" placeholder=\"Tel\u00e9fono (requerido)\" value=\"\" type=\"tel\" name=\"telefono\" \/><\/span>\n\t<\/p>\n\t<p><span class=\"wpcf7-form-control-wrap\" data-name=\"your-email\"><input size=\"40\" maxlength=\"400\" class=\"wpcf7-form-control wpcf7-email wpcf7-validates-as-required wpcf7-text wpcf7-validates-as-email\" aria-required=\"true\" aria-invalid=\"false\" placeholder=\"Correo (requerido)\" value=\"\" type=\"email\" name=\"your-email\" \/><\/span>\n\t<\/p>\n\t<p><span class=\"wpcf7-form-control-wrap\" data-name=\"your-message\"><textarea cols=\"40\" rows=\"10\" maxlength=\"2000\" class=\"wpcf7-form-control wpcf7-textarea\" aria-invalid=\"false\" placeholder=\"Mensaje (requerido)\" name=\"your-message\"><\/textarea><\/span>\n\t<\/p>\n\t<p><input class=\"wpcf7-form-control wpcf7-submit has-spinner button\" type=\"submit\" value=\"Enviar\" \/>\n\t<\/p>\n<\/div><p style=\"display: none !important;\" class=\"akismet-fields-container\" data-prefix=\"_wpcf7_ak_\"><label>&#916;<textarea name=\"_wpcf7_ak_hp_textarea\" cols=\"45\" rows=\"8\" maxlength=\"100\"><\/textarea><\/label><input type=\"hidden\" id=\"ak_js_1\" name=\"_wpcf7_ak_js\" value=\"174\"\/><script>document.getElementById( \"ak_js_1\" ).setAttribute( \"value\", ( new Date() ).getTime() );<\/script><\/p><div class=\"wpcf7-response-output\" aria-hidden=\"true\"><\/div>\n<\/form>\n<\/div>\n\n\n\n              <\/div>\n           <\/div>\n                            \n<style>\n#text-box-39126996 {\n  width: 78%;\n}\n#text-box-39126996 .text-box-content {\n  font-size: 100%;\n}\n@media (min-width:550px) {\n  #text-box-39126996 {\n    width: 60%;\n  }\n}\n<\/style>\n    <\/div>\n \n\n        <\/div>\n      <\/div>\n\n            \n<style>\n#banner-809265945 {\n  padding-top: 511px;\n  background-color: #ff6600;\n}\n#banner-809265945 .bg.bg-loaded {\n  background-image: url(https:\/\/ikr3ativos.net\/ve\/wp-content\/uploads\/2021\/02\/Cover_4d75d4b1-6c3f-4dc7-b13b-793885cd7d5d_1024x1024.jpg);\n}\n#banner-809265945 .overlay {\n  background-color: rgba(0, 0, 0, 0.721);\n}\n@media (min-width:550px) {\n  #banner-809265945 {\n    padding-top: 50%;\n  }\n}\n<\/style>\n  <\/div>\n\n","protected":false},"excerpt":{"rendered":"","protected":false},"author":1,"featured_media":0,"parent":0,"menu_order":0,"comment_status":"closed","ping_status":"closed","template":"page-blank.php","meta":{"_acf_changed":false,"_joinchat":[],"footnotes":""},"class_list":["post-8608","page","type-page","status-publish","hentry"],"acf":[],"yoast_head":"<!-- This site is optimized with the Yoast SEO plugin v21.9 - https:\/\/yoast.com\/wordpress\/plugins\/seo\/ -->\n<title>Social Media - iKr3ativos, c.a.<\/title>\n<meta name=\"robots\" content=\"index, follow, max-snippet:-1, max-image-preview:large, max-video-preview:-1\" \/>\n<link rel=\"canonical\" href=\"https:\/\/ikr3ativos.net\/ve\/social-media\/\" \/>\n<meta property=\"og:locale\" content=\"es_ES\" \/>\n<meta property=\"og:type\" content=\"article\" \/>\n<meta property=\"og:title\" content=\"Social Media - iKr3ativos, c.a.\" \/>\n<meta property=\"og:url\" content=\"https:\/\/ikr3ativos.net\/ve\/social-media\/\" \/>\n<meta property=\"og:site_name\" content=\"iKr3ativos, c.a.\" \/>\n<meta property=\"article:modified_time\" content=\"2023-08-26T00:55:38+00:00\" \/>\n<meta name=\"twitter:card\" content=\"summary_large_image\" \/>\n<meta name=\"twitter:label1\" content=\"Tiempo de lectura\" \/>\n\t<meta name=\"twitter:data1\" content=\"3 minutos\" \/>\n<script type=\"application\/ld+json\" class=\"yoast-schema-graph\">{\"@context\":\"https:\/\/schema.org\",\"@graph\":[{\"@type\":\"WebPage\",\"@id\":\"https:\/\/ikr3ativos.net\/ve\/social-media\/\",\"url\":\"https:\/\/ikr3ativos.net\/ve\/social-media\/\",\"name\":\"Social Media - iKr3ativos, c.a.\",\"isPartOf\":{\"@id\":\"https:\/\/ikr3ativos.net\/ve\/#website\"},\"datePublished\":\"2021-02-12T15:19:40+00:00\",\"dateModified\":\"2023-08-26T00:55:38+00:00\",\"breadcrumb\":{\"@id\":\"https:\/\/ikr3ativos.net\/ve\/social-media\/#breadcrumb\"},\"inLanguage\":\"es\",\"potentialAction\":[{\"@type\":\"ReadAction\",\"target\":[\"https:\/\/ikr3ativos.net\/ve\/social-media\/\"]}]},{\"@type\":\"BreadcrumbList\",\"@id\":\"https:\/\/ikr3ativos.net\/ve\/social-media\/#breadcrumb\",\"itemListElement\":[{\"@type\":\"ListItem\",\"position\":1,\"name\":\"Portada\",\"item\":\"https:\/\/ikr3ativos.net\/ve\/\"},{\"@type\":\"ListItem\",\"position\":2,\"name\":\"Social Media\"}]},{\"@type\":\"WebSite\",\"@id\":\"https:\/\/ikr3ativos.net\/ve\/#website\",\"url\":\"https:\/\/ikr3ativos.net\/ve\/\",\"name\":\"iKr3ativos, c.a.\",\"description\":\"Estudio Gr\u00e1fico, Comunicaci\u00f3n y Medios\",\"potentialAction\":[{\"@type\":\"SearchAction\",\"target\":{\"@type\":\"EntryPoint\",\"urlTemplate\":\"https:\/\/ikr3ativos.net\/ve\/?s={search_term_string}\"},\"query-input\":\"required name=search_term_string\"}],\"inLanguage\":\"es\"}]}<\/script>\n<!-- \/ Yoast SEO plugin. -->","yoast_head_json":{"title":"Social Media - iKr3ativos, c.a.","robots":{"index":"index","follow":"follow","max-snippet":"max-snippet:-1","max-image-preview":"max-image-preview:large","max-video-preview":"max-video-preview:-1"},"canonical":"https:\/\/ikr3ativos.net\/ve\/social-media\/","og_locale":"es_ES","og_type":"article","og_title":"Social Media - iKr3ativos, c.a.","og_url":"https:\/\/ikr3ativos.net\/ve\/social-media\/","og_site_name":"iKr3ativos, c.a.","article_modified_time":"2023-08-26T00:55:38+00:00","twitter_card":"summary_large_image","twitter_misc":{"Tiempo de lectura":"3 minutos"},"schema":{"@context":"https:\/\/schema.org","@graph":[{"@type":"WebPage","@id":"https:\/\/ikr3ativos.net\/ve\/social-media\/","url":"https:\/\/ikr3ativos.net\/ve\/social-media\/","name":"Social Media - iKr3ativos, c.a.","isPartOf":{"@id":"https:\/\/ikr3ativos.net\/ve\/#website"},"datePublished":"2021-02-12T15:19:40+00:00","dateModified":"2023-08-26T00:55:38+00:00","breadcrumb":{"@id":"https:\/\/ikr3ativos.net\/ve\/social-media\/#breadcrumb"},"inLanguage":"es","potentialAction":[{"@type":"ReadAction","target":["https:\/\/ikr3ativos.net\/ve\/social-media\/"]}]},{"@type":"BreadcrumbList","@id":"https:\/\/ikr3ativos.net\/ve\/social-media\/#breadcrumb","itemListElement":[{"@type":"ListItem","position":1,"name":"Portada","item":"https:\/\/ikr3ativos.net\/ve\/"},{"@type":"ListItem","position":2,"name":"Social Media"}]},{"@type":"WebSite","@id":"https:\/\/ikr3ativos.net\/ve\/#website","url":"https:\/\/ikr3ativos.net\/ve\/","name":"iKr3ativos, c.a.","description":"Estudio Gr\u00e1fico, Comunicaci\u00f3n y Medios","potentialAction":[{"@type":"SearchAction","target":{"@type":"EntryPoint","urlTemplate":"https:\/\/ikr3ativos.net\/ve\/?s={search_term_string}"},"query-input":"required name=search_term_string"}],"inLanguage":"es"}]}},"_links":{"self":[{"href":"https:\/\/ikr3ativos.net\/ve\/wp-json\/wp\/v2\/pages\/8608","targetHints":{"allow":["GET"]}}],"collection":[{"href":"https:\/\/ikr3ativos.net\/ve\/wp-json\/wp\/v2\/pages"}],"about":[{"href":"https:\/\/ikr3ativos.net\/ve\/wp-json\/wp\/v2\/types\/page"}],"author":[{"embeddable":true,"href":"https:\/\/ikr3ativos.net\/ve\/wp-json\/wp\/v2\/users\/1"}],"replies":[{"embeddable":true,"href":"https:\/\/ikr3ativos.net\/ve\/wp-json\/wp\/v2\/comments?post=8608"}],"version-history":[{"count":9,"href":"https:\/\/ikr3ativos.net\/ve\/wp-json\/wp\/v2\/pages\/8608\/revisions"}],"predecessor-version":[{"id":8907,"href":"https:\/\/ikr3ativos.net\/ve\/wp-json\/wp\/v2\/pages\/8608\/revisions\/8907"}],"wp:attachment":[{"href":"https:\/\/ikr3ativos.net\/ve\/wp-json\/wp\/v2\/media?parent=8608"}],"curies":[{"name":"wp","href":"https:\/\/api.w.org\/{rel}","templated":true}]}}