{"id":8931,"date":"2023-09-11T20:54:22","date_gmt":"2023-09-11T20:54:22","guid":{"rendered":"https:\/\/ikr3ativos.net\/ve\/?post_type=product&#038;p=8931"},"modified":"2023-09-11T20:54:46","modified_gmt":"2023-09-11T20:54:46","slug":"emperador","status":"publish","type":"product","link":"https:\/\/ikr3ativos.net\/ve\/product\/emperador\/","title":{"rendered":"Emperador"},"content":{"rendered":"<p>Desde el terrible choque entre las tribus y las legiones hasta las bulliciosas calles de la misma Roma, Baxter relata una historia extraordinaria sobre nuestro pasado, cuando a\u00fan hab\u00eda un futuro que pod\u00eda ser cambiado.<\/p>\n<p>Esta historia empieza con un nacimiento. En la fr\u00eda frontera norte del Imperio romano, una madre moribunda que acaba de dar a luz declama unas palabras en lat\u00edn. Un idioma que jam\u00e1s hab\u00eda o\u00eddo antes, mucho menos aprendido a hablar.<br \/>\nS\u00f3lo despu\u00e9s se descubre que dichas palabras no son otra cosa que una profec\u00eda. Una profec\u00eda que habla sobre la muerte de un emperador. Una profec\u00eda que, de cumplirse, podr\u00eda cambiar el destino del Imperio, y todo el futuro hasta nuestro presente. \u00bfHay alguien retejiendo la madeja del tapiz del tiempo y tratando de cambiar el destino de los hombres?<br \/>\nCubriendo un lapso de 450 a\u00f1os, Emperador sigue a los descendientes de Nectovelin en su lucha por asegurarse de que los acontecimientos relatados en la profec\u00eda se cumplen, mientras el Imperio invade, construye muros, convierte a su pueblo al cristianismo, y finalmente desaparece de escena y deja a Britania sumida en la Edad Oscura que sigue al dominio de Roma.<\/p>\n","protected":false},"excerpt":{"rendered":"<p>Desde el terrible choque entre las tribus y las legiones hasta las bulliciosas calles de la misma Roma, Baxter relata una historia extraordinaria sobre nuestro pasado, cuando a\u00fan hab\u00eda un futuro que pod\u00eda ser cambiado. Esta historia empieza con un nacimiento. En la fr\u00eda frontera norte del Imperio romano, una madre moribunda que acaba de [&#8230;]\n","protected":false},"featured_media":8970,"comment_status":"closed","ping_status":"closed","template":"","meta":{"_acf_changed":false,"_joinchat":[]},"product_brand":[],"product_cat":[200],"product_tag":[190],"class_list":{"0":"post-8931","1":"product","2":"type-product","3":"status-publish","4":"has-post-thumbnail","6":"product_cat-sin-categorizar","7":"product_tag-novedades","9":"first","10":"instock","11":"sale","12":"sold-individually","13":"shipping-taxable","14":"purchasable","15":"product-type-simple"},"acf":[],"yoast_head":"<!-- This site is optimized with the Yoast SEO plugin v21.9 - https:\/\/yoast.com\/wordpress\/plugins\/seo\/ -->\n<title>Emperador - iKr3ativos, c.a.<\/title>\n<meta name=\"robots\" content=\"index, follow, max-snippet:-1, max-image-preview:large, max-video-preview:-1\" \/>\n<link rel=\"canonical\" href=\"https:\/\/ikr3ativos.net\/ve\/product\/emperador\/\" \/>\n<meta property=\"og:locale\" content=\"es_ES\" \/>\n<meta property=\"og:type\" content=\"article\" \/>\n<meta property=\"og:title\" content=\"Emperador - iKr3ativos, c.a.\" \/>\n<meta property=\"og:description\" content=\"Desde el terrible choque entre las tribus y las legiones hasta las bulliciosas calles de la misma Roma, Baxter relata una historia extraordinaria sobre nuestro pasado, cuando a\u00fan hab\u00eda un futuro que pod\u00eda ser cambiado. Esta historia empieza con un nacimiento. En la fr\u00eda frontera norte del Imperio romano, una madre moribunda que acaba de [...]\" \/>\n<meta property=\"og:url\" content=\"https:\/\/ikr3ativos.net\/ve\/product\/emperador\/\" \/>\n<meta property=\"og:site_name\" content=\"iKr3ativos, c.a.\" \/>\n<meta property=\"article:modified_time\" content=\"2023-09-11T20:54:46+00:00\" \/>\n<meta name=\"twitter:card\" content=\"summary_large_image\" \/>\n<meta name=\"twitter:label1\" content=\"Tiempo de lectura\" \/>\n\t<meta name=\"twitter:data1\" content=\"1 minuto\" \/>\n<script type=\"application\/ld+json\" class=\"yoast-schema-graph\">{\"@context\":\"https:\/\/schema.org\",\"@graph\":[{\"@type\":\"WebPage\",\"@id\":\"https:\/\/ikr3ativos.net\/ve\/product\/emperador\/\",\"url\":\"https:\/\/ikr3ativos.net\/ve\/product\/emperador\/\",\"name\":\"Emperador - iKr3ativos, c.a.\",\"isPartOf\":{\"@id\":\"https:\/\/ikr3ativos.net\/ve\/#website\"},\"datePublished\":\"2023-09-11T20:54:22+00:00\",\"dateModified\":\"2023-09-11T20:54:46+00:00\",\"breadcrumb\":{\"@id\":\"https:\/\/ikr3ativos.net\/ve\/product\/emperador\/#breadcrumb\"},\"inLanguage\":\"es\",\"potentialAction\":[{\"@type\":\"ReadAction\",\"target\":[\"https:\/\/ikr3ativos.net\/ve\/product\/emperador\/\"]}]},{\"@type\":\"BreadcrumbList\",\"@id\":\"https:\/\/ikr3ativos.net\/ve\/product\/emperador\/#breadcrumb\",\"itemListElement\":[{\"@type\":\"ListItem\",\"position\":1,\"name\":\"Portada\",\"item\":\"https:\/\/ikr3ativos.net\/ve\/\"},{\"@type\":\"ListItem\",\"position\":2,\"name\":\"Tienda\",\"item\":\"https:\/\/ikr3ativos.net\/ve\/tienda\/\"},{\"@type\":\"ListItem\",\"position\":3,\"name\":\"Emperador\"}]},{\"@type\":\"WebSite\",\"@id\":\"https:\/\/ikr3ativos.net\/ve\/#website\",\"url\":\"https:\/\/ikr3ativos.net\/ve\/\",\"name\":\"iKr3ativos, c.a.\",\"description\":\"Estudio Gr\u00e1fico, Comunicaci\u00f3n y Medios\",\"potentialAction\":[{\"@type\":\"SearchAction\",\"target\":{\"@type\":\"EntryPoint\",\"urlTemplate\":\"https:\/\/ikr3ativos.net\/ve\/?s={search_term_string}\"},\"query-input\":\"required name=search_term_string\"}],\"inLanguage\":\"es\"}]}<\/script>\n<!-- \/ Yoast SEO plugin. -->","yoast_head_json":{"title":"Emperador - iKr3ativos, c.a.","robots":{"index":"index","follow":"follow","max-snippet":"max-snippet:-1","max-image-preview":"max-image-preview:large","max-video-preview":"max-video-preview:-1"},"canonical":"https:\/\/ikr3ativos.net\/ve\/product\/emperador\/","og_locale":"es_ES","og_type":"article","og_title":"Emperador - iKr3ativos, c.a.","og_description":"Desde el terrible choque entre las tribus y las legiones hasta las bulliciosas calles de la misma Roma, Baxter relata una historia extraordinaria sobre nuestro pasado, cuando a\u00fan hab\u00eda un futuro que pod\u00eda ser cambiado. Esta historia empieza con un nacimiento. En la fr\u00eda frontera norte del Imperio romano, una madre moribunda que acaba de [...]","og_url":"https:\/\/ikr3ativos.net\/ve\/product\/emperador\/","og_site_name":"iKr3ativos, c.a.","article_modified_time":"2023-09-11T20:54:46+00:00","twitter_card":"summary_large_image","twitter_misc":{"Tiempo de lectura":"1 minuto"},"schema":{"@context":"https:\/\/schema.org","@graph":[{"@type":"WebPage","@id":"https:\/\/ikr3ativos.net\/ve\/product\/emperador\/","url":"https:\/\/ikr3ativos.net\/ve\/product\/emperador\/","name":"Emperador - iKr3ativos, c.a.","isPartOf":{"@id":"https:\/\/ikr3ativos.net\/ve\/#website"},"datePublished":"2023-09-11T20:54:22+00:00","dateModified":"2023-09-11T20:54:46+00:00","breadcrumb":{"@id":"https:\/\/ikr3ativos.net\/ve\/product\/emperador\/#breadcrumb"},"inLanguage":"es","potentialAction":[{"@type":"ReadAction","target":["https:\/\/ikr3ativos.net\/ve\/product\/emperador\/"]}]},{"@type":"BreadcrumbList","@id":"https:\/\/ikr3ativos.net\/ve\/product\/emperador\/#breadcrumb","itemListElement":[{"@type":"ListItem","position":1,"name":"Portada","item":"https:\/\/ikr3ativos.net\/ve\/"},{"@type":"ListItem","position":2,"name":"Tienda","item":"https:\/\/ikr3ativos.net\/ve\/tienda\/"},{"@type":"ListItem","position":3,"name":"Emperador"}]},{"@type":"WebSite","@id":"https:\/\/ikr3ativos.net\/ve\/#website","url":"https:\/\/ikr3ativos.net\/ve\/","name":"iKr3ativos, c.a.","description":"Estudio Gr\u00e1fico, Comunicaci\u00f3n y Medios","potentialAction":[{"@type":"SearchAction","target":{"@type":"EntryPoint","urlTemplate":"https:\/\/ikr3ativos.net\/ve\/?s={search_term_string}"},"query-input":"required name=search_term_string"}],"inLanguage":"es"}]}},"_links":{"self":[{"href":"https:\/\/ikr3ativos.net\/ve\/wp-json\/wp\/v2\/product\/8931","targetHints":{"allow":["GET"]}}],"collection":[{"href":"https:\/\/ikr3ativos.net\/ve\/wp-json\/wp\/v2\/product"}],"about":[{"href":"https:\/\/ikr3ativos.net\/ve\/wp-json\/wp\/v2\/types\/product"}],"replies":[{"embeddable":true,"href":"https:\/\/ikr3ativos.net\/ve\/wp-json\/wp\/v2\/comments?post=8931"}],"wp:featuredmedia":[{"embeddable":true,"href":"https:\/\/ikr3ativos.net\/ve\/wp-json\/wp\/v2\/media\/8970"}],"wp:attachment":[{"href":"https:\/\/ikr3ativos.net\/ve\/wp-json\/wp\/v2\/media?parent=8931"}],"wp:term":[{"taxonomy":"product_brand","embeddable":true,"href":"https:\/\/ikr3ativos.net\/ve\/wp-json\/wp\/v2\/product_brand?post=8931"},{"taxonomy":"product_cat","embeddable":true,"href":"https:\/\/ikr3ativos.net\/ve\/wp-json\/wp\/v2\/product_cat?post=8931"},{"taxonomy":"product_tag","embeddable":true,"href":"https:\/\/ikr3ativos.net\/ve\/wp-json\/wp\/v2\/product_tag?post=8931"}],"curies":[{"name":"wp","href":"https:\/\/api.w.org\/{rel}","templated":true}]}}