{"id":8932,"date":"2023-09-11T20:54:22","date_gmt":"2023-09-11T20:54:22","guid":{"rendered":"https:\/\/ikr3ativos.net\/ve\/?post_type=product&#038;p=8932"},"modified":"2023-09-11T20:54:48","modified_gmt":"2023-09-11T20:54:48","slug":"asedio-al-corazon","status":"publish","type":"product","link":"https:\/\/ikr3ativos.net\/ve\/product\/asedio-al-corazon\/","title":{"rendered":"Asedio al corazon"},"content":{"rendered":"<p>San Sebasti\u00e1n, 1719. Tras varias semanas de asedio, las tropas francesas entran en la ciudad. Camila de Gamboa se ve en la obligaci\u00f3n de hospedar en su casa al capit\u00e1n galo, Armand Boudreaux, y a su hermano, malherido. Debe pagar de ese modo una deuda de honor contra\u00edda por su padre, un m\u00e9dico muy apreciado. Camila tambi\u00e9n se dedica al cuidado de enfermos, aunque no parece haber heredado el don especial de su padre para curarlos.<br \/>\nEl antagonismo entre Camila y Armand es patente desde el primer momento y parece crecer d\u00eda a d\u00eda. Pero tambi\u00e9n el amor\u2026 \u00bfSer\u00e1n capaces de olvidar un pasado que los atormenta y admitir sus sentimientos?<\/p>\n","protected":false},"excerpt":{"rendered":"<p>San Sebasti\u00e1n, 1719. Tras varias semanas de asedio, las tropas francesas entran en la ciudad. Camila de Gamboa se ve en la obligaci\u00f3n de hospedar en su casa al capit\u00e1n galo, Armand Boudreaux, y a su hermano, malherido. Debe pagar de ese modo una deuda de honor contra\u00edda por su padre, un m\u00e9dico muy apreciado. [&#8230;]\n","protected":false},"featured_media":8971,"comment_status":"closed","ping_status":"closed","template":"","meta":{"_acf_changed":false,"_joinchat":[]},"product_brand":[],"product_cat":[200],"product_tag":[192],"class_list":{"0":"post-8932","1":"product","2":"type-product","3":"status-publish","4":"has-post-thumbnail","6":"product_cat-sin-categorizar","7":"product_tag-ofertas","9":"first","10":"instock","11":"sale","12":"sold-individually","13":"shipping-taxable","14":"purchasable","15":"product-type-simple"},"acf":[],"yoast_head":"<!-- This site is optimized with the Yoast SEO plugin v21.9 - https:\/\/yoast.com\/wordpress\/plugins\/seo\/ -->\n<title>Asedio al corazon - iKr3ativos, c.a.<\/title>\n<meta name=\"robots\" content=\"index, follow, max-snippet:-1, max-image-preview:large, max-video-preview:-1\" \/>\n<link rel=\"canonical\" href=\"https:\/\/ikr3ativos.net\/ve\/product\/asedio-al-corazon\/\" \/>\n<meta property=\"og:locale\" content=\"es_ES\" \/>\n<meta property=\"og:type\" content=\"article\" \/>\n<meta property=\"og:title\" content=\"Asedio al corazon - iKr3ativos, c.a.\" \/>\n<meta property=\"og:description\" content=\"San Sebasti\u00e1n, 1719. Tras varias semanas de asedio, las tropas francesas entran en la ciudad. Camila de Gamboa se ve en la obligaci\u00f3n de hospedar en su casa al capit\u00e1n galo, Armand Boudreaux, y a su hermano, malherido. Debe pagar de ese modo una deuda de honor contra\u00edda por su padre, un m\u00e9dico muy apreciado. [...]\" \/>\n<meta property=\"og:url\" content=\"https:\/\/ikr3ativos.net\/ve\/product\/asedio-al-corazon\/\" \/>\n<meta property=\"og:site_name\" content=\"iKr3ativos, c.a.\" \/>\n<meta property=\"article:modified_time\" content=\"2023-09-11T20:54:48+00:00\" \/>\n<meta name=\"twitter:card\" content=\"summary_large_image\" \/>\n<meta name=\"twitter:label1\" content=\"Tiempo de lectura\" \/>\n\t<meta name=\"twitter:data1\" content=\"1 minuto\" \/>\n<script type=\"application\/ld+json\" class=\"yoast-schema-graph\">{\"@context\":\"https:\/\/schema.org\",\"@graph\":[{\"@type\":\"WebPage\",\"@id\":\"https:\/\/ikr3ativos.net\/ve\/product\/asedio-al-corazon\/\",\"url\":\"https:\/\/ikr3ativos.net\/ve\/product\/asedio-al-corazon\/\",\"name\":\"Asedio al corazon - iKr3ativos, c.a.\",\"isPartOf\":{\"@id\":\"https:\/\/ikr3ativos.net\/ve\/#website\"},\"datePublished\":\"2023-09-11T20:54:22+00:00\",\"dateModified\":\"2023-09-11T20:54:48+00:00\",\"breadcrumb\":{\"@id\":\"https:\/\/ikr3ativos.net\/ve\/product\/asedio-al-corazon\/#breadcrumb\"},\"inLanguage\":\"es\",\"potentialAction\":[{\"@type\":\"ReadAction\",\"target\":[\"https:\/\/ikr3ativos.net\/ve\/product\/asedio-al-corazon\/\"]}]},{\"@type\":\"BreadcrumbList\",\"@id\":\"https:\/\/ikr3ativos.net\/ve\/product\/asedio-al-corazon\/#breadcrumb\",\"itemListElement\":[{\"@type\":\"ListItem\",\"position\":1,\"name\":\"Portada\",\"item\":\"https:\/\/ikr3ativos.net\/ve\/\"},{\"@type\":\"ListItem\",\"position\":2,\"name\":\"Tienda\",\"item\":\"https:\/\/ikr3ativos.net\/ve\/tienda\/\"},{\"@type\":\"ListItem\",\"position\":3,\"name\":\"Asedio al corazon\"}]},{\"@type\":\"WebSite\",\"@id\":\"https:\/\/ikr3ativos.net\/ve\/#website\",\"url\":\"https:\/\/ikr3ativos.net\/ve\/\",\"name\":\"iKr3ativos, c.a.\",\"description\":\"Estudio Gr\u00e1fico, Comunicaci\u00f3n y Medios\",\"potentialAction\":[{\"@type\":\"SearchAction\",\"target\":{\"@type\":\"EntryPoint\",\"urlTemplate\":\"https:\/\/ikr3ativos.net\/ve\/?s={search_term_string}\"},\"query-input\":\"required name=search_term_string\"}],\"inLanguage\":\"es\"}]}<\/script>\n<!-- \/ Yoast SEO plugin. -->","yoast_head_json":{"title":"Asedio al corazon - iKr3ativos, c.a.","robots":{"index":"index","follow":"follow","max-snippet":"max-snippet:-1","max-image-preview":"max-image-preview:large","max-video-preview":"max-video-preview:-1"},"canonical":"https:\/\/ikr3ativos.net\/ve\/product\/asedio-al-corazon\/","og_locale":"es_ES","og_type":"article","og_title":"Asedio al corazon - iKr3ativos, c.a.","og_description":"San Sebasti\u00e1n, 1719. Tras varias semanas de asedio, las tropas francesas entran en la ciudad. Camila de Gamboa se ve en la obligaci\u00f3n de hospedar en su casa al capit\u00e1n galo, Armand Boudreaux, y a su hermano, malherido. Debe pagar de ese modo una deuda de honor contra\u00edda por su padre, un m\u00e9dico muy apreciado. [...]","og_url":"https:\/\/ikr3ativos.net\/ve\/product\/asedio-al-corazon\/","og_site_name":"iKr3ativos, c.a.","article_modified_time":"2023-09-11T20:54:48+00:00","twitter_card":"summary_large_image","twitter_misc":{"Tiempo de lectura":"1 minuto"},"schema":{"@context":"https:\/\/schema.org","@graph":[{"@type":"WebPage","@id":"https:\/\/ikr3ativos.net\/ve\/product\/asedio-al-corazon\/","url":"https:\/\/ikr3ativos.net\/ve\/product\/asedio-al-corazon\/","name":"Asedio al corazon - iKr3ativos, c.a.","isPartOf":{"@id":"https:\/\/ikr3ativos.net\/ve\/#website"},"datePublished":"2023-09-11T20:54:22+00:00","dateModified":"2023-09-11T20:54:48+00:00","breadcrumb":{"@id":"https:\/\/ikr3ativos.net\/ve\/product\/asedio-al-corazon\/#breadcrumb"},"inLanguage":"es","potentialAction":[{"@type":"ReadAction","target":["https:\/\/ikr3ativos.net\/ve\/product\/asedio-al-corazon\/"]}]},{"@type":"BreadcrumbList","@id":"https:\/\/ikr3ativos.net\/ve\/product\/asedio-al-corazon\/#breadcrumb","itemListElement":[{"@type":"ListItem","position":1,"name":"Portada","item":"https:\/\/ikr3ativos.net\/ve\/"},{"@type":"ListItem","position":2,"name":"Tienda","item":"https:\/\/ikr3ativos.net\/ve\/tienda\/"},{"@type":"ListItem","position":3,"name":"Asedio al corazon"}]},{"@type":"WebSite","@id":"https:\/\/ikr3ativos.net\/ve\/#website","url":"https:\/\/ikr3ativos.net\/ve\/","name":"iKr3ativos, c.a.","description":"Estudio Gr\u00e1fico, Comunicaci\u00f3n y Medios","potentialAction":[{"@type":"SearchAction","target":{"@type":"EntryPoint","urlTemplate":"https:\/\/ikr3ativos.net\/ve\/?s={search_term_string}"},"query-input":"required name=search_term_string"}],"inLanguage":"es"}]}},"_links":{"self":[{"href":"https:\/\/ikr3ativos.net\/ve\/wp-json\/wp\/v2\/product\/8932","targetHints":{"allow":["GET"]}}],"collection":[{"href":"https:\/\/ikr3ativos.net\/ve\/wp-json\/wp\/v2\/product"}],"about":[{"href":"https:\/\/ikr3ativos.net\/ve\/wp-json\/wp\/v2\/types\/product"}],"replies":[{"embeddable":true,"href":"https:\/\/ikr3ativos.net\/ve\/wp-json\/wp\/v2\/comments?post=8932"}],"wp:featuredmedia":[{"embeddable":true,"href":"https:\/\/ikr3ativos.net\/ve\/wp-json\/wp\/v2\/media\/8971"}],"wp:attachment":[{"href":"https:\/\/ikr3ativos.net\/ve\/wp-json\/wp\/v2\/media?parent=8932"}],"wp:term":[{"taxonomy":"product_brand","embeddable":true,"href":"https:\/\/ikr3ativos.net\/ve\/wp-json\/wp\/v2\/product_brand?post=8932"},{"taxonomy":"product_cat","embeddable":true,"href":"https:\/\/ikr3ativos.net\/ve\/wp-json\/wp\/v2\/product_cat?post=8932"},{"taxonomy":"product_tag","embeddable":true,"href":"https:\/\/ikr3ativos.net\/ve\/wp-json\/wp\/v2\/product_tag?post=8932"}],"curies":[{"name":"wp","href":"https:\/\/api.w.org\/{rel}","templated":true}]}}