{"id":8936,"date":"2023-09-11T20:54:22","date_gmt":"2023-09-11T20:54:22","guid":{"rendered":"https:\/\/ikr3ativos.net\/ve\/?post_type=product&#038;p=8936"},"modified":"2023-09-11T20:54:55","modified_gmt":"2023-09-11T20:54:55","slug":"la-seduccion-del-vampiro","status":"publish","type":"product","link":"https:\/\/ikr3ativos.net\/ve\/product\/la-seduccion-del-vampiro\/","title":{"rendered":"La Seduccion del Vampiro"},"content":{"rendered":"<p>M\u00e1s viejo que Estados Unidos y muy rico para su edad, el playboy William Cuyler Thorne es un vampiro con una bonita y larga vida de no muerto, una vida que incluye un flujo incesante de admiradores, un suministro constante de sangre rejuvenecedora y, lo mejor de todo, una tapadera como uno de los pilares m\u00e1s eminentes de la sociedad de Savannah, Georgia.<br \/>\nAhora, un antiguo enemigo ha venido a por William. Es su sire, Reedrek, el vampiro que lo cre\u00f3. Reedrek no se detendr\u00e1 hasta que lo m\u00e1s preciado para William \u2014su hermosa amada, sus espl\u00e9ndidas propiedades y su antiguo ex alumno y compa\u00f1ero vampiro, Jack\u2014 est\u00e9n entre sus voraces garras. Pero William cuenta con su propio arsenal, mejorado por el poder del vud\u00fa. Y cuando ambos chupasangres se encuentren, saldar\u00e1n sus cuentas pendientes.<\/p>\n","protected":false},"excerpt":{"rendered":"<p>M\u00e1s viejo que Estados Unidos y muy rico para su edad, el playboy William Cuyler Thorne es un vampiro con una bonita y larga vida de no muerto, una vida que incluye un flujo incesante de admiradores, un suministro constante de sangre rejuvenecedora y, lo mejor de todo, una tapadera como uno de los pilares [&#8230;]\n","protected":false},"featured_media":8975,"comment_status":"closed","ping_status":"closed","template":"","meta":{"_acf_changed":false,"_joinchat":[]},"product_brand":[],"product_cat":[200],"product_tag":[192],"class_list":{"0":"post-8936","1":"product","2":"type-product","3":"status-publish","4":"has-post-thumbnail","6":"product_cat-sin-categorizar","7":"product_tag-ofertas","9":"first","10":"instock","11":"sale","12":"sold-individually","13":"shipping-taxable","14":"purchasable","15":"product-type-simple"},"acf":[],"yoast_head":"<!-- This site is optimized with the Yoast SEO plugin v21.9 - https:\/\/yoast.com\/wordpress\/plugins\/seo\/ -->\n<title>La Seduccion del Vampiro - iKr3ativos, c.a.<\/title>\n<meta name=\"robots\" content=\"index, follow, max-snippet:-1, max-image-preview:large, max-video-preview:-1\" \/>\n<link rel=\"canonical\" href=\"https:\/\/ikr3ativos.net\/ve\/product\/la-seduccion-del-vampiro\/\" \/>\n<meta property=\"og:locale\" content=\"es_ES\" \/>\n<meta property=\"og:type\" content=\"article\" \/>\n<meta property=\"og:title\" content=\"La Seduccion del Vampiro - iKr3ativos, c.a.\" \/>\n<meta property=\"og:description\" content=\"M\u00e1s viejo que Estados Unidos y muy rico para su edad, el playboy William Cuyler Thorne es un vampiro con una bonita y larga vida de no muerto, una vida que incluye un flujo incesante de admiradores, un suministro constante de sangre rejuvenecedora y, lo mejor de todo, una tapadera como uno de los pilares [...]\" \/>\n<meta property=\"og:url\" content=\"https:\/\/ikr3ativos.net\/ve\/product\/la-seduccion-del-vampiro\/\" \/>\n<meta property=\"og:site_name\" content=\"iKr3ativos, c.a.\" \/>\n<meta property=\"article:modified_time\" content=\"2023-09-11T20:54:55+00:00\" \/>\n<meta name=\"twitter:card\" content=\"summary_large_image\" \/>\n<meta name=\"twitter:label1\" content=\"Tiempo de lectura\" \/>\n\t<meta name=\"twitter:data1\" content=\"1 minuto\" \/>\n<script type=\"application\/ld+json\" class=\"yoast-schema-graph\">{\"@context\":\"https:\/\/schema.org\",\"@graph\":[{\"@type\":\"WebPage\",\"@id\":\"https:\/\/ikr3ativos.net\/ve\/product\/la-seduccion-del-vampiro\/\",\"url\":\"https:\/\/ikr3ativos.net\/ve\/product\/la-seduccion-del-vampiro\/\",\"name\":\"La Seduccion del Vampiro - iKr3ativos, c.a.\",\"isPartOf\":{\"@id\":\"https:\/\/ikr3ativos.net\/ve\/#website\"},\"datePublished\":\"2023-09-11T20:54:22+00:00\",\"dateModified\":\"2023-09-11T20:54:55+00:00\",\"breadcrumb\":{\"@id\":\"https:\/\/ikr3ativos.net\/ve\/product\/la-seduccion-del-vampiro\/#breadcrumb\"},\"inLanguage\":\"es\",\"potentialAction\":[{\"@type\":\"ReadAction\",\"target\":[\"https:\/\/ikr3ativos.net\/ve\/product\/la-seduccion-del-vampiro\/\"]}]},{\"@type\":\"BreadcrumbList\",\"@id\":\"https:\/\/ikr3ativos.net\/ve\/product\/la-seduccion-del-vampiro\/#breadcrumb\",\"itemListElement\":[{\"@type\":\"ListItem\",\"position\":1,\"name\":\"Portada\",\"item\":\"https:\/\/ikr3ativos.net\/ve\/\"},{\"@type\":\"ListItem\",\"position\":2,\"name\":\"Tienda\",\"item\":\"https:\/\/ikr3ativos.net\/ve\/tienda\/\"},{\"@type\":\"ListItem\",\"position\":3,\"name\":\"La Seduccion del Vampiro\"}]},{\"@type\":\"WebSite\",\"@id\":\"https:\/\/ikr3ativos.net\/ve\/#website\",\"url\":\"https:\/\/ikr3ativos.net\/ve\/\",\"name\":\"iKr3ativos, c.a.\",\"description\":\"Estudio Gr\u00e1fico, Comunicaci\u00f3n y Medios\",\"potentialAction\":[{\"@type\":\"SearchAction\",\"target\":{\"@type\":\"EntryPoint\",\"urlTemplate\":\"https:\/\/ikr3ativos.net\/ve\/?s={search_term_string}\"},\"query-input\":\"required name=search_term_string\"}],\"inLanguage\":\"es\"}]}<\/script>\n<!-- \/ Yoast SEO plugin. -->","yoast_head_json":{"title":"La Seduccion del Vampiro - iKr3ativos, c.a.","robots":{"index":"index","follow":"follow","max-snippet":"max-snippet:-1","max-image-preview":"max-image-preview:large","max-video-preview":"max-video-preview:-1"},"canonical":"https:\/\/ikr3ativos.net\/ve\/product\/la-seduccion-del-vampiro\/","og_locale":"es_ES","og_type":"article","og_title":"La Seduccion del Vampiro - iKr3ativos, c.a.","og_description":"M\u00e1s viejo que Estados Unidos y muy rico para su edad, el playboy William Cuyler Thorne es un vampiro con una bonita y larga vida de no muerto, una vida que incluye un flujo incesante de admiradores, un suministro constante de sangre rejuvenecedora y, lo mejor de todo, una tapadera como uno de los pilares [...]","og_url":"https:\/\/ikr3ativos.net\/ve\/product\/la-seduccion-del-vampiro\/","og_site_name":"iKr3ativos, c.a.","article_modified_time":"2023-09-11T20:54:55+00:00","twitter_card":"summary_large_image","twitter_misc":{"Tiempo de lectura":"1 minuto"},"schema":{"@context":"https:\/\/schema.org","@graph":[{"@type":"WebPage","@id":"https:\/\/ikr3ativos.net\/ve\/product\/la-seduccion-del-vampiro\/","url":"https:\/\/ikr3ativos.net\/ve\/product\/la-seduccion-del-vampiro\/","name":"La Seduccion del Vampiro - iKr3ativos, c.a.","isPartOf":{"@id":"https:\/\/ikr3ativos.net\/ve\/#website"},"datePublished":"2023-09-11T20:54:22+00:00","dateModified":"2023-09-11T20:54:55+00:00","breadcrumb":{"@id":"https:\/\/ikr3ativos.net\/ve\/product\/la-seduccion-del-vampiro\/#breadcrumb"},"inLanguage":"es","potentialAction":[{"@type":"ReadAction","target":["https:\/\/ikr3ativos.net\/ve\/product\/la-seduccion-del-vampiro\/"]}]},{"@type":"BreadcrumbList","@id":"https:\/\/ikr3ativos.net\/ve\/product\/la-seduccion-del-vampiro\/#breadcrumb","itemListElement":[{"@type":"ListItem","position":1,"name":"Portada","item":"https:\/\/ikr3ativos.net\/ve\/"},{"@type":"ListItem","position":2,"name":"Tienda","item":"https:\/\/ikr3ativos.net\/ve\/tienda\/"},{"@type":"ListItem","position":3,"name":"La Seduccion del Vampiro"}]},{"@type":"WebSite","@id":"https:\/\/ikr3ativos.net\/ve\/#website","url":"https:\/\/ikr3ativos.net\/ve\/","name":"iKr3ativos, c.a.","description":"Estudio Gr\u00e1fico, Comunicaci\u00f3n y Medios","potentialAction":[{"@type":"SearchAction","target":{"@type":"EntryPoint","urlTemplate":"https:\/\/ikr3ativos.net\/ve\/?s={search_term_string}"},"query-input":"required name=search_term_string"}],"inLanguage":"es"}]}},"_links":{"self":[{"href":"https:\/\/ikr3ativos.net\/ve\/wp-json\/wp\/v2\/product\/8936","targetHints":{"allow":["GET"]}}],"collection":[{"href":"https:\/\/ikr3ativos.net\/ve\/wp-json\/wp\/v2\/product"}],"about":[{"href":"https:\/\/ikr3ativos.net\/ve\/wp-json\/wp\/v2\/types\/product"}],"replies":[{"embeddable":true,"href":"https:\/\/ikr3ativos.net\/ve\/wp-json\/wp\/v2\/comments?post=8936"}],"wp:featuredmedia":[{"embeddable":true,"href":"https:\/\/ikr3ativos.net\/ve\/wp-json\/wp\/v2\/media\/8975"}],"wp:attachment":[{"href":"https:\/\/ikr3ativos.net\/ve\/wp-json\/wp\/v2\/media?parent=8936"}],"wp:term":[{"taxonomy":"product_brand","embeddable":true,"href":"https:\/\/ikr3ativos.net\/ve\/wp-json\/wp\/v2\/product_brand?post=8936"},{"taxonomy":"product_cat","embeddable":true,"href":"https:\/\/ikr3ativos.net\/ve\/wp-json\/wp\/v2\/product_cat?post=8936"},{"taxonomy":"product_tag","embeddable":true,"href":"https:\/\/ikr3ativos.net\/ve\/wp-json\/wp\/v2\/product_tag?post=8936"}],"curies":[{"name":"wp","href":"https:\/\/api.w.org\/{rel}","templated":true}]}}