{"id":8938,"date":"2023-09-11T20:54:22","date_gmt":"2023-09-11T20:54:22","guid":{"rendered":"https:\/\/ikr3ativos.net\/ve\/?post_type=product&#038;p=8938"},"modified":"2023-09-11T20:54:58","modified_gmt":"2023-09-11T20:54:58","slug":"la-mujer-del-collar","status":"publish","type":"product","link":"https:\/\/ikr3ativos.net\/ve\/product\/la-mujer-del-collar\/","title":{"rendered":"La mujer del collar"},"content":{"rendered":"<p>La nueva aventura de la detective Regan Reilly, el delicioso personaje creado por Carol Higgins Clark, la lleva en esta ocasi\u00f3n hasta un para\u00edso tur\u00edstico&#8230; que puede convertirse f\u00e1cilmente en un infierno. Cuando Regan acepta la invitaci\u00f3n de su amiga Kit para pasar unos d\u00edas en el resort de Waikiki Waters, en Hawai, influyen varios factores: la promesa de fiesta, el clima, las playas&#8230; y el cad\u00e1ver que acaba de llegar a la orilla llevando un valioso collar robado a\u00f1os atr\u00e1s del museo de la isla. Los sospechosos de haber asesinado a Dorinda son numerosos: turistas exc\u00e9ntricos, millonarios seductores con negocios poco claros&#8230; incluso el atento gerente del hotel. Kit le hab\u00eda prometido a Regan un fin de semana con emociones y, quiz\u00e1s a su pesar, ambas van a conseguirlo. Una nueva novela de Carol Higgins Clark que mantiene los ingredientes de sus anteriores \u00e9xitos: estilo, humor, intriga y personajes curiosos e inolvidables.<\/p>\n","protected":false},"excerpt":{"rendered":"<p>La nueva aventura de la detective Regan Reilly, el delicioso personaje creado por Carol Higgins Clark, la lleva en esta ocasi\u00f3n hasta un para\u00edso tur\u00edstico&#8230; que puede convertirse f\u00e1cilmente en un infierno. Cuando Regan acepta la invitaci\u00f3n de su amiga Kit para pasar unos d\u00edas en el resort de Waikiki Waters, en Hawai, influyen varios [&#8230;]\n","protected":false},"featured_media":8977,"comment_status":"closed","ping_status":"closed","template":"","meta":{"_acf_changed":false,"_joinchat":[]},"product_brand":[],"product_cat":[200],"product_tag":[],"class_list":{"0":"post-8938","1":"product","2":"type-product","3":"status-publish","4":"has-post-thumbnail","6":"product_cat-sin-categorizar","8":"first","9":"instock","10":"sale","11":"sold-individually","12":"shipping-taxable","13":"purchasable","14":"product-type-simple"},"acf":[],"yoast_head":"<!-- This site is optimized with the Yoast SEO plugin v21.9 - https:\/\/yoast.com\/wordpress\/plugins\/seo\/ -->\n<title>La mujer del collar - iKr3ativos, c.a.<\/title>\n<meta name=\"robots\" content=\"index, follow, max-snippet:-1, max-image-preview:large, max-video-preview:-1\" \/>\n<link rel=\"canonical\" href=\"https:\/\/ikr3ativos.net\/ve\/product\/la-mujer-del-collar\/\" \/>\n<meta property=\"og:locale\" content=\"es_ES\" \/>\n<meta property=\"og:type\" content=\"article\" \/>\n<meta property=\"og:title\" content=\"La mujer del collar - iKr3ativos, c.a.\" \/>\n<meta property=\"og:description\" content=\"La nueva aventura de la detective Regan Reilly, el delicioso personaje creado por Carol Higgins Clark, la lleva en esta ocasi\u00f3n hasta un para\u00edso tur\u00edstico&#8230; que puede convertirse f\u00e1cilmente en un infierno. Cuando Regan acepta la invitaci\u00f3n de su amiga Kit para pasar unos d\u00edas en el resort de Waikiki Waters, en Hawai, influyen varios [...]\" \/>\n<meta property=\"og:url\" content=\"https:\/\/ikr3ativos.net\/ve\/product\/la-mujer-del-collar\/\" \/>\n<meta property=\"og:site_name\" content=\"iKr3ativos, c.a.\" \/>\n<meta property=\"article:modified_time\" content=\"2023-09-11T20:54:58+00:00\" \/>\n<meta name=\"twitter:card\" content=\"summary_large_image\" \/>\n<meta name=\"twitter:label1\" content=\"Tiempo de lectura\" \/>\n\t<meta name=\"twitter:data1\" content=\"1 minuto\" \/>\n<script type=\"application\/ld+json\" class=\"yoast-schema-graph\">{\"@context\":\"https:\/\/schema.org\",\"@graph\":[{\"@type\":\"WebPage\",\"@id\":\"https:\/\/ikr3ativos.net\/ve\/product\/la-mujer-del-collar\/\",\"url\":\"https:\/\/ikr3ativos.net\/ve\/product\/la-mujer-del-collar\/\",\"name\":\"La mujer del collar - iKr3ativos, c.a.\",\"isPartOf\":{\"@id\":\"https:\/\/ikr3ativos.net\/ve\/#website\"},\"datePublished\":\"2023-09-11T20:54:22+00:00\",\"dateModified\":\"2023-09-11T20:54:58+00:00\",\"breadcrumb\":{\"@id\":\"https:\/\/ikr3ativos.net\/ve\/product\/la-mujer-del-collar\/#breadcrumb\"},\"inLanguage\":\"es\",\"potentialAction\":[{\"@type\":\"ReadAction\",\"target\":[\"https:\/\/ikr3ativos.net\/ve\/product\/la-mujer-del-collar\/\"]}]},{\"@type\":\"BreadcrumbList\",\"@id\":\"https:\/\/ikr3ativos.net\/ve\/product\/la-mujer-del-collar\/#breadcrumb\",\"itemListElement\":[{\"@type\":\"ListItem\",\"position\":1,\"name\":\"Portada\",\"item\":\"https:\/\/ikr3ativos.net\/ve\/\"},{\"@type\":\"ListItem\",\"position\":2,\"name\":\"Tienda\",\"item\":\"https:\/\/ikr3ativos.net\/ve\/tienda\/\"},{\"@type\":\"ListItem\",\"position\":3,\"name\":\"La mujer del collar\"}]},{\"@type\":\"WebSite\",\"@id\":\"https:\/\/ikr3ativos.net\/ve\/#website\",\"url\":\"https:\/\/ikr3ativos.net\/ve\/\",\"name\":\"iKr3ativos, c.a.\",\"description\":\"Estudio Gr\u00e1fico, Comunicaci\u00f3n y Medios\",\"potentialAction\":[{\"@type\":\"SearchAction\",\"target\":{\"@type\":\"EntryPoint\",\"urlTemplate\":\"https:\/\/ikr3ativos.net\/ve\/?s={search_term_string}\"},\"query-input\":\"required name=search_term_string\"}],\"inLanguage\":\"es\"}]}<\/script>\n<!-- \/ Yoast SEO plugin. -->","yoast_head_json":{"title":"La mujer del collar - iKr3ativos, c.a.","robots":{"index":"index","follow":"follow","max-snippet":"max-snippet:-1","max-image-preview":"max-image-preview:large","max-video-preview":"max-video-preview:-1"},"canonical":"https:\/\/ikr3ativos.net\/ve\/product\/la-mujer-del-collar\/","og_locale":"es_ES","og_type":"article","og_title":"La mujer del collar - iKr3ativos, c.a.","og_description":"La nueva aventura de la detective Regan Reilly, el delicioso personaje creado por Carol Higgins Clark, la lleva en esta ocasi\u00f3n hasta un para\u00edso tur\u00edstico&#8230; que puede convertirse f\u00e1cilmente en un infierno. Cuando Regan acepta la invitaci\u00f3n de su amiga Kit para pasar unos d\u00edas en el resort de Waikiki Waters, en Hawai, influyen varios [...]","og_url":"https:\/\/ikr3ativos.net\/ve\/product\/la-mujer-del-collar\/","og_site_name":"iKr3ativos, c.a.","article_modified_time":"2023-09-11T20:54:58+00:00","twitter_card":"summary_large_image","twitter_misc":{"Tiempo de lectura":"1 minuto"},"schema":{"@context":"https:\/\/schema.org","@graph":[{"@type":"WebPage","@id":"https:\/\/ikr3ativos.net\/ve\/product\/la-mujer-del-collar\/","url":"https:\/\/ikr3ativos.net\/ve\/product\/la-mujer-del-collar\/","name":"La mujer del collar - iKr3ativos, c.a.","isPartOf":{"@id":"https:\/\/ikr3ativos.net\/ve\/#website"},"datePublished":"2023-09-11T20:54:22+00:00","dateModified":"2023-09-11T20:54:58+00:00","breadcrumb":{"@id":"https:\/\/ikr3ativos.net\/ve\/product\/la-mujer-del-collar\/#breadcrumb"},"inLanguage":"es","potentialAction":[{"@type":"ReadAction","target":["https:\/\/ikr3ativos.net\/ve\/product\/la-mujer-del-collar\/"]}]},{"@type":"BreadcrumbList","@id":"https:\/\/ikr3ativos.net\/ve\/product\/la-mujer-del-collar\/#breadcrumb","itemListElement":[{"@type":"ListItem","position":1,"name":"Portada","item":"https:\/\/ikr3ativos.net\/ve\/"},{"@type":"ListItem","position":2,"name":"Tienda","item":"https:\/\/ikr3ativos.net\/ve\/tienda\/"},{"@type":"ListItem","position":3,"name":"La mujer del collar"}]},{"@type":"WebSite","@id":"https:\/\/ikr3ativos.net\/ve\/#website","url":"https:\/\/ikr3ativos.net\/ve\/","name":"iKr3ativos, c.a.","description":"Estudio Gr\u00e1fico, Comunicaci\u00f3n y Medios","potentialAction":[{"@type":"SearchAction","target":{"@type":"EntryPoint","urlTemplate":"https:\/\/ikr3ativos.net\/ve\/?s={search_term_string}"},"query-input":"required name=search_term_string"}],"inLanguage":"es"}]}},"_links":{"self":[{"href":"https:\/\/ikr3ativos.net\/ve\/wp-json\/wp\/v2\/product\/8938","targetHints":{"allow":["GET"]}}],"collection":[{"href":"https:\/\/ikr3ativos.net\/ve\/wp-json\/wp\/v2\/product"}],"about":[{"href":"https:\/\/ikr3ativos.net\/ve\/wp-json\/wp\/v2\/types\/product"}],"replies":[{"embeddable":true,"href":"https:\/\/ikr3ativos.net\/ve\/wp-json\/wp\/v2\/comments?post=8938"}],"wp:featuredmedia":[{"embeddable":true,"href":"https:\/\/ikr3ativos.net\/ve\/wp-json\/wp\/v2\/media\/8977"}],"wp:attachment":[{"href":"https:\/\/ikr3ativos.net\/ve\/wp-json\/wp\/v2\/media?parent=8938"}],"wp:term":[{"taxonomy":"product_brand","embeddable":true,"href":"https:\/\/ikr3ativos.net\/ve\/wp-json\/wp\/v2\/product_brand?post=8938"},{"taxonomy":"product_cat","embeddable":true,"href":"https:\/\/ikr3ativos.net\/ve\/wp-json\/wp\/v2\/product_cat?post=8938"},{"taxonomy":"product_tag","embeddable":true,"href":"https:\/\/ikr3ativos.net\/ve\/wp-json\/wp\/v2\/product_tag?post=8938"}],"curies":[{"name":"wp","href":"https:\/\/api.w.org\/{rel}","templated":true}]}}