{"id":8941,"date":"2023-09-11T20:54:22","date_gmt":"2023-09-11T20:54:22","guid":{"rendered":"https:\/\/ikr3ativos.net\/ve\/?post_type=product&#038;p=8941"},"modified":"2023-09-11T20:55:04","modified_gmt":"2023-09-11T20:55:04","slug":"la-otra-bolena","status":"publish","type":"product","link":"https:\/\/ikr3ativos.net\/ve\/product\/la-otra-bolena\/","title":{"rendered":"La otra Bolena"},"content":{"rendered":"<p style=\"text-align: left;\">Mar\u00eda Bolena tiene apenas catorce a\u00f1os cuando inicia un romance ad\u00faltero con el rey Enrique VIII. Esta relaci\u00f3n durar\u00e1 varios a\u00f1os y fruto de ella nacer\u00e1n dos hijos. Sin embargo, las cosas cambian cuando su astuta y perversa hermana Ana pasa a ser confidente y consejera del rey. Poco a poco tambi\u00e9n lograr\u00e1 convertirse en su amante y tramar\u00e1 un plan para deshacerse de la reina Catalina de Arag\u00f3n.<br \/>\nEn esta fascinante novela ganadora del premio Parker, la novelista inglesa Philippa Gregory reconstruye un episodio poco a poco conocido de la vida Ana Bolena: la feroz rivalidad que hubo entre ella y su hermana por conquistar el coraz\u00f3n del rey Enrique VIII. Con gran rigor hist\u00f3rico, la autora nos transporta a los elegantes escenarios dieciochescos y nos sumerge en las pasiones de unos personajes perdidos entre sus sentimientos m\u00e1s \u00edntimos y su ineludible papel social.<\/p>\n","protected":false},"excerpt":{"rendered":"<p>Mar\u00eda Bolena tiene apenas catorce a\u00f1os cuando inicia un romance ad\u00faltero con el rey Enrique VIII. Esta relaci\u00f3n durar\u00e1 varios a\u00f1os y fruto de ella nacer\u00e1n dos hijos. Sin embargo, las cosas cambian cuando su astuta y perversa hermana Ana pasa a ser confidente y consejera del rey. Poco a poco tambi\u00e9n lograr\u00e1 convertirse en [&#8230;]\n","protected":false},"featured_media":8980,"comment_status":"closed","ping_status":"closed","template":"","meta":{"_acf_changed":false,"_joinchat":[]},"product_brand":[],"product_cat":[200],"product_tag":[],"class_list":{"0":"post-8941","1":"product","2":"type-product","3":"status-publish","4":"has-post-thumbnail","6":"product_cat-sin-categorizar","8":"first","9":"instock","10":"sale","11":"sold-individually","12":"shipping-taxable","13":"purchasable","14":"product-type-simple"},"acf":[],"yoast_head":"<!-- This site is optimized with the Yoast SEO plugin v21.9 - https:\/\/yoast.com\/wordpress\/plugins\/seo\/ -->\n<title>La otra Bolena - iKr3ativos, c.a.<\/title>\n<meta name=\"robots\" content=\"index, follow, max-snippet:-1, max-image-preview:large, max-video-preview:-1\" \/>\n<link rel=\"canonical\" href=\"https:\/\/ikr3ativos.net\/ve\/product\/la-otra-bolena\/\" \/>\n<meta property=\"og:locale\" content=\"es_ES\" \/>\n<meta property=\"og:type\" content=\"article\" \/>\n<meta property=\"og:title\" content=\"La otra Bolena - iKr3ativos, c.a.\" \/>\n<meta property=\"og:description\" content=\"Mar\u00eda Bolena tiene apenas catorce a\u00f1os cuando inicia un romance ad\u00faltero con el rey Enrique VIII. Esta relaci\u00f3n durar\u00e1 varios a\u00f1os y fruto de ella nacer\u00e1n dos hijos. Sin embargo, las cosas cambian cuando su astuta y perversa hermana Ana pasa a ser confidente y consejera del rey. Poco a poco tambi\u00e9n lograr\u00e1 convertirse en [...]\" \/>\n<meta property=\"og:url\" content=\"https:\/\/ikr3ativos.net\/ve\/product\/la-otra-bolena\/\" \/>\n<meta property=\"og:site_name\" content=\"iKr3ativos, c.a.\" \/>\n<meta property=\"article:modified_time\" content=\"2023-09-11T20:55:04+00:00\" \/>\n<meta name=\"twitter:card\" content=\"summary_large_image\" \/>\n<meta name=\"twitter:label1\" content=\"Tiempo de lectura\" \/>\n\t<meta name=\"twitter:data1\" content=\"1 minuto\" \/>\n<script type=\"application\/ld+json\" class=\"yoast-schema-graph\">{\"@context\":\"https:\/\/schema.org\",\"@graph\":[{\"@type\":\"WebPage\",\"@id\":\"https:\/\/ikr3ativos.net\/ve\/product\/la-otra-bolena\/\",\"url\":\"https:\/\/ikr3ativos.net\/ve\/product\/la-otra-bolena\/\",\"name\":\"La otra Bolena - iKr3ativos, c.a.\",\"isPartOf\":{\"@id\":\"https:\/\/ikr3ativos.net\/ve\/#website\"},\"datePublished\":\"2023-09-11T20:54:22+00:00\",\"dateModified\":\"2023-09-11T20:55:04+00:00\",\"breadcrumb\":{\"@id\":\"https:\/\/ikr3ativos.net\/ve\/product\/la-otra-bolena\/#breadcrumb\"},\"inLanguage\":\"es\",\"potentialAction\":[{\"@type\":\"ReadAction\",\"target\":[\"https:\/\/ikr3ativos.net\/ve\/product\/la-otra-bolena\/\"]}]},{\"@type\":\"BreadcrumbList\",\"@id\":\"https:\/\/ikr3ativos.net\/ve\/product\/la-otra-bolena\/#breadcrumb\",\"itemListElement\":[{\"@type\":\"ListItem\",\"position\":1,\"name\":\"Portada\",\"item\":\"https:\/\/ikr3ativos.net\/ve\/\"},{\"@type\":\"ListItem\",\"position\":2,\"name\":\"Tienda\",\"item\":\"https:\/\/ikr3ativos.net\/ve\/tienda\/\"},{\"@type\":\"ListItem\",\"position\":3,\"name\":\"La otra Bolena\"}]},{\"@type\":\"WebSite\",\"@id\":\"https:\/\/ikr3ativos.net\/ve\/#website\",\"url\":\"https:\/\/ikr3ativos.net\/ve\/\",\"name\":\"iKr3ativos, c.a.\",\"description\":\"Estudio Gr\u00e1fico, Comunicaci\u00f3n y Medios\",\"potentialAction\":[{\"@type\":\"SearchAction\",\"target\":{\"@type\":\"EntryPoint\",\"urlTemplate\":\"https:\/\/ikr3ativos.net\/ve\/?s={search_term_string}\"},\"query-input\":\"required name=search_term_string\"}],\"inLanguage\":\"es\"}]}<\/script>\n<!-- \/ Yoast SEO plugin. -->","yoast_head_json":{"title":"La otra Bolena - iKr3ativos, c.a.","robots":{"index":"index","follow":"follow","max-snippet":"max-snippet:-1","max-image-preview":"max-image-preview:large","max-video-preview":"max-video-preview:-1"},"canonical":"https:\/\/ikr3ativos.net\/ve\/product\/la-otra-bolena\/","og_locale":"es_ES","og_type":"article","og_title":"La otra Bolena - iKr3ativos, c.a.","og_description":"Mar\u00eda Bolena tiene apenas catorce a\u00f1os cuando inicia un romance ad\u00faltero con el rey Enrique VIII. Esta relaci\u00f3n durar\u00e1 varios a\u00f1os y fruto de ella nacer\u00e1n dos hijos. Sin embargo, las cosas cambian cuando su astuta y perversa hermana Ana pasa a ser confidente y consejera del rey. Poco a poco tambi\u00e9n lograr\u00e1 convertirse en [...]","og_url":"https:\/\/ikr3ativos.net\/ve\/product\/la-otra-bolena\/","og_site_name":"iKr3ativos, c.a.","article_modified_time":"2023-09-11T20:55:04+00:00","twitter_card":"summary_large_image","twitter_misc":{"Tiempo de lectura":"1 minuto"},"schema":{"@context":"https:\/\/schema.org","@graph":[{"@type":"WebPage","@id":"https:\/\/ikr3ativos.net\/ve\/product\/la-otra-bolena\/","url":"https:\/\/ikr3ativos.net\/ve\/product\/la-otra-bolena\/","name":"La otra Bolena - iKr3ativos, c.a.","isPartOf":{"@id":"https:\/\/ikr3ativos.net\/ve\/#website"},"datePublished":"2023-09-11T20:54:22+00:00","dateModified":"2023-09-11T20:55:04+00:00","breadcrumb":{"@id":"https:\/\/ikr3ativos.net\/ve\/product\/la-otra-bolena\/#breadcrumb"},"inLanguage":"es","potentialAction":[{"@type":"ReadAction","target":["https:\/\/ikr3ativos.net\/ve\/product\/la-otra-bolena\/"]}]},{"@type":"BreadcrumbList","@id":"https:\/\/ikr3ativos.net\/ve\/product\/la-otra-bolena\/#breadcrumb","itemListElement":[{"@type":"ListItem","position":1,"name":"Portada","item":"https:\/\/ikr3ativos.net\/ve\/"},{"@type":"ListItem","position":2,"name":"Tienda","item":"https:\/\/ikr3ativos.net\/ve\/tienda\/"},{"@type":"ListItem","position":3,"name":"La otra Bolena"}]},{"@type":"WebSite","@id":"https:\/\/ikr3ativos.net\/ve\/#website","url":"https:\/\/ikr3ativos.net\/ve\/","name":"iKr3ativos, c.a.","description":"Estudio Gr\u00e1fico, Comunicaci\u00f3n y Medios","potentialAction":[{"@type":"SearchAction","target":{"@type":"EntryPoint","urlTemplate":"https:\/\/ikr3ativos.net\/ve\/?s={search_term_string}"},"query-input":"required name=search_term_string"}],"inLanguage":"es"}]}},"_links":{"self":[{"href":"https:\/\/ikr3ativos.net\/ve\/wp-json\/wp\/v2\/product\/8941","targetHints":{"allow":["GET"]}}],"collection":[{"href":"https:\/\/ikr3ativos.net\/ve\/wp-json\/wp\/v2\/product"}],"about":[{"href":"https:\/\/ikr3ativos.net\/ve\/wp-json\/wp\/v2\/types\/product"}],"replies":[{"embeddable":true,"href":"https:\/\/ikr3ativos.net\/ve\/wp-json\/wp\/v2\/comments?post=8941"}],"wp:featuredmedia":[{"embeddable":true,"href":"https:\/\/ikr3ativos.net\/ve\/wp-json\/wp\/v2\/media\/8980"}],"wp:attachment":[{"href":"https:\/\/ikr3ativos.net\/ve\/wp-json\/wp\/v2\/media?parent=8941"}],"wp:term":[{"taxonomy":"product_brand","embeddable":true,"href":"https:\/\/ikr3ativos.net\/ve\/wp-json\/wp\/v2\/product_brand?post=8941"},{"taxonomy":"product_cat","embeddable":true,"href":"https:\/\/ikr3ativos.net\/ve\/wp-json\/wp\/v2\/product_cat?post=8941"},{"taxonomy":"product_tag","embeddable":true,"href":"https:\/\/ikr3ativos.net\/ve\/wp-json\/wp\/v2\/product_tag?post=8941"}],"curies":[{"name":"wp","href":"https:\/\/api.w.org\/{rel}","templated":true}]}}