{"id":8942,"date":"2023-09-11T20:54:22","date_gmt":"2023-09-11T20:54:22","guid":{"rendered":"https:\/\/ikr3ativos.net\/ve\/?post_type=product&#038;p=8942"},"modified":"2023-09-11T20:55:06","modified_gmt":"2023-09-11T20:55:06","slug":"desaparecida","status":"publish","type":"product","link":"https:\/\/ikr3ativos.net\/ve\/product\/desaparecida\/","title":{"rendered":"Desaparecida"},"content":{"rendered":"<p style=\"text-align: left;\">La hija de seis a\u00f1os de Sarah Mason, Lexie, desapareci\u00f3 durante un paseo por un parque de Beaufort, Carolina del Sur. A pesar de la b\u00fasqueda exhaustiva nunca apareci\u00f3, y Sarah sigui\u00f3 adelante con su vida lo mejor que pudo. Una calurosa noche de julio, Sarah recibe una llamada. Al levantar el auricular oye una voz de ni\u00f1a que, aterrorizada, susurra: \u00abAy\u00fadame, mam\u00e1, ven y ll\u00e9vame contigo.\u00bb La comunicaci\u00f3n se corta. Sarah ha reconocido la voz de Lexie. Han pasado diez a\u00f1os, pero su voz sonaba exactamente igual que entonces. Desesperada, Sarah comprueba que ni la polic\u00eda, ni el FBI, ni su familia, ni sus amigos pueden ayudarla. Recurre entonces a Jake Hogan, un detective que en su d\u00eda fue asignado al caso Lexie. Jake se muestra esc\u00e9ptico, pero la atracci\u00f3n que le inspira Sarah lo impulsa a ayudarla&#8230;<\/p>\n","protected":false},"excerpt":{"rendered":"<p>La hija de seis a\u00f1os de Sarah Mason, Lexie, desapareci\u00f3 durante un paseo por un parque de Beaufort, Carolina del Sur. A pesar de la b\u00fasqueda exhaustiva nunca apareci\u00f3, y Sarah sigui\u00f3 adelante con su vida lo mejor que pudo. Una calurosa noche de julio, Sarah recibe una llamada. Al levantar el auricular oye una [&#8230;]\n","protected":false},"featured_media":8981,"comment_status":"closed","ping_status":"closed","template":"","meta":{"_acf_changed":false,"_joinchat":[]},"product_brand":[],"product_cat":[200],"product_tag":[],"class_list":{"0":"post-8942","1":"product","2":"type-product","3":"status-publish","4":"has-post-thumbnail","6":"product_cat-sin-categorizar","8":"first","9":"instock","10":"sale","11":"sold-individually","12":"shipping-taxable","13":"purchasable","14":"product-type-simple"},"acf":[],"yoast_head":"<!-- This site is optimized with the Yoast SEO plugin v21.9 - https:\/\/yoast.com\/wordpress\/plugins\/seo\/ -->\n<title>Desaparecida - iKr3ativos, c.a.<\/title>\n<meta name=\"robots\" content=\"index, follow, max-snippet:-1, max-image-preview:large, max-video-preview:-1\" \/>\n<link rel=\"canonical\" href=\"https:\/\/ikr3ativos.net\/ve\/product\/desaparecida\/\" \/>\n<meta property=\"og:locale\" content=\"es_ES\" \/>\n<meta property=\"og:type\" content=\"article\" \/>\n<meta property=\"og:title\" content=\"Desaparecida - iKr3ativos, c.a.\" \/>\n<meta property=\"og:description\" content=\"La hija de seis a\u00f1os de Sarah Mason, Lexie, desapareci\u00f3 durante un paseo por un parque de Beaufort, Carolina del Sur. A pesar de la b\u00fasqueda exhaustiva nunca apareci\u00f3, y Sarah sigui\u00f3 adelante con su vida lo mejor que pudo. Una calurosa noche de julio, Sarah recibe una llamada. Al levantar el auricular oye una [...]\" \/>\n<meta property=\"og:url\" content=\"https:\/\/ikr3ativos.net\/ve\/product\/desaparecida\/\" \/>\n<meta property=\"og:site_name\" content=\"iKr3ativos, c.a.\" \/>\n<meta property=\"article:modified_time\" content=\"2023-09-11T20:55:06+00:00\" \/>\n<meta name=\"twitter:card\" content=\"summary_large_image\" \/>\n<meta name=\"twitter:label1\" content=\"Tiempo de lectura\" \/>\n\t<meta name=\"twitter:data1\" content=\"1 minuto\" \/>\n<script type=\"application\/ld+json\" class=\"yoast-schema-graph\">{\"@context\":\"https:\/\/schema.org\",\"@graph\":[{\"@type\":\"WebPage\",\"@id\":\"https:\/\/ikr3ativos.net\/ve\/product\/desaparecida\/\",\"url\":\"https:\/\/ikr3ativos.net\/ve\/product\/desaparecida\/\",\"name\":\"Desaparecida - iKr3ativos, c.a.\",\"isPartOf\":{\"@id\":\"https:\/\/ikr3ativos.net\/ve\/#website\"},\"datePublished\":\"2023-09-11T20:54:22+00:00\",\"dateModified\":\"2023-09-11T20:55:06+00:00\",\"breadcrumb\":{\"@id\":\"https:\/\/ikr3ativos.net\/ve\/product\/desaparecida\/#breadcrumb\"},\"inLanguage\":\"es\",\"potentialAction\":[{\"@type\":\"ReadAction\",\"target\":[\"https:\/\/ikr3ativos.net\/ve\/product\/desaparecida\/\"]}]},{\"@type\":\"BreadcrumbList\",\"@id\":\"https:\/\/ikr3ativos.net\/ve\/product\/desaparecida\/#breadcrumb\",\"itemListElement\":[{\"@type\":\"ListItem\",\"position\":1,\"name\":\"Portada\",\"item\":\"https:\/\/ikr3ativos.net\/ve\/\"},{\"@type\":\"ListItem\",\"position\":2,\"name\":\"Tienda\",\"item\":\"https:\/\/ikr3ativos.net\/ve\/tienda\/\"},{\"@type\":\"ListItem\",\"position\":3,\"name\":\"Desaparecida\"}]},{\"@type\":\"WebSite\",\"@id\":\"https:\/\/ikr3ativos.net\/ve\/#website\",\"url\":\"https:\/\/ikr3ativos.net\/ve\/\",\"name\":\"iKr3ativos, c.a.\",\"description\":\"Estudio Gr\u00e1fico, Comunicaci\u00f3n y Medios\",\"potentialAction\":[{\"@type\":\"SearchAction\",\"target\":{\"@type\":\"EntryPoint\",\"urlTemplate\":\"https:\/\/ikr3ativos.net\/ve\/?s={search_term_string}\"},\"query-input\":\"required name=search_term_string\"}],\"inLanguage\":\"es\"}]}<\/script>\n<!-- \/ Yoast SEO plugin. -->","yoast_head_json":{"title":"Desaparecida - iKr3ativos, c.a.","robots":{"index":"index","follow":"follow","max-snippet":"max-snippet:-1","max-image-preview":"max-image-preview:large","max-video-preview":"max-video-preview:-1"},"canonical":"https:\/\/ikr3ativos.net\/ve\/product\/desaparecida\/","og_locale":"es_ES","og_type":"article","og_title":"Desaparecida - iKr3ativos, c.a.","og_description":"La hija de seis a\u00f1os de Sarah Mason, Lexie, desapareci\u00f3 durante un paseo por un parque de Beaufort, Carolina del Sur. A pesar de la b\u00fasqueda exhaustiva nunca apareci\u00f3, y Sarah sigui\u00f3 adelante con su vida lo mejor que pudo. Una calurosa noche de julio, Sarah recibe una llamada. Al levantar el auricular oye una [...]","og_url":"https:\/\/ikr3ativos.net\/ve\/product\/desaparecida\/","og_site_name":"iKr3ativos, c.a.","article_modified_time":"2023-09-11T20:55:06+00:00","twitter_card":"summary_large_image","twitter_misc":{"Tiempo de lectura":"1 minuto"},"schema":{"@context":"https:\/\/schema.org","@graph":[{"@type":"WebPage","@id":"https:\/\/ikr3ativos.net\/ve\/product\/desaparecida\/","url":"https:\/\/ikr3ativos.net\/ve\/product\/desaparecida\/","name":"Desaparecida - iKr3ativos, c.a.","isPartOf":{"@id":"https:\/\/ikr3ativos.net\/ve\/#website"},"datePublished":"2023-09-11T20:54:22+00:00","dateModified":"2023-09-11T20:55:06+00:00","breadcrumb":{"@id":"https:\/\/ikr3ativos.net\/ve\/product\/desaparecida\/#breadcrumb"},"inLanguage":"es","potentialAction":[{"@type":"ReadAction","target":["https:\/\/ikr3ativos.net\/ve\/product\/desaparecida\/"]}]},{"@type":"BreadcrumbList","@id":"https:\/\/ikr3ativos.net\/ve\/product\/desaparecida\/#breadcrumb","itemListElement":[{"@type":"ListItem","position":1,"name":"Portada","item":"https:\/\/ikr3ativos.net\/ve\/"},{"@type":"ListItem","position":2,"name":"Tienda","item":"https:\/\/ikr3ativos.net\/ve\/tienda\/"},{"@type":"ListItem","position":3,"name":"Desaparecida"}]},{"@type":"WebSite","@id":"https:\/\/ikr3ativos.net\/ve\/#website","url":"https:\/\/ikr3ativos.net\/ve\/","name":"iKr3ativos, c.a.","description":"Estudio Gr\u00e1fico, Comunicaci\u00f3n y Medios","potentialAction":[{"@type":"SearchAction","target":{"@type":"EntryPoint","urlTemplate":"https:\/\/ikr3ativos.net\/ve\/?s={search_term_string}"},"query-input":"required name=search_term_string"}],"inLanguage":"es"}]}},"_links":{"self":[{"href":"https:\/\/ikr3ativos.net\/ve\/wp-json\/wp\/v2\/product\/8942","targetHints":{"allow":["GET"]}}],"collection":[{"href":"https:\/\/ikr3ativos.net\/ve\/wp-json\/wp\/v2\/product"}],"about":[{"href":"https:\/\/ikr3ativos.net\/ve\/wp-json\/wp\/v2\/types\/product"}],"replies":[{"embeddable":true,"href":"https:\/\/ikr3ativos.net\/ve\/wp-json\/wp\/v2\/comments?post=8942"}],"wp:featuredmedia":[{"embeddable":true,"href":"https:\/\/ikr3ativos.net\/ve\/wp-json\/wp\/v2\/media\/8981"}],"wp:attachment":[{"href":"https:\/\/ikr3ativos.net\/ve\/wp-json\/wp\/v2\/media?parent=8942"}],"wp:term":[{"taxonomy":"product_brand","embeddable":true,"href":"https:\/\/ikr3ativos.net\/ve\/wp-json\/wp\/v2\/product_brand?post=8942"},{"taxonomy":"product_cat","embeddable":true,"href":"https:\/\/ikr3ativos.net\/ve\/wp-json\/wp\/v2\/product_cat?post=8942"},{"taxonomy":"product_tag","embeddable":true,"href":"https:\/\/ikr3ativos.net\/ve\/wp-json\/wp\/v2\/product_tag?post=8942"}],"curies":[{"name":"wp","href":"https:\/\/api.w.org\/{rel}","templated":true}]}}