{"id":8945,"date":"2023-09-11T20:54:23","date_gmt":"2023-09-11T20:54:23","guid":{"rendered":"https:\/\/ikr3ativos.net\/ve\/?post_type=product&#038;p=8945"},"modified":"2023-09-11T20:55:13","modified_gmt":"2023-09-11T20:55:13","slug":"despedida","status":"publish","type":"product","link":"https:\/\/ikr3ativos.net\/ve\/product\/despedida\/","title":{"rendered":"Despedida"},"content":{"rendered":"<p>Bianca ha abandonado Medianoche y se ha unido a la Cruz Negra, la organizaci\u00f3n mundial de cazadores de vampiros. Su nueva vida no es precisamente f\u00e1cil: bajo la tutela de Kate y Eduardo, debe entrenarse con disciplina militar, cuidando de que nadie descubra sus poderes sobrenaturales. Solo hay algo que la reconforta: la compa\u00f1\u00eda de Lucas, su gran amor y \u00fanico confidente, con quien ya ha empezado a planear una nueva huida.<\/p>\n<p>Pero lo que Bianca no sabe es que, por muy lejos que vaya, hay algo de lo que nunca podr\u00e1 escapar: su destino&#8230;<\/p>\n<p>&#8220;En cuanto nos estiramos, Lucas ech\u00f3 su manta sobre los dos y se acurruc\u00f3 contra m\u00ed, pegando el est\u00f3mago a mi espalda. Su brazo descansaba en mi cintura y pod\u00eda sentir su respiraci\u00f3n en la nuca.<\/p>\n<p>Cerre los ojos, disfrutando del momento. Ojal\u00e1 estuvieramos solos. Ojal\u00e1 no estuviera todav\u00eda tan afectada por el ataque y por la captura de Balthazar. Ojal\u00e1 mi cuerpo no temblara de miedo. Habr\u00eda sido delicioso.<\/p>\n<p>Lucas me bes\u00f3 dulcemente en la nuca. Sab\u00eda que estaba intentando decirme que ya se nos ocurrir\u00eda algo. Pero yo sab\u00eda tan bien como el que lo ten\u00edamos muy<\/p>\n","protected":false},"excerpt":{"rendered":"<p>Bianca ha abandonado Medianoche y se ha unido a la Cruz Negra, la organizaci\u00f3n mundial de cazadores de vampiros. Su nueva vida no es precisamente f\u00e1cil: bajo la tutela de Kate y Eduardo, debe entrenarse con disciplina militar, cuidando de que nadie descubra sus poderes sobrenaturales. Solo hay algo que la reconforta: la compa\u00f1\u00eda de [&#8230;]\n","protected":false},"featured_media":8996,"comment_status":"closed","ping_status":"closed","template":"","meta":{"_acf_changed":false,"_joinchat":[]},"product_brand":[],"product_cat":[200],"product_tag":[],"class_list":{"0":"post-8945","1":"product","2":"type-product","3":"status-publish","4":"has-post-thumbnail","6":"product_cat-sin-categorizar","8":"first","9":"instock","10":"sale","11":"sold-individually","12":"shipping-taxable","13":"purchasable","14":"product-type-simple"},"acf":[],"yoast_head":"<!-- This site is optimized with the Yoast SEO plugin v21.9 - https:\/\/yoast.com\/wordpress\/plugins\/seo\/ -->\n<title>Despedida - iKr3ativos, c.a.<\/title>\n<meta name=\"robots\" content=\"index, follow, max-snippet:-1, max-image-preview:large, max-video-preview:-1\" \/>\n<link rel=\"canonical\" href=\"https:\/\/ikr3ativos.net\/ve\/product\/despedida\/\" \/>\n<meta property=\"og:locale\" content=\"es_ES\" \/>\n<meta property=\"og:type\" content=\"article\" \/>\n<meta property=\"og:title\" content=\"Despedida - iKr3ativos, c.a.\" \/>\n<meta property=\"og:description\" content=\"Bianca ha abandonado Medianoche y se ha unido a la Cruz Negra, la organizaci\u00f3n mundial de cazadores de vampiros. Su nueva vida no es precisamente f\u00e1cil: bajo la tutela de Kate y Eduardo, debe entrenarse con disciplina militar, cuidando de que nadie descubra sus poderes sobrenaturales. Solo hay algo que la reconforta: la compa\u00f1\u00eda de [...]\" \/>\n<meta property=\"og:url\" content=\"https:\/\/ikr3ativos.net\/ve\/product\/despedida\/\" \/>\n<meta property=\"og:site_name\" content=\"iKr3ativos, c.a.\" \/>\n<meta property=\"article:modified_time\" content=\"2023-09-11T20:55:13+00:00\" \/>\n<meta name=\"twitter:card\" content=\"summary_large_image\" \/>\n<meta name=\"twitter:label1\" content=\"Tiempo de lectura\" \/>\n\t<meta name=\"twitter:data1\" content=\"1 minuto\" \/>\n<script type=\"application\/ld+json\" class=\"yoast-schema-graph\">{\"@context\":\"https:\/\/schema.org\",\"@graph\":[{\"@type\":\"WebPage\",\"@id\":\"https:\/\/ikr3ativos.net\/ve\/product\/despedida\/\",\"url\":\"https:\/\/ikr3ativos.net\/ve\/product\/despedida\/\",\"name\":\"Despedida - iKr3ativos, c.a.\",\"isPartOf\":{\"@id\":\"https:\/\/ikr3ativos.net\/ve\/#website\"},\"datePublished\":\"2023-09-11T20:54:23+00:00\",\"dateModified\":\"2023-09-11T20:55:13+00:00\",\"breadcrumb\":{\"@id\":\"https:\/\/ikr3ativos.net\/ve\/product\/despedida\/#breadcrumb\"},\"inLanguage\":\"es\",\"potentialAction\":[{\"@type\":\"ReadAction\",\"target\":[\"https:\/\/ikr3ativos.net\/ve\/product\/despedida\/\"]}]},{\"@type\":\"BreadcrumbList\",\"@id\":\"https:\/\/ikr3ativos.net\/ve\/product\/despedida\/#breadcrumb\",\"itemListElement\":[{\"@type\":\"ListItem\",\"position\":1,\"name\":\"Portada\",\"item\":\"https:\/\/ikr3ativos.net\/ve\/\"},{\"@type\":\"ListItem\",\"position\":2,\"name\":\"Tienda\",\"item\":\"https:\/\/ikr3ativos.net\/ve\/tienda\/\"},{\"@type\":\"ListItem\",\"position\":3,\"name\":\"Despedida\"}]},{\"@type\":\"WebSite\",\"@id\":\"https:\/\/ikr3ativos.net\/ve\/#website\",\"url\":\"https:\/\/ikr3ativos.net\/ve\/\",\"name\":\"iKr3ativos, c.a.\",\"description\":\"Estudio Gr\u00e1fico, Comunicaci\u00f3n y Medios\",\"potentialAction\":[{\"@type\":\"SearchAction\",\"target\":{\"@type\":\"EntryPoint\",\"urlTemplate\":\"https:\/\/ikr3ativos.net\/ve\/?s={search_term_string}\"},\"query-input\":\"required name=search_term_string\"}],\"inLanguage\":\"es\"}]}<\/script>\n<!-- \/ Yoast SEO plugin. -->","yoast_head_json":{"title":"Despedida - iKr3ativos, c.a.","robots":{"index":"index","follow":"follow","max-snippet":"max-snippet:-1","max-image-preview":"max-image-preview:large","max-video-preview":"max-video-preview:-1"},"canonical":"https:\/\/ikr3ativos.net\/ve\/product\/despedida\/","og_locale":"es_ES","og_type":"article","og_title":"Despedida - iKr3ativos, c.a.","og_description":"Bianca ha abandonado Medianoche y se ha unido a la Cruz Negra, la organizaci\u00f3n mundial de cazadores de vampiros. Su nueva vida no es precisamente f\u00e1cil: bajo la tutela de Kate y Eduardo, debe entrenarse con disciplina militar, cuidando de que nadie descubra sus poderes sobrenaturales. Solo hay algo que la reconforta: la compa\u00f1\u00eda de [...]","og_url":"https:\/\/ikr3ativos.net\/ve\/product\/despedida\/","og_site_name":"iKr3ativos, c.a.","article_modified_time":"2023-09-11T20:55:13+00:00","twitter_card":"summary_large_image","twitter_misc":{"Tiempo de lectura":"1 minuto"},"schema":{"@context":"https:\/\/schema.org","@graph":[{"@type":"WebPage","@id":"https:\/\/ikr3ativos.net\/ve\/product\/despedida\/","url":"https:\/\/ikr3ativos.net\/ve\/product\/despedida\/","name":"Despedida - iKr3ativos, c.a.","isPartOf":{"@id":"https:\/\/ikr3ativos.net\/ve\/#website"},"datePublished":"2023-09-11T20:54:23+00:00","dateModified":"2023-09-11T20:55:13+00:00","breadcrumb":{"@id":"https:\/\/ikr3ativos.net\/ve\/product\/despedida\/#breadcrumb"},"inLanguage":"es","potentialAction":[{"@type":"ReadAction","target":["https:\/\/ikr3ativos.net\/ve\/product\/despedida\/"]}]},{"@type":"BreadcrumbList","@id":"https:\/\/ikr3ativos.net\/ve\/product\/despedida\/#breadcrumb","itemListElement":[{"@type":"ListItem","position":1,"name":"Portada","item":"https:\/\/ikr3ativos.net\/ve\/"},{"@type":"ListItem","position":2,"name":"Tienda","item":"https:\/\/ikr3ativos.net\/ve\/tienda\/"},{"@type":"ListItem","position":3,"name":"Despedida"}]},{"@type":"WebSite","@id":"https:\/\/ikr3ativos.net\/ve\/#website","url":"https:\/\/ikr3ativos.net\/ve\/","name":"iKr3ativos, c.a.","description":"Estudio Gr\u00e1fico, Comunicaci\u00f3n y Medios","potentialAction":[{"@type":"SearchAction","target":{"@type":"EntryPoint","urlTemplate":"https:\/\/ikr3ativos.net\/ve\/?s={search_term_string}"},"query-input":"required name=search_term_string"}],"inLanguage":"es"}]}},"_links":{"self":[{"href":"https:\/\/ikr3ativos.net\/ve\/wp-json\/wp\/v2\/product\/8945","targetHints":{"allow":["GET"]}}],"collection":[{"href":"https:\/\/ikr3ativos.net\/ve\/wp-json\/wp\/v2\/product"}],"about":[{"href":"https:\/\/ikr3ativos.net\/ve\/wp-json\/wp\/v2\/types\/product"}],"replies":[{"embeddable":true,"href":"https:\/\/ikr3ativos.net\/ve\/wp-json\/wp\/v2\/comments?post=8945"}],"wp:featuredmedia":[{"embeddable":true,"href":"https:\/\/ikr3ativos.net\/ve\/wp-json\/wp\/v2\/media\/8996"}],"wp:attachment":[{"href":"https:\/\/ikr3ativos.net\/ve\/wp-json\/wp\/v2\/media?parent=8945"}],"wp:term":[{"taxonomy":"product_brand","embeddable":true,"href":"https:\/\/ikr3ativos.net\/ve\/wp-json\/wp\/v2\/product_brand?post=8945"},{"taxonomy":"product_cat","embeddable":true,"href":"https:\/\/ikr3ativos.net\/ve\/wp-json\/wp\/v2\/product_cat?post=8945"},{"taxonomy":"product_tag","embeddable":true,"href":"https:\/\/ikr3ativos.net\/ve\/wp-json\/wp\/v2\/product_tag?post=8945"}],"curies":[{"name":"wp","href":"https:\/\/api.w.org\/{rel}","templated":true}]}}