{"id":8946,"date":"2023-09-11T20:54:23","date_gmt":"2023-09-11T20:54:23","guid":{"rendered":"https:\/\/ikr3ativos.net\/ve\/?post_type=product&#038;p=8946"},"modified":"2023-09-11T20:55:15","modified_gmt":"2023-09-11T20:55:15","slug":"seductora-inocencia","status":"publish","type":"product","link":"https:\/\/ikr3ativos.net\/ve\/product\/seductora-inocencia\/","title":{"rendered":"Seductora Inocencia"},"content":{"rendered":"<p>Robert Knight, duque de Hawkscliffe, es uno de los hombres m\u00e1s ricos y poderosos de Inglaterra, un perfecto caballero de coraz\u00f3n noble. Acaba de perder a su mujer a la que, desde la distancia, amaba. Sospecha que fue asesinada y quiere desenmascarar al asesino, a cualquier precio. La ruina de su familia y el acoso de un hombre han obligado a Belinda Hamilton a tomar la decisi\u00f3n m\u00e1s dif\u00edcil de su vida. Jam\u00e1s habr\u00eda imaginado que acabar\u00eda convirti\u00e9ndose en la cortesana m\u00e1s deseada de la alta sociedad londinense. Y la m\u00e1s inalcanzable: todav\u00eda no ha cedido a los ruegos de sus numerosos pretendientes. \u00c9l es el perfecto caballero; ella, el \u00e1ngel ca\u00eddo, y los dos tienen algo en com\u00fan: el hombre que ha causado su desgracia. Unidos por la venganza, entre ellos nacer\u00e1 un amor que rompe con todas las normas de una sociedad muy estricta con las apariencias. Gaelen Foley es licenciada en literatura inglesa y autora de siete best sellers de novela rom\u00e1ntica. La venganza los uni\u00f3, \u00bflos separar\u00e1 el amor?<\/p>\n","protected":false},"excerpt":{"rendered":"<p>Robert Knight, duque de Hawkscliffe, es uno de los hombres m\u00e1s ricos y poderosos de Inglaterra, un perfecto caballero de coraz\u00f3n noble. Acaba de perder a su mujer a la que, desde la distancia, amaba. Sospecha que fue asesinada y quiere desenmascarar al asesino, a cualquier precio. La ruina de su familia y el acoso [&#8230;]\n","protected":false},"featured_media":8997,"comment_status":"closed","ping_status":"closed","template":"","meta":{"_acf_changed":false,"_joinchat":[]},"product_brand":[],"product_cat":[200],"product_tag":[],"class_list":{"0":"post-8946","1":"product","2":"type-product","3":"status-publish","4":"has-post-thumbnail","6":"product_cat-sin-categorizar","8":"first","9":"instock","10":"sale","11":"sold-individually","12":"shipping-taxable","13":"purchasable","14":"product-type-simple"},"acf":[],"yoast_head":"<!-- This site is optimized with the Yoast SEO plugin v21.9 - https:\/\/yoast.com\/wordpress\/plugins\/seo\/ -->\n<title>Seductora Inocencia - iKr3ativos, c.a.<\/title>\n<meta name=\"robots\" content=\"index, follow, max-snippet:-1, max-image-preview:large, max-video-preview:-1\" \/>\n<link rel=\"canonical\" href=\"https:\/\/ikr3ativos.net\/ve\/product\/seductora-inocencia\/\" \/>\n<meta property=\"og:locale\" content=\"es_ES\" \/>\n<meta property=\"og:type\" content=\"article\" \/>\n<meta property=\"og:title\" content=\"Seductora Inocencia - iKr3ativos, c.a.\" \/>\n<meta property=\"og:description\" content=\"Robert Knight, duque de Hawkscliffe, es uno de los hombres m\u00e1s ricos y poderosos de Inglaterra, un perfecto caballero de coraz\u00f3n noble. Acaba de perder a su mujer a la que, desde la distancia, amaba. Sospecha que fue asesinada y quiere desenmascarar al asesino, a cualquier precio. La ruina de su familia y el acoso [...]\" \/>\n<meta property=\"og:url\" content=\"https:\/\/ikr3ativos.net\/ve\/product\/seductora-inocencia\/\" \/>\n<meta property=\"og:site_name\" content=\"iKr3ativos, c.a.\" \/>\n<meta property=\"article:modified_time\" content=\"2023-09-11T20:55:15+00:00\" \/>\n<meta name=\"twitter:card\" content=\"summary_large_image\" \/>\n<meta name=\"twitter:label1\" content=\"Tiempo de lectura\" \/>\n\t<meta name=\"twitter:data1\" content=\"1 minuto\" \/>\n<script type=\"application\/ld+json\" class=\"yoast-schema-graph\">{\"@context\":\"https:\/\/schema.org\",\"@graph\":[{\"@type\":\"WebPage\",\"@id\":\"https:\/\/ikr3ativos.net\/ve\/product\/seductora-inocencia\/\",\"url\":\"https:\/\/ikr3ativos.net\/ve\/product\/seductora-inocencia\/\",\"name\":\"Seductora Inocencia - iKr3ativos, c.a.\",\"isPartOf\":{\"@id\":\"https:\/\/ikr3ativos.net\/ve\/#website\"},\"datePublished\":\"2023-09-11T20:54:23+00:00\",\"dateModified\":\"2023-09-11T20:55:15+00:00\",\"breadcrumb\":{\"@id\":\"https:\/\/ikr3ativos.net\/ve\/product\/seductora-inocencia\/#breadcrumb\"},\"inLanguage\":\"es\",\"potentialAction\":[{\"@type\":\"ReadAction\",\"target\":[\"https:\/\/ikr3ativos.net\/ve\/product\/seductora-inocencia\/\"]}]},{\"@type\":\"BreadcrumbList\",\"@id\":\"https:\/\/ikr3ativos.net\/ve\/product\/seductora-inocencia\/#breadcrumb\",\"itemListElement\":[{\"@type\":\"ListItem\",\"position\":1,\"name\":\"Portada\",\"item\":\"https:\/\/ikr3ativos.net\/ve\/\"},{\"@type\":\"ListItem\",\"position\":2,\"name\":\"Tienda\",\"item\":\"https:\/\/ikr3ativos.net\/ve\/tienda\/\"},{\"@type\":\"ListItem\",\"position\":3,\"name\":\"Seductora Inocencia\"}]},{\"@type\":\"WebSite\",\"@id\":\"https:\/\/ikr3ativos.net\/ve\/#website\",\"url\":\"https:\/\/ikr3ativos.net\/ve\/\",\"name\":\"iKr3ativos, c.a.\",\"description\":\"Estudio Gr\u00e1fico, Comunicaci\u00f3n y Medios\",\"potentialAction\":[{\"@type\":\"SearchAction\",\"target\":{\"@type\":\"EntryPoint\",\"urlTemplate\":\"https:\/\/ikr3ativos.net\/ve\/?s={search_term_string}\"},\"query-input\":\"required name=search_term_string\"}],\"inLanguage\":\"es\"}]}<\/script>\n<!-- \/ Yoast SEO plugin. -->","yoast_head_json":{"title":"Seductora Inocencia - iKr3ativos, c.a.","robots":{"index":"index","follow":"follow","max-snippet":"max-snippet:-1","max-image-preview":"max-image-preview:large","max-video-preview":"max-video-preview:-1"},"canonical":"https:\/\/ikr3ativos.net\/ve\/product\/seductora-inocencia\/","og_locale":"es_ES","og_type":"article","og_title":"Seductora Inocencia - iKr3ativos, c.a.","og_description":"Robert Knight, duque de Hawkscliffe, es uno de los hombres m\u00e1s ricos y poderosos de Inglaterra, un perfecto caballero de coraz\u00f3n noble. Acaba de perder a su mujer a la que, desde la distancia, amaba. Sospecha que fue asesinada y quiere desenmascarar al asesino, a cualquier precio. La ruina de su familia y el acoso [...]","og_url":"https:\/\/ikr3ativos.net\/ve\/product\/seductora-inocencia\/","og_site_name":"iKr3ativos, c.a.","article_modified_time":"2023-09-11T20:55:15+00:00","twitter_card":"summary_large_image","twitter_misc":{"Tiempo de lectura":"1 minuto"},"schema":{"@context":"https:\/\/schema.org","@graph":[{"@type":"WebPage","@id":"https:\/\/ikr3ativos.net\/ve\/product\/seductora-inocencia\/","url":"https:\/\/ikr3ativos.net\/ve\/product\/seductora-inocencia\/","name":"Seductora Inocencia - iKr3ativos, c.a.","isPartOf":{"@id":"https:\/\/ikr3ativos.net\/ve\/#website"},"datePublished":"2023-09-11T20:54:23+00:00","dateModified":"2023-09-11T20:55:15+00:00","breadcrumb":{"@id":"https:\/\/ikr3ativos.net\/ve\/product\/seductora-inocencia\/#breadcrumb"},"inLanguage":"es","potentialAction":[{"@type":"ReadAction","target":["https:\/\/ikr3ativos.net\/ve\/product\/seductora-inocencia\/"]}]},{"@type":"BreadcrumbList","@id":"https:\/\/ikr3ativos.net\/ve\/product\/seductora-inocencia\/#breadcrumb","itemListElement":[{"@type":"ListItem","position":1,"name":"Portada","item":"https:\/\/ikr3ativos.net\/ve\/"},{"@type":"ListItem","position":2,"name":"Tienda","item":"https:\/\/ikr3ativos.net\/ve\/tienda\/"},{"@type":"ListItem","position":3,"name":"Seductora Inocencia"}]},{"@type":"WebSite","@id":"https:\/\/ikr3ativos.net\/ve\/#website","url":"https:\/\/ikr3ativos.net\/ve\/","name":"iKr3ativos, c.a.","description":"Estudio Gr\u00e1fico, Comunicaci\u00f3n y Medios","potentialAction":[{"@type":"SearchAction","target":{"@type":"EntryPoint","urlTemplate":"https:\/\/ikr3ativos.net\/ve\/?s={search_term_string}"},"query-input":"required name=search_term_string"}],"inLanguage":"es"}]}},"_links":{"self":[{"href":"https:\/\/ikr3ativos.net\/ve\/wp-json\/wp\/v2\/product\/8946","targetHints":{"allow":["GET"]}}],"collection":[{"href":"https:\/\/ikr3ativos.net\/ve\/wp-json\/wp\/v2\/product"}],"about":[{"href":"https:\/\/ikr3ativos.net\/ve\/wp-json\/wp\/v2\/types\/product"}],"replies":[{"embeddable":true,"href":"https:\/\/ikr3ativos.net\/ve\/wp-json\/wp\/v2\/comments?post=8946"}],"wp:featuredmedia":[{"embeddable":true,"href":"https:\/\/ikr3ativos.net\/ve\/wp-json\/wp\/v2\/media\/8997"}],"wp:attachment":[{"href":"https:\/\/ikr3ativos.net\/ve\/wp-json\/wp\/v2\/media?parent=8946"}],"wp:term":[{"taxonomy":"product_brand","embeddable":true,"href":"https:\/\/ikr3ativos.net\/ve\/wp-json\/wp\/v2\/product_brand?post=8946"},{"taxonomy":"product_cat","embeddable":true,"href":"https:\/\/ikr3ativos.net\/ve\/wp-json\/wp\/v2\/product_cat?post=8946"},{"taxonomy":"product_tag","embeddable":true,"href":"https:\/\/ikr3ativos.net\/ve\/wp-json\/wp\/v2\/product_tag?post=8946"}],"curies":[{"name":"wp","href":"https:\/\/api.w.org\/{rel}","templated":true}]}}