{"id":8947,"date":"2023-09-11T20:54:23","date_gmt":"2023-09-11T20:54:23","guid":{"rendered":"https:\/\/ikr3ativos.net\/ve\/?post_type=product&#038;p=8947"},"modified":"2023-09-11T20:55:17","modified_gmt":"2023-09-11T20:55:17","slug":"deseos-prohibidos","status":"publish","type":"product","link":"https:\/\/ikr3ativos.net\/ve\/product\/deseos-prohibidos\/","title":{"rendered":"Deseos Prohibidos"},"content":{"rendered":"<p>Pocos conocen su verdadero nombre y origen. Para todos es Billy Blade, el jefe de una banda de ladrones que opera en los bajos fondos de Londres. Esta noche ha encontrado en su territorio a una joven de la aristocracia que se niega a decirle qui\u00e9n es, y solo le pide que la ayude a fugarse a Par\u00eds. Tal vez lo haga; \u00e9l sabe lo que es huir de un pasado doloroso. De naturaleza apasionada y rebelde, lady Jacinda Knight ha decidido desafiar a todos con su escapada. No dejar\u00e1 que su hermano Robert imponga su voluntad oblig\u00e1ndola a casarse sin amor. Y por fin dar\u00e1 un motivo del que hablar a quienes han esperado, desde siempre, que Jacinda repita los esc\u00e1ndalos que protagoniz\u00f3 su madre. Una vez m\u00e1s, Gaelen Foley recrea con maestr\u00eda la \u00e9poca de la Regencia, desde los oscuros y peligrosos callejones de los barrios bajos hasta los resplandecientes salones de baile de la alta sociedad, en una espl\u00e9ndida historia de amor y deseos prohibidos.<\/p>\n","protected":false},"excerpt":{"rendered":"<p>Pocos conocen su verdadero nombre y origen. Para todos es Billy Blade, el jefe de una banda de ladrones que opera en los bajos fondos de Londres. Esta noche ha encontrado en su territorio a una joven de la aristocracia que se niega a decirle qui\u00e9n es, y solo le pide que la ayude a [&#8230;]\n","protected":false},"featured_media":8998,"comment_status":"closed","ping_status":"closed","template":"","meta":{"_acf_changed":false,"_joinchat":[]},"product_brand":[],"product_cat":[200],"product_tag":[],"class_list":{"0":"post-8947","1":"product","2":"type-product","3":"status-publish","4":"has-post-thumbnail","6":"product_cat-sin-categorizar","8":"first","9":"instock","10":"sale","11":"sold-individually","12":"shipping-taxable","13":"purchasable","14":"product-type-simple"},"acf":[],"yoast_head":"<!-- This site is optimized with the Yoast SEO plugin v21.9 - https:\/\/yoast.com\/wordpress\/plugins\/seo\/ -->\n<title>Deseos Prohibidos - iKr3ativos, c.a.<\/title>\n<meta name=\"robots\" content=\"index, follow, max-snippet:-1, max-image-preview:large, max-video-preview:-1\" \/>\n<link rel=\"canonical\" href=\"https:\/\/ikr3ativos.net\/ve\/product\/deseos-prohibidos\/\" \/>\n<meta property=\"og:locale\" content=\"es_ES\" \/>\n<meta property=\"og:type\" content=\"article\" \/>\n<meta property=\"og:title\" content=\"Deseos Prohibidos - iKr3ativos, c.a.\" \/>\n<meta property=\"og:description\" content=\"Pocos conocen su verdadero nombre y origen. Para todos es Billy Blade, el jefe de una banda de ladrones que opera en los bajos fondos de Londres. Esta noche ha encontrado en su territorio a una joven de la aristocracia que se niega a decirle qui\u00e9n es, y solo le pide que la ayude a [...]\" \/>\n<meta property=\"og:url\" content=\"https:\/\/ikr3ativos.net\/ve\/product\/deseos-prohibidos\/\" \/>\n<meta property=\"og:site_name\" content=\"iKr3ativos, c.a.\" \/>\n<meta property=\"article:modified_time\" content=\"2023-09-11T20:55:17+00:00\" \/>\n<meta name=\"twitter:card\" content=\"summary_large_image\" \/>\n<meta name=\"twitter:label1\" content=\"Tiempo de lectura\" \/>\n\t<meta name=\"twitter:data1\" content=\"1 minuto\" \/>\n<script type=\"application\/ld+json\" class=\"yoast-schema-graph\">{\"@context\":\"https:\/\/schema.org\",\"@graph\":[{\"@type\":\"WebPage\",\"@id\":\"https:\/\/ikr3ativos.net\/ve\/product\/deseos-prohibidos\/\",\"url\":\"https:\/\/ikr3ativos.net\/ve\/product\/deseos-prohibidos\/\",\"name\":\"Deseos Prohibidos - iKr3ativos, c.a.\",\"isPartOf\":{\"@id\":\"https:\/\/ikr3ativos.net\/ve\/#website\"},\"datePublished\":\"2023-09-11T20:54:23+00:00\",\"dateModified\":\"2023-09-11T20:55:17+00:00\",\"breadcrumb\":{\"@id\":\"https:\/\/ikr3ativos.net\/ve\/product\/deseos-prohibidos\/#breadcrumb\"},\"inLanguage\":\"es\",\"potentialAction\":[{\"@type\":\"ReadAction\",\"target\":[\"https:\/\/ikr3ativos.net\/ve\/product\/deseos-prohibidos\/\"]}]},{\"@type\":\"BreadcrumbList\",\"@id\":\"https:\/\/ikr3ativos.net\/ve\/product\/deseos-prohibidos\/#breadcrumb\",\"itemListElement\":[{\"@type\":\"ListItem\",\"position\":1,\"name\":\"Portada\",\"item\":\"https:\/\/ikr3ativos.net\/ve\/\"},{\"@type\":\"ListItem\",\"position\":2,\"name\":\"Tienda\",\"item\":\"https:\/\/ikr3ativos.net\/ve\/tienda\/\"},{\"@type\":\"ListItem\",\"position\":3,\"name\":\"Deseos Prohibidos\"}]},{\"@type\":\"WebSite\",\"@id\":\"https:\/\/ikr3ativos.net\/ve\/#website\",\"url\":\"https:\/\/ikr3ativos.net\/ve\/\",\"name\":\"iKr3ativos, c.a.\",\"description\":\"Estudio Gr\u00e1fico, Comunicaci\u00f3n y Medios\",\"potentialAction\":[{\"@type\":\"SearchAction\",\"target\":{\"@type\":\"EntryPoint\",\"urlTemplate\":\"https:\/\/ikr3ativos.net\/ve\/?s={search_term_string}\"},\"query-input\":\"required name=search_term_string\"}],\"inLanguage\":\"es\"}]}<\/script>\n<!-- \/ Yoast SEO plugin. -->","yoast_head_json":{"title":"Deseos Prohibidos - iKr3ativos, c.a.","robots":{"index":"index","follow":"follow","max-snippet":"max-snippet:-1","max-image-preview":"max-image-preview:large","max-video-preview":"max-video-preview:-1"},"canonical":"https:\/\/ikr3ativos.net\/ve\/product\/deseos-prohibidos\/","og_locale":"es_ES","og_type":"article","og_title":"Deseos Prohibidos - iKr3ativos, c.a.","og_description":"Pocos conocen su verdadero nombre y origen. Para todos es Billy Blade, el jefe de una banda de ladrones que opera en los bajos fondos de Londres. Esta noche ha encontrado en su territorio a una joven de la aristocracia que se niega a decirle qui\u00e9n es, y solo le pide que la ayude a [...]","og_url":"https:\/\/ikr3ativos.net\/ve\/product\/deseos-prohibidos\/","og_site_name":"iKr3ativos, c.a.","article_modified_time":"2023-09-11T20:55:17+00:00","twitter_card":"summary_large_image","twitter_misc":{"Tiempo de lectura":"1 minuto"},"schema":{"@context":"https:\/\/schema.org","@graph":[{"@type":"WebPage","@id":"https:\/\/ikr3ativos.net\/ve\/product\/deseos-prohibidos\/","url":"https:\/\/ikr3ativos.net\/ve\/product\/deseos-prohibidos\/","name":"Deseos Prohibidos - iKr3ativos, c.a.","isPartOf":{"@id":"https:\/\/ikr3ativos.net\/ve\/#website"},"datePublished":"2023-09-11T20:54:23+00:00","dateModified":"2023-09-11T20:55:17+00:00","breadcrumb":{"@id":"https:\/\/ikr3ativos.net\/ve\/product\/deseos-prohibidos\/#breadcrumb"},"inLanguage":"es","potentialAction":[{"@type":"ReadAction","target":["https:\/\/ikr3ativos.net\/ve\/product\/deseos-prohibidos\/"]}]},{"@type":"BreadcrumbList","@id":"https:\/\/ikr3ativos.net\/ve\/product\/deseos-prohibidos\/#breadcrumb","itemListElement":[{"@type":"ListItem","position":1,"name":"Portada","item":"https:\/\/ikr3ativos.net\/ve\/"},{"@type":"ListItem","position":2,"name":"Tienda","item":"https:\/\/ikr3ativos.net\/ve\/tienda\/"},{"@type":"ListItem","position":3,"name":"Deseos Prohibidos"}]},{"@type":"WebSite","@id":"https:\/\/ikr3ativos.net\/ve\/#website","url":"https:\/\/ikr3ativos.net\/ve\/","name":"iKr3ativos, c.a.","description":"Estudio Gr\u00e1fico, Comunicaci\u00f3n y Medios","potentialAction":[{"@type":"SearchAction","target":{"@type":"EntryPoint","urlTemplate":"https:\/\/ikr3ativos.net\/ve\/?s={search_term_string}"},"query-input":"required name=search_term_string"}],"inLanguage":"es"}]}},"_links":{"self":[{"href":"https:\/\/ikr3ativos.net\/ve\/wp-json\/wp\/v2\/product\/8947","targetHints":{"allow":["GET"]}}],"collection":[{"href":"https:\/\/ikr3ativos.net\/ve\/wp-json\/wp\/v2\/product"}],"about":[{"href":"https:\/\/ikr3ativos.net\/ve\/wp-json\/wp\/v2\/types\/product"}],"replies":[{"embeddable":true,"href":"https:\/\/ikr3ativos.net\/ve\/wp-json\/wp\/v2\/comments?post=8947"}],"wp:featuredmedia":[{"embeddable":true,"href":"https:\/\/ikr3ativos.net\/ve\/wp-json\/wp\/v2\/media\/8998"}],"wp:attachment":[{"href":"https:\/\/ikr3ativos.net\/ve\/wp-json\/wp\/v2\/media?parent=8947"}],"wp:term":[{"taxonomy":"product_brand","embeddable":true,"href":"https:\/\/ikr3ativos.net\/ve\/wp-json\/wp\/v2\/product_brand?post=8947"},{"taxonomy":"product_cat","embeddable":true,"href":"https:\/\/ikr3ativos.net\/ve\/wp-json\/wp\/v2\/product_cat?post=8947"},{"taxonomy":"product_tag","embeddable":true,"href":"https:\/\/ikr3ativos.net\/ve\/wp-json\/wp\/v2\/product_tag?post=8947"}],"curies":[{"name":"wp","href":"https:\/\/api.w.org\/{rel}","templated":true}]}}