{"id":8962,"date":"2023-09-11T20:54:44","date_gmt":"2023-09-11T20:54:44","guid":{"rendered":"https:\/\/ikr3ativos.net\/ve\/?post_type=product&#038;p=8962"},"modified":"2023-09-11T20:55:29","modified_gmt":"2023-09-11T20:55:29","slug":"una-luz-en-la-ventana-2","status":"publish","type":"product","link":"https:\/\/ikr3ativos.net\/ve\/product\/una-luz-en-la-ventana-2\/","title":{"rendered":"Una luz en la ventana"},"content":{"rendered":"<p>Cuando se ve obligada a partir hacia el castillo de lord Peter, lady Saura Roget tiene la esperanza de que se trate del cambio de vida con el que ha so\u00f1ado. Su gris existencia bajo el dominio de su cruel padrastro dar\u00e1 por fin un vuelco. O al menos es lo que ella cree. Al llegar a su nueva residencia, conoce a sir William de Miraval, el heredero de lord Peter. Descuidado y con pocos modales, nada tiene sentido para William desde que perdi\u00f3 la vista. Su ceguera le ha hecho perder casi todo el contacto con la realidad. Encerrado en su propio mundo, el noble no entiende por qu\u00e9 su padre ha tra\u00eddo a esta mujer a la casa. Una joven que parece una monja por sus h\u00e1bitos y educaci\u00f3n, pero con una personalidad fuerte y determinada, que intenta imponerse en cada rinc\u00f3n del castillo. El tiempo que comparten le permiten conocerla cada vez m\u00e1s, hasta sentir que se convierte en la luz que lo vuelve a conectar con lo que le rodea.<\/p>\n","protected":false},"excerpt":{"rendered":"<p>Cuando se ve obligada a partir hacia el castillo de lord Peter, lady Saura Roget tiene la esperanza de que se trate del cambio de vida con el que ha so\u00f1ado. Su gris existencia bajo el dominio de su cruel padrastro dar\u00e1 por fin un vuelco. O al menos es lo que ella cree. Al [&#8230;]\n","protected":false},"featured_media":9004,"comment_status":"closed","ping_status":"closed","template":"","meta":{"_acf_changed":false,"_joinchat":[]},"product_brand":[],"product_cat":[200],"product_tag":[],"class_list":{"0":"post-8962","1":"product","2":"type-product","3":"status-publish","4":"has-post-thumbnail","6":"product_cat-sin-categorizar","8":"first","9":"instock","10":"sale","11":"sold-individually","12":"shipping-taxable","13":"purchasable","14":"product-type-simple"},"acf":[],"yoast_head":"<!-- This site is optimized with the Yoast SEO plugin v21.9 - https:\/\/yoast.com\/wordpress\/plugins\/seo\/ -->\n<title>Una luz en la ventana - iKr3ativos, c.a.<\/title>\n<meta name=\"robots\" content=\"index, follow, max-snippet:-1, max-image-preview:large, max-video-preview:-1\" \/>\n<link rel=\"canonical\" href=\"https:\/\/ikr3ativos.net\/ve\/product\/una-luz-en-la-ventana-2\/\" \/>\n<meta property=\"og:locale\" content=\"es_ES\" \/>\n<meta property=\"og:type\" content=\"article\" \/>\n<meta property=\"og:title\" content=\"Una luz en la ventana - iKr3ativos, c.a.\" \/>\n<meta property=\"og:description\" content=\"Cuando se ve obligada a partir hacia el castillo de lord Peter, lady Saura Roget tiene la esperanza de que se trate del cambio de vida con el que ha so\u00f1ado. Su gris existencia bajo el dominio de su cruel padrastro dar\u00e1 por fin un vuelco. O al menos es lo que ella cree. Al [...]\" \/>\n<meta property=\"og:url\" content=\"https:\/\/ikr3ativos.net\/ve\/product\/una-luz-en-la-ventana-2\/\" \/>\n<meta property=\"og:site_name\" content=\"iKr3ativos, c.a.\" \/>\n<meta property=\"article:modified_time\" content=\"2023-09-11T20:55:29+00:00\" \/>\n<meta name=\"twitter:card\" content=\"summary_large_image\" \/>\n<meta name=\"twitter:label1\" content=\"Tiempo de lectura\" \/>\n\t<meta name=\"twitter:data1\" content=\"1 minuto\" \/>\n<script type=\"application\/ld+json\" class=\"yoast-schema-graph\">{\"@context\":\"https:\/\/schema.org\",\"@graph\":[{\"@type\":\"WebPage\",\"@id\":\"https:\/\/ikr3ativos.net\/ve\/product\/una-luz-en-la-ventana-2\/\",\"url\":\"https:\/\/ikr3ativos.net\/ve\/product\/una-luz-en-la-ventana-2\/\",\"name\":\"Una luz en la ventana - iKr3ativos, c.a.\",\"isPartOf\":{\"@id\":\"https:\/\/ikr3ativos.net\/ve\/#website\"},\"datePublished\":\"2023-09-11T20:54:44+00:00\",\"dateModified\":\"2023-09-11T20:55:29+00:00\",\"breadcrumb\":{\"@id\":\"https:\/\/ikr3ativos.net\/ve\/product\/una-luz-en-la-ventana-2\/#breadcrumb\"},\"inLanguage\":\"es\",\"potentialAction\":[{\"@type\":\"ReadAction\",\"target\":[\"https:\/\/ikr3ativos.net\/ve\/product\/una-luz-en-la-ventana-2\/\"]}]},{\"@type\":\"BreadcrumbList\",\"@id\":\"https:\/\/ikr3ativos.net\/ve\/product\/una-luz-en-la-ventana-2\/#breadcrumb\",\"itemListElement\":[{\"@type\":\"ListItem\",\"position\":1,\"name\":\"Portada\",\"item\":\"https:\/\/ikr3ativos.net\/ve\/\"},{\"@type\":\"ListItem\",\"position\":2,\"name\":\"Tienda\",\"item\":\"https:\/\/ikr3ativos.net\/ve\/tienda\/\"},{\"@type\":\"ListItem\",\"position\":3,\"name\":\"Una luz en la ventana\"}]},{\"@type\":\"WebSite\",\"@id\":\"https:\/\/ikr3ativos.net\/ve\/#website\",\"url\":\"https:\/\/ikr3ativos.net\/ve\/\",\"name\":\"iKr3ativos, c.a.\",\"description\":\"Estudio Gr\u00e1fico, Comunicaci\u00f3n y Medios\",\"potentialAction\":[{\"@type\":\"SearchAction\",\"target\":{\"@type\":\"EntryPoint\",\"urlTemplate\":\"https:\/\/ikr3ativos.net\/ve\/?s={search_term_string}\"},\"query-input\":\"required name=search_term_string\"}],\"inLanguage\":\"es\"}]}<\/script>\n<!-- \/ Yoast SEO plugin. -->","yoast_head_json":{"title":"Una luz en la ventana - iKr3ativos, c.a.","robots":{"index":"index","follow":"follow","max-snippet":"max-snippet:-1","max-image-preview":"max-image-preview:large","max-video-preview":"max-video-preview:-1"},"canonical":"https:\/\/ikr3ativos.net\/ve\/product\/una-luz-en-la-ventana-2\/","og_locale":"es_ES","og_type":"article","og_title":"Una luz en la ventana - iKr3ativos, c.a.","og_description":"Cuando se ve obligada a partir hacia el castillo de lord Peter, lady Saura Roget tiene la esperanza de que se trate del cambio de vida con el que ha so\u00f1ado. Su gris existencia bajo el dominio de su cruel padrastro dar\u00e1 por fin un vuelco. O al menos es lo que ella cree. Al [...]","og_url":"https:\/\/ikr3ativos.net\/ve\/product\/una-luz-en-la-ventana-2\/","og_site_name":"iKr3ativos, c.a.","article_modified_time":"2023-09-11T20:55:29+00:00","twitter_card":"summary_large_image","twitter_misc":{"Tiempo de lectura":"1 minuto"},"schema":{"@context":"https:\/\/schema.org","@graph":[{"@type":"WebPage","@id":"https:\/\/ikr3ativos.net\/ve\/product\/una-luz-en-la-ventana-2\/","url":"https:\/\/ikr3ativos.net\/ve\/product\/una-luz-en-la-ventana-2\/","name":"Una luz en la ventana - iKr3ativos, c.a.","isPartOf":{"@id":"https:\/\/ikr3ativos.net\/ve\/#website"},"datePublished":"2023-09-11T20:54:44+00:00","dateModified":"2023-09-11T20:55:29+00:00","breadcrumb":{"@id":"https:\/\/ikr3ativos.net\/ve\/product\/una-luz-en-la-ventana-2\/#breadcrumb"},"inLanguage":"es","potentialAction":[{"@type":"ReadAction","target":["https:\/\/ikr3ativos.net\/ve\/product\/una-luz-en-la-ventana-2\/"]}]},{"@type":"BreadcrumbList","@id":"https:\/\/ikr3ativos.net\/ve\/product\/una-luz-en-la-ventana-2\/#breadcrumb","itemListElement":[{"@type":"ListItem","position":1,"name":"Portada","item":"https:\/\/ikr3ativos.net\/ve\/"},{"@type":"ListItem","position":2,"name":"Tienda","item":"https:\/\/ikr3ativos.net\/ve\/tienda\/"},{"@type":"ListItem","position":3,"name":"Una luz en la ventana"}]},{"@type":"WebSite","@id":"https:\/\/ikr3ativos.net\/ve\/#website","url":"https:\/\/ikr3ativos.net\/ve\/","name":"iKr3ativos, c.a.","description":"Estudio Gr\u00e1fico, Comunicaci\u00f3n y Medios","potentialAction":[{"@type":"SearchAction","target":{"@type":"EntryPoint","urlTemplate":"https:\/\/ikr3ativos.net\/ve\/?s={search_term_string}"},"query-input":"required name=search_term_string"}],"inLanguage":"es"}]}},"_links":{"self":[{"href":"https:\/\/ikr3ativos.net\/ve\/wp-json\/wp\/v2\/product\/8962","targetHints":{"allow":["GET"]}}],"collection":[{"href":"https:\/\/ikr3ativos.net\/ve\/wp-json\/wp\/v2\/product"}],"about":[{"href":"https:\/\/ikr3ativos.net\/ve\/wp-json\/wp\/v2\/types\/product"}],"replies":[{"embeddable":true,"href":"https:\/\/ikr3ativos.net\/ve\/wp-json\/wp\/v2\/comments?post=8962"}],"wp:featuredmedia":[{"embeddable":true,"href":"https:\/\/ikr3ativos.net\/ve\/wp-json\/wp\/v2\/media\/9004"}],"wp:attachment":[{"href":"https:\/\/ikr3ativos.net\/ve\/wp-json\/wp\/v2\/media?parent=8962"}],"wp:term":[{"taxonomy":"product_brand","embeddable":true,"href":"https:\/\/ikr3ativos.net\/ve\/wp-json\/wp\/v2\/product_brand?post=8962"},{"taxonomy":"product_cat","embeddable":true,"href":"https:\/\/ikr3ativos.net\/ve\/wp-json\/wp\/v2\/product_cat?post=8962"},{"taxonomy":"product_tag","embeddable":true,"href":"https:\/\/ikr3ativos.net\/ve\/wp-json\/wp\/v2\/product_tag?post=8962"}],"curies":[{"name":"wp","href":"https:\/\/api.w.org\/{rel}","templated":true}]}}