{"id":8984,"date":"2023-09-11T20:55:08","date_gmt":"2023-09-11T20:55:08","guid":{"rendered":"https:\/\/ikr3ativos.net\/ve\/?post_type=product&#038;p=8984"},"modified":"2023-09-11T20:55:49","modified_gmt":"2023-09-11T20:55:49","slug":"acosada","status":"publish","type":"product","link":"https:\/\/ikr3ativos.net\/ve\/product\/acosada\/","title":{"rendered":"Acosada"},"content":{"rendered":"<p>Una mujer aterrorizada&#8230; taylor esta acostumbrada a tranquilizar a los demas. es su trabajo en el programa de radio que dirige y tambi\u00e9n en su labor como psic\u00f3loga de adolescentes. pero ahora es ella quien no es capaz de tranquilizarse. la mujer fuerte y segura de si misma que siempre ha sido va dejando paso a una joven aterrorizada desde que alguien la acosa d\u00eda y noche con llamadas, mensajes y persecuciones en la calle. el recuerdo de una terrible noche, que termino con la muerte de su atacante pero tambi\u00e9n con la de una mujer a la que quer\u00eda como una hermana, la atormenta tanto como el peligro que la rodea. el \u00fanico b\u00e1lsamo para su inquietud es el joven abogado que ha conocido, un hombre tan seguro de si mismo como sensible y comprensivo. un hombre al que ahora ha puesto en peligro. &#8230;que solo pod\u00eda confiar en elreed ha decidido dar un giro a su vida. despu\u00e9s de a\u00f1os obsesionado con el \u00e9xito, el dinero y la fama, ha decidido dejar su trabajo para un gran despacho de abogados, convencido de que el dinero y la justicia son casi siempre incompatibles. pero su trabajo le ha dado al menos una \u00faltima satisfacci\u00f3n, conocer a taylor, la joven psic\u00f3loga que fue atacada por un hombre muy ligado a los jefes de reed. cuando jonathan, cliente y viejo conocido de reed, se convierte en el principal sospechoso del acoso a taylor, el abogado se ve atrapado entre su lealtad profesional y el amor que siente por la mujer de su vida.<\/p>\n","protected":false},"excerpt":{"rendered":"<p>Una mujer aterrorizada&#8230; taylor esta acostumbrada a tranquilizar a los demas. es su trabajo en el programa de radio que dirige y tambi\u00e9n en su labor como psic\u00f3loga de adolescentes. pero ahora es ella quien no es capaz de tranquilizarse. la mujer fuerte y segura de si misma que siempre ha sido va dejando paso [&#8230;]\n","protected":false},"featured_media":9025,"comment_status":"closed","ping_status":"closed","template":"","meta":{"_acf_changed":false,"_joinchat":[]},"product_brand":[],"product_cat":[200],"product_tag":[],"class_list":{"0":"post-8984","1":"product","2":"type-product","3":"status-publish","4":"has-post-thumbnail","6":"product_cat-sin-categorizar","8":"first","9":"instock","10":"sale","11":"sold-individually","12":"shipping-taxable","13":"purchasable","14":"product-type-simple"},"acf":[],"yoast_head":"<!-- This site is optimized with the Yoast SEO plugin v21.9 - https:\/\/yoast.com\/wordpress\/plugins\/seo\/ -->\n<title>Acosada - iKr3ativos, c.a.<\/title>\n<meta name=\"robots\" content=\"index, follow, max-snippet:-1, max-image-preview:large, max-video-preview:-1\" \/>\n<link rel=\"canonical\" href=\"https:\/\/ikr3ativos.net\/ve\/product\/acosada\/\" \/>\n<meta property=\"og:locale\" content=\"es_ES\" \/>\n<meta property=\"og:type\" content=\"article\" \/>\n<meta property=\"og:title\" content=\"Acosada - iKr3ativos, c.a.\" \/>\n<meta property=\"og:description\" content=\"Una mujer aterrorizada&#8230; taylor esta acostumbrada a tranquilizar a los demas. es su trabajo en el programa de radio que dirige y tambi\u00e9n en su labor como psic\u00f3loga de adolescentes. pero ahora es ella quien no es capaz de tranquilizarse. la mujer fuerte y segura de si misma que siempre ha sido va dejando paso [...]\" \/>\n<meta property=\"og:url\" content=\"https:\/\/ikr3ativos.net\/ve\/product\/acosada\/\" \/>\n<meta property=\"og:site_name\" content=\"iKr3ativos, c.a.\" \/>\n<meta property=\"article:modified_time\" content=\"2023-09-11T20:55:49+00:00\" \/>\n<meta name=\"twitter:card\" content=\"summary_large_image\" \/>\n<meta name=\"twitter:label1\" content=\"Tiempo de lectura\" \/>\n\t<meta name=\"twitter:data1\" content=\"1 minuto\" \/>\n<script type=\"application\/ld+json\" class=\"yoast-schema-graph\">{\"@context\":\"https:\/\/schema.org\",\"@graph\":[{\"@type\":\"WebPage\",\"@id\":\"https:\/\/ikr3ativos.net\/ve\/product\/acosada\/\",\"url\":\"https:\/\/ikr3ativos.net\/ve\/product\/acosada\/\",\"name\":\"Acosada - iKr3ativos, c.a.\",\"isPartOf\":{\"@id\":\"https:\/\/ikr3ativos.net\/ve\/#website\"},\"datePublished\":\"2023-09-11T20:55:08+00:00\",\"dateModified\":\"2023-09-11T20:55:49+00:00\",\"breadcrumb\":{\"@id\":\"https:\/\/ikr3ativos.net\/ve\/product\/acosada\/#breadcrumb\"},\"inLanguage\":\"es\",\"potentialAction\":[{\"@type\":\"ReadAction\",\"target\":[\"https:\/\/ikr3ativos.net\/ve\/product\/acosada\/\"]}]},{\"@type\":\"BreadcrumbList\",\"@id\":\"https:\/\/ikr3ativos.net\/ve\/product\/acosada\/#breadcrumb\",\"itemListElement\":[{\"@type\":\"ListItem\",\"position\":1,\"name\":\"Portada\",\"item\":\"https:\/\/ikr3ativos.net\/ve\/\"},{\"@type\":\"ListItem\",\"position\":2,\"name\":\"Tienda\",\"item\":\"https:\/\/ikr3ativos.net\/ve\/tienda\/\"},{\"@type\":\"ListItem\",\"position\":3,\"name\":\"Acosada\"}]},{\"@type\":\"WebSite\",\"@id\":\"https:\/\/ikr3ativos.net\/ve\/#website\",\"url\":\"https:\/\/ikr3ativos.net\/ve\/\",\"name\":\"iKr3ativos, c.a.\",\"description\":\"Estudio Gr\u00e1fico, Comunicaci\u00f3n y Medios\",\"potentialAction\":[{\"@type\":\"SearchAction\",\"target\":{\"@type\":\"EntryPoint\",\"urlTemplate\":\"https:\/\/ikr3ativos.net\/ve\/?s={search_term_string}\"},\"query-input\":\"required name=search_term_string\"}],\"inLanguage\":\"es\"}]}<\/script>\n<!-- \/ Yoast SEO plugin. -->","yoast_head_json":{"title":"Acosada - iKr3ativos, c.a.","robots":{"index":"index","follow":"follow","max-snippet":"max-snippet:-1","max-image-preview":"max-image-preview:large","max-video-preview":"max-video-preview:-1"},"canonical":"https:\/\/ikr3ativos.net\/ve\/product\/acosada\/","og_locale":"es_ES","og_type":"article","og_title":"Acosada - iKr3ativos, c.a.","og_description":"Una mujer aterrorizada&#8230; taylor esta acostumbrada a tranquilizar a los demas. es su trabajo en el programa de radio que dirige y tambi\u00e9n en su labor como psic\u00f3loga de adolescentes. pero ahora es ella quien no es capaz de tranquilizarse. la mujer fuerte y segura de si misma que siempre ha sido va dejando paso [...]","og_url":"https:\/\/ikr3ativos.net\/ve\/product\/acosada\/","og_site_name":"iKr3ativos, c.a.","article_modified_time":"2023-09-11T20:55:49+00:00","twitter_card":"summary_large_image","twitter_misc":{"Tiempo de lectura":"1 minuto"},"schema":{"@context":"https:\/\/schema.org","@graph":[{"@type":"WebPage","@id":"https:\/\/ikr3ativos.net\/ve\/product\/acosada\/","url":"https:\/\/ikr3ativos.net\/ve\/product\/acosada\/","name":"Acosada - iKr3ativos, c.a.","isPartOf":{"@id":"https:\/\/ikr3ativos.net\/ve\/#website"},"datePublished":"2023-09-11T20:55:08+00:00","dateModified":"2023-09-11T20:55:49+00:00","breadcrumb":{"@id":"https:\/\/ikr3ativos.net\/ve\/product\/acosada\/#breadcrumb"},"inLanguage":"es","potentialAction":[{"@type":"ReadAction","target":["https:\/\/ikr3ativos.net\/ve\/product\/acosada\/"]}]},{"@type":"BreadcrumbList","@id":"https:\/\/ikr3ativos.net\/ve\/product\/acosada\/#breadcrumb","itemListElement":[{"@type":"ListItem","position":1,"name":"Portada","item":"https:\/\/ikr3ativos.net\/ve\/"},{"@type":"ListItem","position":2,"name":"Tienda","item":"https:\/\/ikr3ativos.net\/ve\/tienda\/"},{"@type":"ListItem","position":3,"name":"Acosada"}]},{"@type":"WebSite","@id":"https:\/\/ikr3ativos.net\/ve\/#website","url":"https:\/\/ikr3ativos.net\/ve\/","name":"iKr3ativos, c.a.","description":"Estudio Gr\u00e1fico, Comunicaci\u00f3n y Medios","potentialAction":[{"@type":"SearchAction","target":{"@type":"EntryPoint","urlTemplate":"https:\/\/ikr3ativos.net\/ve\/?s={search_term_string}"},"query-input":"required name=search_term_string"}],"inLanguage":"es"}]}},"_links":{"self":[{"href":"https:\/\/ikr3ativos.net\/ve\/wp-json\/wp\/v2\/product\/8984","targetHints":{"allow":["GET"]}}],"collection":[{"href":"https:\/\/ikr3ativos.net\/ve\/wp-json\/wp\/v2\/product"}],"about":[{"href":"https:\/\/ikr3ativos.net\/ve\/wp-json\/wp\/v2\/types\/product"}],"replies":[{"embeddable":true,"href":"https:\/\/ikr3ativos.net\/ve\/wp-json\/wp\/v2\/comments?post=8984"}],"wp:featuredmedia":[{"embeddable":true,"href":"https:\/\/ikr3ativos.net\/ve\/wp-json\/wp\/v2\/media\/9025"}],"wp:attachment":[{"href":"https:\/\/ikr3ativos.net\/ve\/wp-json\/wp\/v2\/media?parent=8984"}],"wp:term":[{"taxonomy":"product_brand","embeddable":true,"href":"https:\/\/ikr3ativos.net\/ve\/wp-json\/wp\/v2\/product_brand?post=8984"},{"taxonomy":"product_cat","embeddable":true,"href":"https:\/\/ikr3ativos.net\/ve\/wp-json\/wp\/v2\/product_cat?post=8984"},{"taxonomy":"product_tag","embeddable":true,"href":"https:\/\/ikr3ativos.net\/ve\/wp-json\/wp\/v2\/product_tag?post=8984"}],"curies":[{"name":"wp","href":"https:\/\/api.w.org\/{rel}","templated":true}]}}