{"id":9011,"date":"2023-09-11T20:55:31","date_gmt":"2023-09-11T20:55:31","guid":{"rendered":"https:\/\/ikr3ativos.net\/ve\/?post_type=product&#038;p=9011"},"modified":"2023-09-11T20:56:19","modified_gmt":"2023-09-11T20:56:19","slug":"esplendida-pasion","status":"publish","type":"product","link":"https:\/\/ikr3ativos.net\/ve\/product\/esplendida-pasion\/","title":{"rendered":"Espl\u00e9ndida Pasi\u00f3n"},"content":{"rendered":"<p>Poco antes de la fiesta en que ser\u00e1 presentada en sociedad, Emma sale a dar un paseo ataviada de sirvienta para que nadie la reconozca. La atrevida pelirroja ya ha decidido que no quiere casarse y que rechazar\u00e1 a cualquiera que se le acerque. Pero un accidente la hace conocer al duque Alex Ridgely, un hombre guap\u00edsimo y tan rebelde como ella, que le llega a lo m\u00e1s profundo de su coraz\u00f3n. Sin embargo, Emma sigue haci\u00e9ndose pasar como una criada hasta que Alex descubre que en realidad es la misteriosa prima de la familia Blydon. A pesar de sus intentos para no caer en las redes de este incorregible mujeriego, Emma no podr\u00e1 ocultar por mucho tiempo la pasi\u00f3n que le despierta Alex.<\/p>\n<p>Mientras, el duque encuentra en Emma a una mujer valiente, inteligente y divertida, y le resulta cada vez m\u00e1s dif\u00edcil resistirse a ella. \u00bfPodr\u00e1 el verdadero amor atravesar la coraza que cubre su encallecido coraz\u00f3n?<\/p>\n","protected":false},"excerpt":{"rendered":"<p>Poco antes de la fiesta en que ser\u00e1 presentada en sociedad, Emma sale a dar un paseo ataviada de sirvienta para que nadie la reconozca. La atrevida pelirroja ya ha decidido que no quiere casarse y que rechazar\u00e1 a cualquiera que se le acerque. Pero un accidente la hace conocer al duque Alex Ridgely, un [&#8230;]\n","protected":false},"featured_media":9064,"comment_status":"closed","ping_status":"closed","template":"","meta":{"_acf_changed":false,"_joinchat":[]},"product_brand":[],"product_cat":[200],"product_tag":[],"class_list":{"0":"post-9011","1":"product","2":"type-product","3":"status-publish","4":"has-post-thumbnail","6":"product_cat-sin-categorizar","8":"first","9":"instock","10":"sale","11":"sold-individually","12":"shipping-taxable","13":"purchasable","14":"product-type-simple"},"acf":[],"yoast_head":"<!-- This site is optimized with the Yoast SEO plugin v21.9 - https:\/\/yoast.com\/wordpress\/plugins\/seo\/ -->\n<title>Espl\u00e9ndida Pasi\u00f3n - iKr3ativos, c.a.<\/title>\n<meta name=\"robots\" content=\"index, follow, max-snippet:-1, max-image-preview:large, max-video-preview:-1\" \/>\n<link rel=\"canonical\" href=\"https:\/\/ikr3ativos.net\/ve\/product\/esplendida-pasion\/\" \/>\n<meta property=\"og:locale\" content=\"es_ES\" \/>\n<meta property=\"og:type\" content=\"article\" \/>\n<meta property=\"og:title\" content=\"Espl\u00e9ndida Pasi\u00f3n - iKr3ativos, c.a.\" \/>\n<meta property=\"og:description\" content=\"Poco antes de la fiesta en que ser\u00e1 presentada en sociedad, Emma sale a dar un paseo ataviada de sirvienta para que nadie la reconozca. La atrevida pelirroja ya ha decidido que no quiere casarse y que rechazar\u00e1 a cualquiera que se le acerque. Pero un accidente la hace conocer al duque Alex Ridgely, un [...]\" \/>\n<meta property=\"og:url\" content=\"https:\/\/ikr3ativos.net\/ve\/product\/esplendida-pasion\/\" \/>\n<meta property=\"og:site_name\" content=\"iKr3ativos, c.a.\" \/>\n<meta property=\"article:modified_time\" content=\"2023-09-11T20:56:19+00:00\" \/>\n<meta name=\"twitter:card\" content=\"summary_large_image\" \/>\n<meta name=\"twitter:label1\" content=\"Tiempo de lectura\" \/>\n\t<meta name=\"twitter:data1\" content=\"1 minuto\" \/>\n<script type=\"application\/ld+json\" class=\"yoast-schema-graph\">{\"@context\":\"https:\/\/schema.org\",\"@graph\":[{\"@type\":\"WebPage\",\"@id\":\"https:\/\/ikr3ativos.net\/ve\/product\/esplendida-pasion\/\",\"url\":\"https:\/\/ikr3ativos.net\/ve\/product\/esplendida-pasion\/\",\"name\":\"Espl\u00e9ndida Pasi\u00f3n - iKr3ativos, c.a.\",\"isPartOf\":{\"@id\":\"https:\/\/ikr3ativos.net\/ve\/#website\"},\"datePublished\":\"2023-09-11T20:55:31+00:00\",\"dateModified\":\"2023-09-11T20:56:19+00:00\",\"breadcrumb\":{\"@id\":\"https:\/\/ikr3ativos.net\/ve\/product\/esplendida-pasion\/#breadcrumb\"},\"inLanguage\":\"es\",\"potentialAction\":[{\"@type\":\"ReadAction\",\"target\":[\"https:\/\/ikr3ativos.net\/ve\/product\/esplendida-pasion\/\"]}]},{\"@type\":\"BreadcrumbList\",\"@id\":\"https:\/\/ikr3ativos.net\/ve\/product\/esplendida-pasion\/#breadcrumb\",\"itemListElement\":[{\"@type\":\"ListItem\",\"position\":1,\"name\":\"Portada\",\"item\":\"https:\/\/ikr3ativos.net\/ve\/\"},{\"@type\":\"ListItem\",\"position\":2,\"name\":\"Tienda\",\"item\":\"https:\/\/ikr3ativos.net\/ve\/tienda\/\"},{\"@type\":\"ListItem\",\"position\":3,\"name\":\"Espl\u00e9ndida Pasi\u00f3n\"}]},{\"@type\":\"WebSite\",\"@id\":\"https:\/\/ikr3ativos.net\/ve\/#website\",\"url\":\"https:\/\/ikr3ativos.net\/ve\/\",\"name\":\"iKr3ativos, c.a.\",\"description\":\"Estudio Gr\u00e1fico, Comunicaci\u00f3n y Medios\",\"potentialAction\":[{\"@type\":\"SearchAction\",\"target\":{\"@type\":\"EntryPoint\",\"urlTemplate\":\"https:\/\/ikr3ativos.net\/ve\/?s={search_term_string}\"},\"query-input\":\"required name=search_term_string\"}],\"inLanguage\":\"es\"}]}<\/script>\n<!-- \/ Yoast SEO plugin. -->","yoast_head_json":{"title":"Espl\u00e9ndida Pasi\u00f3n - iKr3ativos, c.a.","robots":{"index":"index","follow":"follow","max-snippet":"max-snippet:-1","max-image-preview":"max-image-preview:large","max-video-preview":"max-video-preview:-1"},"canonical":"https:\/\/ikr3ativos.net\/ve\/product\/esplendida-pasion\/","og_locale":"es_ES","og_type":"article","og_title":"Espl\u00e9ndida Pasi\u00f3n - iKr3ativos, c.a.","og_description":"Poco antes de la fiesta en que ser\u00e1 presentada en sociedad, Emma sale a dar un paseo ataviada de sirvienta para que nadie la reconozca. La atrevida pelirroja ya ha decidido que no quiere casarse y que rechazar\u00e1 a cualquiera que se le acerque. Pero un accidente la hace conocer al duque Alex Ridgely, un [...]","og_url":"https:\/\/ikr3ativos.net\/ve\/product\/esplendida-pasion\/","og_site_name":"iKr3ativos, c.a.","article_modified_time":"2023-09-11T20:56:19+00:00","twitter_card":"summary_large_image","twitter_misc":{"Tiempo de lectura":"1 minuto"},"schema":{"@context":"https:\/\/schema.org","@graph":[{"@type":"WebPage","@id":"https:\/\/ikr3ativos.net\/ve\/product\/esplendida-pasion\/","url":"https:\/\/ikr3ativos.net\/ve\/product\/esplendida-pasion\/","name":"Espl\u00e9ndida Pasi\u00f3n - iKr3ativos, c.a.","isPartOf":{"@id":"https:\/\/ikr3ativos.net\/ve\/#website"},"datePublished":"2023-09-11T20:55:31+00:00","dateModified":"2023-09-11T20:56:19+00:00","breadcrumb":{"@id":"https:\/\/ikr3ativos.net\/ve\/product\/esplendida-pasion\/#breadcrumb"},"inLanguage":"es","potentialAction":[{"@type":"ReadAction","target":["https:\/\/ikr3ativos.net\/ve\/product\/esplendida-pasion\/"]}]},{"@type":"BreadcrumbList","@id":"https:\/\/ikr3ativos.net\/ve\/product\/esplendida-pasion\/#breadcrumb","itemListElement":[{"@type":"ListItem","position":1,"name":"Portada","item":"https:\/\/ikr3ativos.net\/ve\/"},{"@type":"ListItem","position":2,"name":"Tienda","item":"https:\/\/ikr3ativos.net\/ve\/tienda\/"},{"@type":"ListItem","position":3,"name":"Espl\u00e9ndida Pasi\u00f3n"}]},{"@type":"WebSite","@id":"https:\/\/ikr3ativos.net\/ve\/#website","url":"https:\/\/ikr3ativos.net\/ve\/","name":"iKr3ativos, c.a.","description":"Estudio Gr\u00e1fico, Comunicaci\u00f3n y Medios","potentialAction":[{"@type":"SearchAction","target":{"@type":"EntryPoint","urlTemplate":"https:\/\/ikr3ativos.net\/ve\/?s={search_term_string}"},"query-input":"required name=search_term_string"}],"inLanguage":"es"}]}},"_links":{"self":[{"href":"https:\/\/ikr3ativos.net\/ve\/wp-json\/wp\/v2\/product\/9011","targetHints":{"allow":["GET"]}}],"collection":[{"href":"https:\/\/ikr3ativos.net\/ve\/wp-json\/wp\/v2\/product"}],"about":[{"href":"https:\/\/ikr3ativos.net\/ve\/wp-json\/wp\/v2\/types\/product"}],"replies":[{"embeddable":true,"href":"https:\/\/ikr3ativos.net\/ve\/wp-json\/wp\/v2\/comments?post=9011"}],"wp:featuredmedia":[{"embeddable":true,"href":"https:\/\/ikr3ativos.net\/ve\/wp-json\/wp\/v2\/media\/9064"}],"wp:attachment":[{"href":"https:\/\/ikr3ativos.net\/ve\/wp-json\/wp\/v2\/media?parent=9011"}],"wp:term":[{"taxonomy":"product_brand","embeddable":true,"href":"https:\/\/ikr3ativos.net\/ve\/wp-json\/wp\/v2\/product_brand?post=9011"},{"taxonomy":"product_cat","embeddable":true,"href":"https:\/\/ikr3ativos.net\/ve\/wp-json\/wp\/v2\/product_cat?post=9011"},{"taxonomy":"product_tag","embeddable":true,"href":"https:\/\/ikr3ativos.net\/ve\/wp-json\/wp\/v2\/product_tag?post=9011"}],"curies":[{"name":"wp","href":"https:\/\/api.w.org\/{rel}","templated":true}]}}