{"id":9053,"date":"2023-09-11T20:56:16","date_gmt":"2023-09-11T20:56:16","guid":{"rendered":"https:\/\/ikr3ativos.net\/ve\/?post_type=product&#038;p=9053"},"modified":"2023-09-11T20:56:56","modified_gmt":"2023-09-11T20:56:56","slug":"las-hijas-de-sultana","status":"publish","type":"product","link":"https:\/\/ikr3ativos.net\/ve\/product\/las-hijas-de-sultana\/","title":{"rendered":"Las Hijas de Sultana"},"content":{"rendered":"<p>Tras las valientes revelaciones de Sultana, el libro en que la princesa contaba su calvario personal, Jean Sasson relata aqu\u00ed la dram\u00e1tica encrucijada que afrontan las hijas de Sultana, la misma que padecen miles de adolescentes saud\u00edes. Educadas en una sociedad intolerante e intransigente, Maha mantiene una escandalosa relaci\u00f3n lesbiana y Amani abraza el fundamentalismo isl\u00e1mico&#8230;..Ambientado en la Arabia Saud\u00ed actual, este libro es un crudo testimonio de la brutalidad y represi\u00f3n de que son objeto las mujeresen el mundo \u00e1rabe.<\/p>\n","protected":false},"excerpt":{"rendered":"<p>Tras las valientes revelaciones de Sultana, el libro en que la princesa contaba su calvario personal, Jean Sasson relata aqu\u00ed la dram\u00e1tica encrucijada que afrontan las hijas de Sultana, la misma que padecen miles de adolescentes saud\u00edes. Educadas en una sociedad intolerante e intransigente, Maha mantiene una escandalosa relaci\u00f3n lesbiana y Amani abraza el fundamentalismo [&#8230;]\n","protected":false},"featured_media":9094,"comment_status":"closed","ping_status":"closed","template":"","meta":{"_acf_changed":false,"_joinchat":[]},"product_brand":[],"product_cat":[191],"product_tag":[],"class_list":{"0":"post-9053","1":"product","2":"type-product","3":"status-publish","4":"has-post-thumbnail","6":"product_cat-best-seller","8":"first","9":"instock","10":"sale","11":"sold-individually","12":"shipping-taxable","13":"purchasable","14":"product-type-simple"},"acf":[],"yoast_head":"<!-- This site is optimized with the Yoast SEO plugin v21.9 - https:\/\/yoast.com\/wordpress\/plugins\/seo\/ -->\n<title>Las Hijas de Sultana - iKr3ativos, c.a.<\/title>\n<meta name=\"robots\" content=\"index, follow, max-snippet:-1, max-image-preview:large, max-video-preview:-1\" \/>\n<link rel=\"canonical\" href=\"https:\/\/ikr3ativos.net\/ve\/product\/las-hijas-de-sultana\/\" \/>\n<meta property=\"og:locale\" content=\"es_ES\" \/>\n<meta property=\"og:type\" content=\"article\" \/>\n<meta property=\"og:title\" content=\"Las Hijas de Sultana - iKr3ativos, c.a.\" \/>\n<meta property=\"og:description\" content=\"Tras las valientes revelaciones de Sultana, el libro en que la princesa contaba su calvario personal, Jean Sasson relata aqu\u00ed la dram\u00e1tica encrucijada que afrontan las hijas de Sultana, la misma que padecen miles de adolescentes saud\u00edes. Educadas en una sociedad intolerante e intransigente, Maha mantiene una escandalosa relaci\u00f3n lesbiana y Amani abraza el fundamentalismo [...]\" \/>\n<meta property=\"og:url\" content=\"https:\/\/ikr3ativos.net\/ve\/product\/las-hijas-de-sultana\/\" \/>\n<meta property=\"og:site_name\" content=\"iKr3ativos, c.a.\" \/>\n<meta property=\"article:modified_time\" content=\"2023-09-11T20:56:56+00:00\" \/>\n<meta name=\"twitter:card\" content=\"summary_large_image\" \/>\n<script type=\"application\/ld+json\" class=\"yoast-schema-graph\">{\"@context\":\"https:\/\/schema.org\",\"@graph\":[{\"@type\":\"WebPage\",\"@id\":\"https:\/\/ikr3ativos.net\/ve\/product\/las-hijas-de-sultana\/\",\"url\":\"https:\/\/ikr3ativos.net\/ve\/product\/las-hijas-de-sultana\/\",\"name\":\"Las Hijas de Sultana - iKr3ativos, c.a.\",\"isPartOf\":{\"@id\":\"https:\/\/ikr3ativos.net\/ve\/#website\"},\"datePublished\":\"2023-09-11T20:56:16+00:00\",\"dateModified\":\"2023-09-11T20:56:56+00:00\",\"breadcrumb\":{\"@id\":\"https:\/\/ikr3ativos.net\/ve\/product\/las-hijas-de-sultana\/#breadcrumb\"},\"inLanguage\":\"es\",\"potentialAction\":[{\"@type\":\"ReadAction\",\"target\":[\"https:\/\/ikr3ativos.net\/ve\/product\/las-hijas-de-sultana\/\"]}]},{\"@type\":\"BreadcrumbList\",\"@id\":\"https:\/\/ikr3ativos.net\/ve\/product\/las-hijas-de-sultana\/#breadcrumb\",\"itemListElement\":[{\"@type\":\"ListItem\",\"position\":1,\"name\":\"Portada\",\"item\":\"https:\/\/ikr3ativos.net\/ve\/\"},{\"@type\":\"ListItem\",\"position\":2,\"name\":\"Tienda\",\"item\":\"https:\/\/ikr3ativos.net\/ve\/tienda\/\"},{\"@type\":\"ListItem\",\"position\":3,\"name\":\"Las Hijas de Sultana\"}]},{\"@type\":\"WebSite\",\"@id\":\"https:\/\/ikr3ativos.net\/ve\/#website\",\"url\":\"https:\/\/ikr3ativos.net\/ve\/\",\"name\":\"iKr3ativos, c.a.\",\"description\":\"Estudio Gr\u00e1fico, Comunicaci\u00f3n y Medios\",\"potentialAction\":[{\"@type\":\"SearchAction\",\"target\":{\"@type\":\"EntryPoint\",\"urlTemplate\":\"https:\/\/ikr3ativos.net\/ve\/?s={search_term_string}\"},\"query-input\":\"required name=search_term_string\"}],\"inLanguage\":\"es\"}]}<\/script>\n<!-- \/ Yoast SEO plugin. -->","yoast_head_json":{"title":"Las Hijas de Sultana - iKr3ativos, c.a.","robots":{"index":"index","follow":"follow","max-snippet":"max-snippet:-1","max-image-preview":"max-image-preview:large","max-video-preview":"max-video-preview:-1"},"canonical":"https:\/\/ikr3ativos.net\/ve\/product\/las-hijas-de-sultana\/","og_locale":"es_ES","og_type":"article","og_title":"Las Hijas de Sultana - iKr3ativos, c.a.","og_description":"Tras las valientes revelaciones de Sultana, el libro en que la princesa contaba su calvario personal, Jean Sasson relata aqu\u00ed la dram\u00e1tica encrucijada que afrontan las hijas de Sultana, la misma que padecen miles de adolescentes saud\u00edes. Educadas en una sociedad intolerante e intransigente, Maha mantiene una escandalosa relaci\u00f3n lesbiana y Amani abraza el fundamentalismo [...]","og_url":"https:\/\/ikr3ativos.net\/ve\/product\/las-hijas-de-sultana\/","og_site_name":"iKr3ativos, c.a.","article_modified_time":"2023-09-11T20:56:56+00:00","twitter_card":"summary_large_image","schema":{"@context":"https:\/\/schema.org","@graph":[{"@type":"WebPage","@id":"https:\/\/ikr3ativos.net\/ve\/product\/las-hijas-de-sultana\/","url":"https:\/\/ikr3ativos.net\/ve\/product\/las-hijas-de-sultana\/","name":"Las Hijas de Sultana - iKr3ativos, c.a.","isPartOf":{"@id":"https:\/\/ikr3ativos.net\/ve\/#website"},"datePublished":"2023-09-11T20:56:16+00:00","dateModified":"2023-09-11T20:56:56+00:00","breadcrumb":{"@id":"https:\/\/ikr3ativos.net\/ve\/product\/las-hijas-de-sultana\/#breadcrumb"},"inLanguage":"es","potentialAction":[{"@type":"ReadAction","target":["https:\/\/ikr3ativos.net\/ve\/product\/las-hijas-de-sultana\/"]}]},{"@type":"BreadcrumbList","@id":"https:\/\/ikr3ativos.net\/ve\/product\/las-hijas-de-sultana\/#breadcrumb","itemListElement":[{"@type":"ListItem","position":1,"name":"Portada","item":"https:\/\/ikr3ativos.net\/ve\/"},{"@type":"ListItem","position":2,"name":"Tienda","item":"https:\/\/ikr3ativos.net\/ve\/tienda\/"},{"@type":"ListItem","position":3,"name":"Las Hijas de Sultana"}]},{"@type":"WebSite","@id":"https:\/\/ikr3ativos.net\/ve\/#website","url":"https:\/\/ikr3ativos.net\/ve\/","name":"iKr3ativos, c.a.","description":"Estudio Gr\u00e1fico, Comunicaci\u00f3n y Medios","potentialAction":[{"@type":"SearchAction","target":{"@type":"EntryPoint","urlTemplate":"https:\/\/ikr3ativos.net\/ve\/?s={search_term_string}"},"query-input":"required name=search_term_string"}],"inLanguage":"es"}]}},"_links":{"self":[{"href":"https:\/\/ikr3ativos.net\/ve\/wp-json\/wp\/v2\/product\/9053","targetHints":{"allow":["GET"]}}],"collection":[{"href":"https:\/\/ikr3ativos.net\/ve\/wp-json\/wp\/v2\/product"}],"about":[{"href":"https:\/\/ikr3ativos.net\/ve\/wp-json\/wp\/v2\/types\/product"}],"replies":[{"embeddable":true,"href":"https:\/\/ikr3ativos.net\/ve\/wp-json\/wp\/v2\/comments?post=9053"}],"wp:featuredmedia":[{"embeddable":true,"href":"https:\/\/ikr3ativos.net\/ve\/wp-json\/wp\/v2\/media\/9094"}],"wp:attachment":[{"href":"https:\/\/ikr3ativos.net\/ve\/wp-json\/wp\/v2\/media?parent=9053"}],"wp:term":[{"taxonomy":"product_brand","embeddable":true,"href":"https:\/\/ikr3ativos.net\/ve\/wp-json\/wp\/v2\/product_brand?post=9053"},{"taxonomy":"product_cat","embeddable":true,"href":"https:\/\/ikr3ativos.net\/ve\/wp-json\/wp\/v2\/product_cat?post=9053"},{"taxonomy":"product_tag","embeddable":true,"href":"https:\/\/ikr3ativos.net\/ve\/wp-json\/wp\/v2\/product_tag?post=9053"}],"curies":[{"name":"wp","href":"https:\/\/api.w.org\/{rel}","templated":true}]}}