{"id":9056,"date":"2023-09-11T20:56:16","date_gmt":"2023-09-11T20:56:16","guid":{"rendered":"https:\/\/ikr3ativos.net\/ve\/?post_type=product&#038;p=9056"},"modified":"2023-09-11T20:57:03","modified_gmt":"2023-09-11T20:57:03","slug":"la-dama-de-friarsgate","status":"publish","type":"product","link":"https:\/\/ikr3ativos.net\/ve\/product\/la-dama-de-friarsgate\/","title":{"rendered":"La Dama de Friarsgate"},"content":{"rendered":"<p>La primera vez que enviud\u00f3, Rosamund Bolton ten\u00eda seis a\u00f1os. La segunda, no hab\u00eda cumplido los trece y a\u00fan era virgen. Comenzaba a desear no serlo, pero la idea de verse libre de marido por el per\u00edodo de luto de un a\u00f1o era muy seductora. Salvo durante tres a\u00f1os, hab\u00eda estado casada toda su vida.<br \/>\nHeredera de Friarsgate, una vasta extensi\u00f3n de tierras entre Inglaterra y Escocia, el destino la llevar\u00e1 de la custodia de un t\u00edo cruel hasta la magn\u00edfica corte de Isabel de York y a los aposentos del joven y fogoso Enrique VIII. El noble sir Owein Meredith la defender\u00e1 de los avances de un pr\u00edncipe y el vehemente Logan Hephurn no se resignar\u00e1 a renunciar a la mujer que ama desde que eran ni\u00f1os, aunque tenga que desafiar los deseos de un rey.<br \/>\nEsta novela, que recrea con fidelidad y ardor las aventuras y romances de una joven heredera inglesa entre los siglos XVI y XVII, es el primer volumen de una saga cautivante<\/p>\n","protected":false},"excerpt":{"rendered":"<p>La primera vez que enviud\u00f3, Rosamund Bolton ten\u00eda seis a\u00f1os. La segunda, no hab\u00eda cumplido los trece y a\u00fan era virgen. Comenzaba a desear no serlo, pero la idea de verse libre de marido por el per\u00edodo de luto de un a\u00f1o era muy seductora. Salvo durante tres a\u00f1os, hab\u00eda estado casada toda su vida. [&#8230;]\n","protected":false},"featured_media":9108,"comment_status":"closed","ping_status":"closed","template":"","meta":{"_acf_changed":false,"_joinchat":[]},"product_brand":[],"product_cat":[191,199],"product_tag":[],"class_list":{"0":"post-9056","1":"product","2":"type-product","3":"status-publish","4":"has-post-thumbnail","6":"product_cat-best-seller","7":"product_cat-romanticos","9":"first","10":"instock","11":"sale","12":"sold-individually","13":"shipping-taxable","14":"purchasable","15":"product-type-simple"},"acf":[],"yoast_head":"<!-- This site is optimized with the Yoast SEO plugin v21.9 - https:\/\/yoast.com\/wordpress\/plugins\/seo\/ -->\n<title>La Dama de Friarsgate - iKr3ativos, c.a.<\/title>\n<meta name=\"robots\" content=\"index, follow, max-snippet:-1, max-image-preview:large, max-video-preview:-1\" \/>\n<link rel=\"canonical\" href=\"https:\/\/ikr3ativos.net\/ve\/product\/la-dama-de-friarsgate\/\" \/>\n<meta property=\"og:locale\" content=\"es_ES\" \/>\n<meta property=\"og:type\" content=\"article\" \/>\n<meta property=\"og:title\" content=\"La Dama de Friarsgate - iKr3ativos, c.a.\" \/>\n<meta property=\"og:description\" content=\"La primera vez que enviud\u00f3, Rosamund Bolton ten\u00eda seis a\u00f1os. La segunda, no hab\u00eda cumplido los trece y a\u00fan era virgen. Comenzaba a desear no serlo, pero la idea de verse libre de marido por el per\u00edodo de luto de un a\u00f1o era muy seductora. Salvo durante tres a\u00f1os, hab\u00eda estado casada toda su vida. [...]\" \/>\n<meta property=\"og:url\" content=\"https:\/\/ikr3ativos.net\/ve\/product\/la-dama-de-friarsgate\/\" \/>\n<meta property=\"og:site_name\" content=\"iKr3ativos, c.a.\" \/>\n<meta property=\"article:modified_time\" content=\"2023-09-11T20:57:03+00:00\" \/>\n<meta name=\"twitter:card\" content=\"summary_large_image\" \/>\n<meta name=\"twitter:label1\" content=\"Tiempo de lectura\" \/>\n\t<meta name=\"twitter:data1\" content=\"1 minuto\" \/>\n<script type=\"application\/ld+json\" class=\"yoast-schema-graph\">{\"@context\":\"https:\/\/schema.org\",\"@graph\":[{\"@type\":\"WebPage\",\"@id\":\"https:\/\/ikr3ativos.net\/ve\/product\/la-dama-de-friarsgate\/\",\"url\":\"https:\/\/ikr3ativos.net\/ve\/product\/la-dama-de-friarsgate\/\",\"name\":\"La Dama de Friarsgate - iKr3ativos, c.a.\",\"isPartOf\":{\"@id\":\"https:\/\/ikr3ativos.net\/ve\/#website\"},\"datePublished\":\"2023-09-11T20:56:16+00:00\",\"dateModified\":\"2023-09-11T20:57:03+00:00\",\"breadcrumb\":{\"@id\":\"https:\/\/ikr3ativos.net\/ve\/product\/la-dama-de-friarsgate\/#breadcrumb\"},\"inLanguage\":\"es\",\"potentialAction\":[{\"@type\":\"ReadAction\",\"target\":[\"https:\/\/ikr3ativos.net\/ve\/product\/la-dama-de-friarsgate\/\"]}]},{\"@type\":\"BreadcrumbList\",\"@id\":\"https:\/\/ikr3ativos.net\/ve\/product\/la-dama-de-friarsgate\/#breadcrumb\",\"itemListElement\":[{\"@type\":\"ListItem\",\"position\":1,\"name\":\"Portada\",\"item\":\"https:\/\/ikr3ativos.net\/ve\/\"},{\"@type\":\"ListItem\",\"position\":2,\"name\":\"Tienda\",\"item\":\"https:\/\/ikr3ativos.net\/ve\/tienda\/\"},{\"@type\":\"ListItem\",\"position\":3,\"name\":\"La Dama de Friarsgate\"}]},{\"@type\":\"WebSite\",\"@id\":\"https:\/\/ikr3ativos.net\/ve\/#website\",\"url\":\"https:\/\/ikr3ativos.net\/ve\/\",\"name\":\"iKr3ativos, c.a.\",\"description\":\"Estudio Gr\u00e1fico, Comunicaci\u00f3n y Medios\",\"potentialAction\":[{\"@type\":\"SearchAction\",\"target\":{\"@type\":\"EntryPoint\",\"urlTemplate\":\"https:\/\/ikr3ativos.net\/ve\/?s={search_term_string}\"},\"query-input\":\"required name=search_term_string\"}],\"inLanguage\":\"es\"}]}<\/script>\n<!-- \/ Yoast SEO plugin. -->","yoast_head_json":{"title":"La Dama de Friarsgate - iKr3ativos, c.a.","robots":{"index":"index","follow":"follow","max-snippet":"max-snippet:-1","max-image-preview":"max-image-preview:large","max-video-preview":"max-video-preview:-1"},"canonical":"https:\/\/ikr3ativos.net\/ve\/product\/la-dama-de-friarsgate\/","og_locale":"es_ES","og_type":"article","og_title":"La Dama de Friarsgate - iKr3ativos, c.a.","og_description":"La primera vez que enviud\u00f3, Rosamund Bolton ten\u00eda seis a\u00f1os. La segunda, no hab\u00eda cumplido los trece y a\u00fan era virgen. Comenzaba a desear no serlo, pero la idea de verse libre de marido por el per\u00edodo de luto de un a\u00f1o era muy seductora. Salvo durante tres a\u00f1os, hab\u00eda estado casada toda su vida. [...]","og_url":"https:\/\/ikr3ativos.net\/ve\/product\/la-dama-de-friarsgate\/","og_site_name":"iKr3ativos, c.a.","article_modified_time":"2023-09-11T20:57:03+00:00","twitter_card":"summary_large_image","twitter_misc":{"Tiempo de lectura":"1 minuto"},"schema":{"@context":"https:\/\/schema.org","@graph":[{"@type":"WebPage","@id":"https:\/\/ikr3ativos.net\/ve\/product\/la-dama-de-friarsgate\/","url":"https:\/\/ikr3ativos.net\/ve\/product\/la-dama-de-friarsgate\/","name":"La Dama de Friarsgate - iKr3ativos, c.a.","isPartOf":{"@id":"https:\/\/ikr3ativos.net\/ve\/#website"},"datePublished":"2023-09-11T20:56:16+00:00","dateModified":"2023-09-11T20:57:03+00:00","breadcrumb":{"@id":"https:\/\/ikr3ativos.net\/ve\/product\/la-dama-de-friarsgate\/#breadcrumb"},"inLanguage":"es","potentialAction":[{"@type":"ReadAction","target":["https:\/\/ikr3ativos.net\/ve\/product\/la-dama-de-friarsgate\/"]}]},{"@type":"BreadcrumbList","@id":"https:\/\/ikr3ativos.net\/ve\/product\/la-dama-de-friarsgate\/#breadcrumb","itemListElement":[{"@type":"ListItem","position":1,"name":"Portada","item":"https:\/\/ikr3ativos.net\/ve\/"},{"@type":"ListItem","position":2,"name":"Tienda","item":"https:\/\/ikr3ativos.net\/ve\/tienda\/"},{"@type":"ListItem","position":3,"name":"La Dama de Friarsgate"}]},{"@type":"WebSite","@id":"https:\/\/ikr3ativos.net\/ve\/#website","url":"https:\/\/ikr3ativos.net\/ve\/","name":"iKr3ativos, c.a.","description":"Estudio Gr\u00e1fico, Comunicaci\u00f3n y Medios","potentialAction":[{"@type":"SearchAction","target":{"@type":"EntryPoint","urlTemplate":"https:\/\/ikr3ativos.net\/ve\/?s={search_term_string}"},"query-input":"required name=search_term_string"}],"inLanguage":"es"}]}},"_links":{"self":[{"href":"https:\/\/ikr3ativos.net\/ve\/wp-json\/wp\/v2\/product\/9056","targetHints":{"allow":["GET"]}}],"collection":[{"href":"https:\/\/ikr3ativos.net\/ve\/wp-json\/wp\/v2\/product"}],"about":[{"href":"https:\/\/ikr3ativos.net\/ve\/wp-json\/wp\/v2\/types\/product"}],"replies":[{"embeddable":true,"href":"https:\/\/ikr3ativos.net\/ve\/wp-json\/wp\/v2\/comments?post=9056"}],"wp:featuredmedia":[{"embeddable":true,"href":"https:\/\/ikr3ativos.net\/ve\/wp-json\/wp\/v2\/media\/9108"}],"wp:attachment":[{"href":"https:\/\/ikr3ativos.net\/ve\/wp-json\/wp\/v2\/media?parent=9056"}],"wp:term":[{"taxonomy":"product_brand","embeddable":true,"href":"https:\/\/ikr3ativos.net\/ve\/wp-json\/wp\/v2\/product_brand?post=9056"},{"taxonomy":"product_cat","embeddable":true,"href":"https:\/\/ikr3ativos.net\/ve\/wp-json\/wp\/v2\/product_cat?post=9056"},{"taxonomy":"product_tag","embeddable":true,"href":"https:\/\/ikr3ativos.net\/ve\/wp-json\/wp\/v2\/product_tag?post=9056"}],"curies":[{"name":"wp","href":"https:\/\/api.w.org\/{rel}","templated":true}]}}