{"id":9061,"date":"2023-09-11T20:56:16","date_gmt":"2023-09-11T20:56:16","guid":{"rendered":"https:\/\/ikr3ativos.net\/ve\/?post_type=product&#038;p=9061"},"modified":"2023-09-11T20:57:12","modified_gmt":"2023-09-11T20:57:12","slug":"la-boca-del-nilo","status":"publish","type":"product","link":"https:\/\/ikr3ativos.net\/ve\/product\/la-boca-del-nilo\/","title":{"rendered":"La Boca del nilo"},"content":{"rendered":"<p>En tiempos de Ner\u00f3n, una expedici\u00f3n se dispone a seguir el curso del Nilo con el prop\u00f3sito de conquistar nuevas tierras a\u00fan por descubrir y, al mismo tiempo, abrir un nuevo mercado con el que comerciar. Los riesgos son evidentes, y los problemas con los gu\u00edas y las luchas internas entre los componenetes de la expedici\u00f3n.<br \/>\nA partir de un detallado conocimiento de los espacios y la \u00e9poca, Le\u00f3n Arsenal reconstruye una aventura en la que vemos al hombre luchando contra los elementos, y al mismo tiempo contra s\u00ed mismo. La perfecta definici\u00f3n de la extensa galer\u00eda de personajes, en la que destacan el pretoriano Claudio Emiliano, el prefecto Tito y la bella sacerdotisa Senseneb, contribuye a transmitir una intensa sensaci\u00f3n de vida y conforman una trama de alta tensi\u00f3n.<br \/>\nSi bien es una expedici\u00f3n documentada en algunos textos cl\u00e1sicos (particularmente S\u00e9neca y Plinio el Viejo), solemos vincular el descubrimiento de las fuentes del Nilo a las expediciones del siglo XIX, por lo que resulta un aut\u00e9ntico descubrimiento conocer las circunstancias y avatares de esta expedici\u00f3n ordenada por el propio Ner\u00f3n.<\/p>\n","protected":false},"excerpt":{"rendered":"<p>En tiempos de Ner\u00f3n, una expedici\u00f3n se dispone a seguir el curso del Nilo con el prop\u00f3sito de conquistar nuevas tierras a\u00fan por descubrir y, al mismo tiempo, abrir un nuevo mercado con el que comerciar. Los riesgos son evidentes, y los problemas con los gu\u00edas y las luchas internas entre los componenetes de la [&#8230;]\n","protected":false},"featured_media":9113,"comment_status":"closed","ping_status":"closed","template":"","meta":{"_acf_changed":false,"_joinchat":[]},"product_brand":[],"product_cat":[191],"product_tag":[],"class_list":{"0":"post-9061","1":"product","2":"type-product","3":"status-publish","4":"has-post-thumbnail","6":"product_cat-best-seller","8":"first","9":"instock","10":"sale","11":"sold-individually","12":"shipping-taxable","13":"purchasable","14":"product-type-simple"},"acf":[],"yoast_head":"<!-- This site is optimized with the Yoast SEO plugin v21.9 - https:\/\/yoast.com\/wordpress\/plugins\/seo\/ -->\n<title>La Boca del nilo - iKr3ativos, c.a.<\/title>\n<meta name=\"robots\" content=\"index, follow, max-snippet:-1, max-image-preview:large, max-video-preview:-1\" \/>\n<link rel=\"canonical\" href=\"https:\/\/ikr3ativos.net\/ve\/product\/la-boca-del-nilo\/\" \/>\n<meta property=\"og:locale\" content=\"es_ES\" \/>\n<meta property=\"og:type\" content=\"article\" \/>\n<meta property=\"og:title\" content=\"La Boca del nilo - iKr3ativos, c.a.\" \/>\n<meta property=\"og:description\" content=\"En tiempos de Ner\u00f3n, una expedici\u00f3n se dispone a seguir el curso del Nilo con el prop\u00f3sito de conquistar nuevas tierras a\u00fan por descubrir y, al mismo tiempo, abrir un nuevo mercado con el que comerciar. Los riesgos son evidentes, y los problemas con los gu\u00edas y las luchas internas entre los componenetes de la [...]\" \/>\n<meta property=\"og:url\" content=\"https:\/\/ikr3ativos.net\/ve\/product\/la-boca-del-nilo\/\" \/>\n<meta property=\"og:site_name\" content=\"iKr3ativos, c.a.\" \/>\n<meta property=\"article:modified_time\" content=\"2023-09-11T20:57:12+00:00\" \/>\n<meta name=\"twitter:card\" content=\"summary_large_image\" \/>\n<meta name=\"twitter:label1\" content=\"Tiempo de lectura\" \/>\n\t<meta name=\"twitter:data1\" content=\"1 minuto\" \/>\n<script type=\"application\/ld+json\" class=\"yoast-schema-graph\">{\"@context\":\"https:\/\/schema.org\",\"@graph\":[{\"@type\":\"WebPage\",\"@id\":\"https:\/\/ikr3ativos.net\/ve\/product\/la-boca-del-nilo\/\",\"url\":\"https:\/\/ikr3ativos.net\/ve\/product\/la-boca-del-nilo\/\",\"name\":\"La Boca del nilo - iKr3ativos, c.a.\",\"isPartOf\":{\"@id\":\"https:\/\/ikr3ativos.net\/ve\/#website\"},\"datePublished\":\"2023-09-11T20:56:16+00:00\",\"dateModified\":\"2023-09-11T20:57:12+00:00\",\"breadcrumb\":{\"@id\":\"https:\/\/ikr3ativos.net\/ve\/product\/la-boca-del-nilo\/#breadcrumb\"},\"inLanguage\":\"es\",\"potentialAction\":[{\"@type\":\"ReadAction\",\"target\":[\"https:\/\/ikr3ativos.net\/ve\/product\/la-boca-del-nilo\/\"]}]},{\"@type\":\"BreadcrumbList\",\"@id\":\"https:\/\/ikr3ativos.net\/ve\/product\/la-boca-del-nilo\/#breadcrumb\",\"itemListElement\":[{\"@type\":\"ListItem\",\"position\":1,\"name\":\"Portada\",\"item\":\"https:\/\/ikr3ativos.net\/ve\/\"},{\"@type\":\"ListItem\",\"position\":2,\"name\":\"Tienda\",\"item\":\"https:\/\/ikr3ativos.net\/ve\/tienda\/\"},{\"@type\":\"ListItem\",\"position\":3,\"name\":\"La Boca del nilo\"}]},{\"@type\":\"WebSite\",\"@id\":\"https:\/\/ikr3ativos.net\/ve\/#website\",\"url\":\"https:\/\/ikr3ativos.net\/ve\/\",\"name\":\"iKr3ativos, c.a.\",\"description\":\"Estudio Gr\u00e1fico, Comunicaci\u00f3n y Medios\",\"potentialAction\":[{\"@type\":\"SearchAction\",\"target\":{\"@type\":\"EntryPoint\",\"urlTemplate\":\"https:\/\/ikr3ativos.net\/ve\/?s={search_term_string}\"},\"query-input\":\"required name=search_term_string\"}],\"inLanguage\":\"es\"}]}<\/script>\n<!-- \/ Yoast SEO plugin. -->","yoast_head_json":{"title":"La Boca del nilo - iKr3ativos, c.a.","robots":{"index":"index","follow":"follow","max-snippet":"max-snippet:-1","max-image-preview":"max-image-preview:large","max-video-preview":"max-video-preview:-1"},"canonical":"https:\/\/ikr3ativos.net\/ve\/product\/la-boca-del-nilo\/","og_locale":"es_ES","og_type":"article","og_title":"La Boca del nilo - iKr3ativos, c.a.","og_description":"En tiempos de Ner\u00f3n, una expedici\u00f3n se dispone a seguir el curso del Nilo con el prop\u00f3sito de conquistar nuevas tierras a\u00fan por descubrir y, al mismo tiempo, abrir un nuevo mercado con el que comerciar. Los riesgos son evidentes, y los problemas con los gu\u00edas y las luchas internas entre los componenetes de la [...]","og_url":"https:\/\/ikr3ativos.net\/ve\/product\/la-boca-del-nilo\/","og_site_name":"iKr3ativos, c.a.","article_modified_time":"2023-09-11T20:57:12+00:00","twitter_card":"summary_large_image","twitter_misc":{"Tiempo de lectura":"1 minuto"},"schema":{"@context":"https:\/\/schema.org","@graph":[{"@type":"WebPage","@id":"https:\/\/ikr3ativos.net\/ve\/product\/la-boca-del-nilo\/","url":"https:\/\/ikr3ativos.net\/ve\/product\/la-boca-del-nilo\/","name":"La Boca del nilo - iKr3ativos, c.a.","isPartOf":{"@id":"https:\/\/ikr3ativos.net\/ve\/#website"},"datePublished":"2023-09-11T20:56:16+00:00","dateModified":"2023-09-11T20:57:12+00:00","breadcrumb":{"@id":"https:\/\/ikr3ativos.net\/ve\/product\/la-boca-del-nilo\/#breadcrumb"},"inLanguage":"es","potentialAction":[{"@type":"ReadAction","target":["https:\/\/ikr3ativos.net\/ve\/product\/la-boca-del-nilo\/"]}]},{"@type":"BreadcrumbList","@id":"https:\/\/ikr3ativos.net\/ve\/product\/la-boca-del-nilo\/#breadcrumb","itemListElement":[{"@type":"ListItem","position":1,"name":"Portada","item":"https:\/\/ikr3ativos.net\/ve\/"},{"@type":"ListItem","position":2,"name":"Tienda","item":"https:\/\/ikr3ativos.net\/ve\/tienda\/"},{"@type":"ListItem","position":3,"name":"La Boca del nilo"}]},{"@type":"WebSite","@id":"https:\/\/ikr3ativos.net\/ve\/#website","url":"https:\/\/ikr3ativos.net\/ve\/","name":"iKr3ativos, c.a.","description":"Estudio Gr\u00e1fico, Comunicaci\u00f3n y Medios","potentialAction":[{"@type":"SearchAction","target":{"@type":"EntryPoint","urlTemplate":"https:\/\/ikr3ativos.net\/ve\/?s={search_term_string}"},"query-input":"required name=search_term_string"}],"inLanguage":"es"}]}},"_links":{"self":[{"href":"https:\/\/ikr3ativos.net\/ve\/wp-json\/wp\/v2\/product\/9061","targetHints":{"allow":["GET"]}}],"collection":[{"href":"https:\/\/ikr3ativos.net\/ve\/wp-json\/wp\/v2\/product"}],"about":[{"href":"https:\/\/ikr3ativos.net\/ve\/wp-json\/wp\/v2\/types\/product"}],"replies":[{"embeddable":true,"href":"https:\/\/ikr3ativos.net\/ve\/wp-json\/wp\/v2\/comments?post=9061"}],"wp:featuredmedia":[{"embeddable":true,"href":"https:\/\/ikr3ativos.net\/ve\/wp-json\/wp\/v2\/media\/9113"}],"wp:attachment":[{"href":"https:\/\/ikr3ativos.net\/ve\/wp-json\/wp\/v2\/media?parent=9061"}],"wp:term":[{"taxonomy":"product_brand","embeddable":true,"href":"https:\/\/ikr3ativos.net\/ve\/wp-json\/wp\/v2\/product_brand?post=9061"},{"taxonomy":"product_cat","embeddable":true,"href":"https:\/\/ikr3ativos.net\/ve\/wp-json\/wp\/v2\/product_cat?post=9061"},{"taxonomy":"product_tag","embeddable":true,"href":"https:\/\/ikr3ativos.net\/ve\/wp-json\/wp\/v2\/product_tag?post=9061"}],"curies":[{"name":"wp","href":"https:\/\/api.w.org\/{rel}","templated":true}]}}