{"id":9084,"date":"2023-09-11T20:56:38","date_gmt":"2023-09-11T20:56:38","guid":{"rendered":"https:\/\/ikr3ativos.net\/ve\/?post_type=product&#038;p=9084"},"modified":"2023-09-11T20:57:36","modified_gmt":"2023-09-11T20:57:36","slug":"la-cortesana-y-el-samurai","status":"publish","type":"product","link":"https:\/\/ikr3ativos.net\/ve\/product\/la-cortesana-y-el-samurai\/","title":{"rendered":"La Cortesana y El Samurai"},"content":{"rendered":"<p>Un relato \u00e9pico de amor en tiempos de guerra. En 1868, en los barrios del placer ex\u00f3tico del Jap\u00f3n, donde el sexo est\u00e1 en venta y el \u00fanico fruto prohibido es el amor, un soldado fugitivo est\u00e1 a punto de conocer a una bella cortesana. Hana tiene diecisiete a\u00f1os cuando su marido parte a la guerra, dej\u00e1ndola sola. Para salvar la vida, huye de su casa y se refugia en Yoshiwara, el famoso barrio del placer. All\u00ed se ve forzada a formarse como cortesana. Yozo, un viajero, aventurero y brillante espadach\u00edn, regresa a Jap\u00f3n despu\u00e9s de cuatro a\u00f1os en el Occidente victoriano. Viaja al norte para unirse a sus camaradas rebeldes, pero es capturado durante su batalla fi nal. Escapa y se dirige al sur, al \u00fanico lugar donde un hombre est\u00e1 fuera del alcance de la ley: el Yoshiwara. All\u00ed, en la Ciudad Sin Noche, donde tres mil cortesanas se mezclan con geishas y bufones, el maltrecho fugitivo conoce a la hermosa cortesana. Pero cada uno guarda un secreto tan terrible que, una vez revelado, amenazar\u00e1 sus vidas&#8230;<\/p>\n","protected":false},"excerpt":{"rendered":"<p>Un relato \u00e9pico de amor en tiempos de guerra. En 1868, en los barrios del placer ex\u00f3tico del Jap\u00f3n, donde el sexo est\u00e1 en venta y el \u00fanico fruto prohibido es el amor, un soldado fugitivo est\u00e1 a punto de conocer a una bella cortesana. Hana tiene diecisiete a\u00f1os cuando su marido parte a la [&#8230;]\n","protected":false},"featured_media":9135,"comment_status":"closed","ping_status":"closed","template":"","meta":{"_acf_changed":false,"_joinchat":[]},"product_brand":[],"product_cat":[191,201,199],"product_tag":[],"class_list":{"0":"post-9084","1":"product","2":"type-product","3":"status-publish","4":"has-post-thumbnail","6":"product_cat-best-seller","7":"product_cat-historicos","8":"product_cat-romanticos","10":"first","11":"instock","12":"sold-individually","13":"shipping-taxable","14":"purchasable","15":"product-type-simple"},"acf":[],"yoast_head":"<!-- This site is optimized with the Yoast SEO plugin v21.9 - https:\/\/yoast.com\/wordpress\/plugins\/seo\/ -->\n<title>La Cortesana y El Samurai - iKr3ativos, c.a.<\/title>\n<meta name=\"robots\" content=\"index, follow, max-snippet:-1, max-image-preview:large, max-video-preview:-1\" \/>\n<link rel=\"canonical\" href=\"https:\/\/ikr3ativos.net\/ve\/product\/la-cortesana-y-el-samurai\/\" \/>\n<meta property=\"og:locale\" content=\"es_ES\" \/>\n<meta property=\"og:type\" content=\"article\" \/>\n<meta property=\"og:title\" content=\"La Cortesana y El Samurai - iKr3ativos, c.a.\" \/>\n<meta property=\"og:description\" content=\"Un relato \u00e9pico de amor en tiempos de guerra. En 1868, en los barrios del placer ex\u00f3tico del Jap\u00f3n, donde el sexo est\u00e1 en venta y el \u00fanico fruto prohibido es el amor, un soldado fugitivo est\u00e1 a punto de conocer a una bella cortesana. Hana tiene diecisiete a\u00f1os cuando su marido parte a la [...]\" \/>\n<meta property=\"og:url\" content=\"https:\/\/ikr3ativos.net\/ve\/product\/la-cortesana-y-el-samurai\/\" \/>\n<meta property=\"og:site_name\" content=\"iKr3ativos, c.a.\" \/>\n<meta property=\"article:modified_time\" content=\"2023-09-11T20:57:36+00:00\" \/>\n<meta name=\"twitter:card\" content=\"summary_large_image\" \/>\n<meta name=\"twitter:label1\" content=\"Tiempo de lectura\" \/>\n\t<meta name=\"twitter:data1\" content=\"1 minuto\" \/>\n<script type=\"application\/ld+json\" class=\"yoast-schema-graph\">{\"@context\":\"https:\/\/schema.org\",\"@graph\":[{\"@type\":\"WebPage\",\"@id\":\"https:\/\/ikr3ativos.net\/ve\/product\/la-cortesana-y-el-samurai\/\",\"url\":\"https:\/\/ikr3ativos.net\/ve\/product\/la-cortesana-y-el-samurai\/\",\"name\":\"La Cortesana y El Samurai - iKr3ativos, c.a.\",\"isPartOf\":{\"@id\":\"https:\/\/ikr3ativos.net\/ve\/#website\"},\"datePublished\":\"2023-09-11T20:56:38+00:00\",\"dateModified\":\"2023-09-11T20:57:36+00:00\",\"breadcrumb\":{\"@id\":\"https:\/\/ikr3ativos.net\/ve\/product\/la-cortesana-y-el-samurai\/#breadcrumb\"},\"inLanguage\":\"es\",\"potentialAction\":[{\"@type\":\"ReadAction\",\"target\":[\"https:\/\/ikr3ativos.net\/ve\/product\/la-cortesana-y-el-samurai\/\"]}]},{\"@type\":\"BreadcrumbList\",\"@id\":\"https:\/\/ikr3ativos.net\/ve\/product\/la-cortesana-y-el-samurai\/#breadcrumb\",\"itemListElement\":[{\"@type\":\"ListItem\",\"position\":1,\"name\":\"Portada\",\"item\":\"https:\/\/ikr3ativos.net\/ve\/\"},{\"@type\":\"ListItem\",\"position\":2,\"name\":\"Tienda\",\"item\":\"https:\/\/ikr3ativos.net\/ve\/tienda\/\"},{\"@type\":\"ListItem\",\"position\":3,\"name\":\"La Cortesana y El Samurai\"}]},{\"@type\":\"WebSite\",\"@id\":\"https:\/\/ikr3ativos.net\/ve\/#website\",\"url\":\"https:\/\/ikr3ativos.net\/ve\/\",\"name\":\"iKr3ativos, c.a.\",\"description\":\"Estudio Gr\u00e1fico, Comunicaci\u00f3n y Medios\",\"potentialAction\":[{\"@type\":\"SearchAction\",\"target\":{\"@type\":\"EntryPoint\",\"urlTemplate\":\"https:\/\/ikr3ativos.net\/ve\/?s={search_term_string}\"},\"query-input\":\"required name=search_term_string\"}],\"inLanguage\":\"es\"}]}<\/script>\n<!-- \/ Yoast SEO plugin. -->","yoast_head_json":{"title":"La Cortesana y El Samurai - iKr3ativos, c.a.","robots":{"index":"index","follow":"follow","max-snippet":"max-snippet:-1","max-image-preview":"max-image-preview:large","max-video-preview":"max-video-preview:-1"},"canonical":"https:\/\/ikr3ativos.net\/ve\/product\/la-cortesana-y-el-samurai\/","og_locale":"es_ES","og_type":"article","og_title":"La Cortesana y El Samurai - iKr3ativos, c.a.","og_description":"Un relato \u00e9pico de amor en tiempos de guerra. En 1868, en los barrios del placer ex\u00f3tico del Jap\u00f3n, donde el sexo est\u00e1 en venta y el \u00fanico fruto prohibido es el amor, un soldado fugitivo est\u00e1 a punto de conocer a una bella cortesana. Hana tiene diecisiete a\u00f1os cuando su marido parte a la [...]","og_url":"https:\/\/ikr3ativos.net\/ve\/product\/la-cortesana-y-el-samurai\/","og_site_name":"iKr3ativos, c.a.","article_modified_time":"2023-09-11T20:57:36+00:00","twitter_card":"summary_large_image","twitter_misc":{"Tiempo de lectura":"1 minuto"},"schema":{"@context":"https:\/\/schema.org","@graph":[{"@type":"WebPage","@id":"https:\/\/ikr3ativos.net\/ve\/product\/la-cortesana-y-el-samurai\/","url":"https:\/\/ikr3ativos.net\/ve\/product\/la-cortesana-y-el-samurai\/","name":"La Cortesana y El Samurai - iKr3ativos, c.a.","isPartOf":{"@id":"https:\/\/ikr3ativos.net\/ve\/#website"},"datePublished":"2023-09-11T20:56:38+00:00","dateModified":"2023-09-11T20:57:36+00:00","breadcrumb":{"@id":"https:\/\/ikr3ativos.net\/ve\/product\/la-cortesana-y-el-samurai\/#breadcrumb"},"inLanguage":"es","potentialAction":[{"@type":"ReadAction","target":["https:\/\/ikr3ativos.net\/ve\/product\/la-cortesana-y-el-samurai\/"]}]},{"@type":"BreadcrumbList","@id":"https:\/\/ikr3ativos.net\/ve\/product\/la-cortesana-y-el-samurai\/#breadcrumb","itemListElement":[{"@type":"ListItem","position":1,"name":"Portada","item":"https:\/\/ikr3ativos.net\/ve\/"},{"@type":"ListItem","position":2,"name":"Tienda","item":"https:\/\/ikr3ativos.net\/ve\/tienda\/"},{"@type":"ListItem","position":3,"name":"La Cortesana y El Samurai"}]},{"@type":"WebSite","@id":"https:\/\/ikr3ativos.net\/ve\/#website","url":"https:\/\/ikr3ativos.net\/ve\/","name":"iKr3ativos, c.a.","description":"Estudio Gr\u00e1fico, Comunicaci\u00f3n y Medios","potentialAction":[{"@type":"SearchAction","target":{"@type":"EntryPoint","urlTemplate":"https:\/\/ikr3ativos.net\/ve\/?s={search_term_string}"},"query-input":"required name=search_term_string"}],"inLanguage":"es"}]}},"_links":{"self":[{"href":"https:\/\/ikr3ativos.net\/ve\/wp-json\/wp\/v2\/product\/9084","targetHints":{"allow":["GET"]}}],"collection":[{"href":"https:\/\/ikr3ativos.net\/ve\/wp-json\/wp\/v2\/product"}],"about":[{"href":"https:\/\/ikr3ativos.net\/ve\/wp-json\/wp\/v2\/types\/product"}],"replies":[{"embeddable":true,"href":"https:\/\/ikr3ativos.net\/ve\/wp-json\/wp\/v2\/comments?post=9084"}],"wp:featuredmedia":[{"embeddable":true,"href":"https:\/\/ikr3ativos.net\/ve\/wp-json\/wp\/v2\/media\/9135"}],"wp:attachment":[{"href":"https:\/\/ikr3ativos.net\/ve\/wp-json\/wp\/v2\/media?parent=9084"}],"wp:term":[{"taxonomy":"product_brand","embeddable":true,"href":"https:\/\/ikr3ativos.net\/ve\/wp-json\/wp\/v2\/product_brand?post=9084"},{"taxonomy":"product_cat","embeddable":true,"href":"https:\/\/ikr3ativos.net\/ve\/wp-json\/wp\/v2\/product_cat?post=9084"},{"taxonomy":"product_tag","embeddable":true,"href":"https:\/\/ikr3ativos.net\/ve\/wp-json\/wp\/v2\/product_tag?post=9084"}],"curies":[{"name":"wp","href":"https:\/\/api.w.org\/{rel}","templated":true}]}}