{"id":9096,"date":"2023-09-11T20:56:59","date_gmt":"2023-09-11T20:56:59","guid":{"rendered":"https:\/\/ikr3ativos.net\/ve\/?post_type=product&#038;p=9096"},"modified":"2023-09-11T20:57:38","modified_gmt":"2023-09-11T20:57:38","slug":"la-cuarta-cripta","status":"publish","type":"product","link":"https:\/\/ikr3ativos.net\/ve\/product\/la-cuarta-cripta\/","title":{"rendered":"La Cuarta Cripta"},"content":{"rendered":"<p>El experimento m\u00e1s escalofriante de todos los tiempos est\u00e1 a punto de comenzar. El presidente lo ignora por completo. La prensa tambi\u00e9n. Se trata de un experimento secreto, que se est\u00e1 llevando a cabo en una base militar de Nuevo M\u00e9xico y que puede resultar catastr\u00f3fico. Nadie sabe nada tampoco sobre el inquietante hallazgo de un arque\u00f3logo en la Gran Pir\u00e1mide de Egipto, que puede cambiar el mundo. Lo \u00fanico cierto en esta cadena de enigmas y revelaciones que hielan la sangre es que algo terrible est\u00e1 por ocurrir, una cat\u00e1strofe que la consejera en asuntos cient\u00edficos del presidente deber\u00e1 evitar, cueste lo que cueste.<\/p>\n","protected":false},"excerpt":{"rendered":"<p>El experimento m\u00e1s escalofriante de todos los tiempos est\u00e1 a punto de comenzar. El presidente lo ignora por completo. La prensa tambi\u00e9n. Se trata de un experimento secreto, que se est\u00e1 llevando a cabo en una base militar de Nuevo M\u00e9xico y que puede resultar catastr\u00f3fico. Nadie sabe nada tampoco sobre el inquietante hallazgo de [&#8230;]\n","protected":false},"featured_media":9136,"comment_status":"closed","ping_status":"closed","template":"","meta":{"_acf_changed":false,"_joinchat":[]},"product_brand":[],"product_cat":[202,191],"product_tag":[],"class_list":{"0":"post-9096","1":"product","2":"type-product","3":"status-publish","4":"has-post-thumbnail","6":"product_cat-accion","7":"product_cat-best-seller","9":"first","10":"outofstock","11":"sold-individually","12":"shipping-taxable","13":"purchasable","14":"product-type-simple"},"acf":[],"yoast_head":"<!-- This site is optimized with the Yoast SEO plugin v21.9 - https:\/\/yoast.com\/wordpress\/plugins\/seo\/ -->\n<title>La Cuarta Cripta - iKr3ativos, c.a.<\/title>\n<meta name=\"robots\" content=\"index, follow, max-snippet:-1, max-image-preview:large, max-video-preview:-1\" \/>\n<link rel=\"canonical\" href=\"https:\/\/ikr3ativos.net\/ve\/product\/la-cuarta-cripta\/\" \/>\n<meta property=\"og:locale\" content=\"es_ES\" \/>\n<meta property=\"og:type\" content=\"article\" \/>\n<meta property=\"og:title\" content=\"La Cuarta Cripta - iKr3ativos, c.a.\" \/>\n<meta property=\"og:description\" content=\"El experimento m\u00e1s escalofriante de todos los tiempos est\u00e1 a punto de comenzar. El presidente lo ignora por completo. La prensa tambi\u00e9n. Se trata de un experimento secreto, que se est\u00e1 llevando a cabo en una base militar de Nuevo M\u00e9xico y que puede resultar catastr\u00f3fico. Nadie sabe nada tampoco sobre el inquietante hallazgo de [...]\" \/>\n<meta property=\"og:url\" content=\"https:\/\/ikr3ativos.net\/ve\/product\/la-cuarta-cripta\/\" \/>\n<meta property=\"og:site_name\" content=\"iKr3ativos, c.a.\" \/>\n<meta property=\"article:modified_time\" content=\"2023-09-11T20:57:38+00:00\" \/>\n<meta name=\"twitter:card\" content=\"summary_large_image\" \/>\n<meta name=\"twitter:label1\" content=\"Tiempo de lectura\" \/>\n\t<meta name=\"twitter:data1\" content=\"1 minuto\" \/>\n<script type=\"application\/ld+json\" class=\"yoast-schema-graph\">{\"@context\":\"https:\/\/schema.org\",\"@graph\":[{\"@type\":\"WebPage\",\"@id\":\"https:\/\/ikr3ativos.net\/ve\/product\/la-cuarta-cripta\/\",\"url\":\"https:\/\/ikr3ativos.net\/ve\/product\/la-cuarta-cripta\/\",\"name\":\"La Cuarta Cripta - iKr3ativos, c.a.\",\"isPartOf\":{\"@id\":\"https:\/\/ikr3ativos.net\/ve\/#website\"},\"datePublished\":\"2023-09-11T20:56:59+00:00\",\"dateModified\":\"2023-09-11T20:57:38+00:00\",\"breadcrumb\":{\"@id\":\"https:\/\/ikr3ativos.net\/ve\/product\/la-cuarta-cripta\/#breadcrumb\"},\"inLanguage\":\"es\",\"potentialAction\":[{\"@type\":\"ReadAction\",\"target\":[\"https:\/\/ikr3ativos.net\/ve\/product\/la-cuarta-cripta\/\"]}]},{\"@type\":\"BreadcrumbList\",\"@id\":\"https:\/\/ikr3ativos.net\/ve\/product\/la-cuarta-cripta\/#breadcrumb\",\"itemListElement\":[{\"@type\":\"ListItem\",\"position\":1,\"name\":\"Portada\",\"item\":\"https:\/\/ikr3ativos.net\/ve\/\"},{\"@type\":\"ListItem\",\"position\":2,\"name\":\"Tienda\",\"item\":\"https:\/\/ikr3ativos.net\/ve\/tienda\/\"},{\"@type\":\"ListItem\",\"position\":3,\"name\":\"La Cuarta Cripta\"}]},{\"@type\":\"WebSite\",\"@id\":\"https:\/\/ikr3ativos.net\/ve\/#website\",\"url\":\"https:\/\/ikr3ativos.net\/ve\/\",\"name\":\"iKr3ativos, c.a.\",\"description\":\"Estudio Gr\u00e1fico, Comunicaci\u00f3n y Medios\",\"potentialAction\":[{\"@type\":\"SearchAction\",\"target\":{\"@type\":\"EntryPoint\",\"urlTemplate\":\"https:\/\/ikr3ativos.net\/ve\/?s={search_term_string}\"},\"query-input\":\"required name=search_term_string\"}],\"inLanguage\":\"es\"}]}<\/script>\n<!-- \/ Yoast SEO plugin. -->","yoast_head_json":{"title":"La Cuarta Cripta - iKr3ativos, c.a.","robots":{"index":"index","follow":"follow","max-snippet":"max-snippet:-1","max-image-preview":"max-image-preview:large","max-video-preview":"max-video-preview:-1"},"canonical":"https:\/\/ikr3ativos.net\/ve\/product\/la-cuarta-cripta\/","og_locale":"es_ES","og_type":"article","og_title":"La Cuarta Cripta - iKr3ativos, c.a.","og_description":"El experimento m\u00e1s escalofriante de todos los tiempos est\u00e1 a punto de comenzar. El presidente lo ignora por completo. La prensa tambi\u00e9n. Se trata de un experimento secreto, que se est\u00e1 llevando a cabo en una base militar de Nuevo M\u00e9xico y que puede resultar catastr\u00f3fico. Nadie sabe nada tampoco sobre el inquietante hallazgo de [...]","og_url":"https:\/\/ikr3ativos.net\/ve\/product\/la-cuarta-cripta\/","og_site_name":"iKr3ativos, c.a.","article_modified_time":"2023-09-11T20:57:38+00:00","twitter_card":"summary_large_image","twitter_misc":{"Tiempo de lectura":"1 minuto"},"schema":{"@context":"https:\/\/schema.org","@graph":[{"@type":"WebPage","@id":"https:\/\/ikr3ativos.net\/ve\/product\/la-cuarta-cripta\/","url":"https:\/\/ikr3ativos.net\/ve\/product\/la-cuarta-cripta\/","name":"La Cuarta Cripta - iKr3ativos, c.a.","isPartOf":{"@id":"https:\/\/ikr3ativos.net\/ve\/#website"},"datePublished":"2023-09-11T20:56:59+00:00","dateModified":"2023-09-11T20:57:38+00:00","breadcrumb":{"@id":"https:\/\/ikr3ativos.net\/ve\/product\/la-cuarta-cripta\/#breadcrumb"},"inLanguage":"es","potentialAction":[{"@type":"ReadAction","target":["https:\/\/ikr3ativos.net\/ve\/product\/la-cuarta-cripta\/"]}]},{"@type":"BreadcrumbList","@id":"https:\/\/ikr3ativos.net\/ve\/product\/la-cuarta-cripta\/#breadcrumb","itemListElement":[{"@type":"ListItem","position":1,"name":"Portada","item":"https:\/\/ikr3ativos.net\/ve\/"},{"@type":"ListItem","position":2,"name":"Tienda","item":"https:\/\/ikr3ativos.net\/ve\/tienda\/"},{"@type":"ListItem","position":3,"name":"La Cuarta Cripta"}]},{"@type":"WebSite","@id":"https:\/\/ikr3ativos.net\/ve\/#website","url":"https:\/\/ikr3ativos.net\/ve\/","name":"iKr3ativos, c.a.","description":"Estudio Gr\u00e1fico, Comunicaci\u00f3n y Medios","potentialAction":[{"@type":"SearchAction","target":{"@type":"EntryPoint","urlTemplate":"https:\/\/ikr3ativos.net\/ve\/?s={search_term_string}"},"query-input":"required name=search_term_string"}],"inLanguage":"es"}]}},"_links":{"self":[{"href":"https:\/\/ikr3ativos.net\/ve\/wp-json\/wp\/v2\/product\/9096","targetHints":{"allow":["GET"]}}],"collection":[{"href":"https:\/\/ikr3ativos.net\/ve\/wp-json\/wp\/v2\/product"}],"about":[{"href":"https:\/\/ikr3ativos.net\/ve\/wp-json\/wp\/v2\/types\/product"}],"replies":[{"embeddable":true,"href":"https:\/\/ikr3ativos.net\/ve\/wp-json\/wp\/v2\/comments?post=9096"}],"wp:featuredmedia":[{"embeddable":true,"href":"https:\/\/ikr3ativos.net\/ve\/wp-json\/wp\/v2\/media\/9136"}],"wp:attachment":[{"href":"https:\/\/ikr3ativos.net\/ve\/wp-json\/wp\/v2\/media?parent=9096"}],"wp:term":[{"taxonomy":"product_brand","embeddable":true,"href":"https:\/\/ikr3ativos.net\/ve\/wp-json\/wp\/v2\/product_brand?post=9096"},{"taxonomy":"product_cat","embeddable":true,"href":"https:\/\/ikr3ativos.net\/ve\/wp-json\/wp\/v2\/product_cat?post=9096"},{"taxonomy":"product_tag","embeddable":true,"href":"https:\/\/ikr3ativos.net\/ve\/wp-json\/wp\/v2\/product_tag?post=9096"}],"curies":[{"name":"wp","href":"https:\/\/api.w.org\/{rel}","templated":true}]}}