{"id":9103,"date":"2023-09-11T20:56:59","date_gmt":"2023-09-11T20:56:59","guid":{"rendered":"https:\/\/ikr3ativos.net\/ve\/?post_type=product&#038;p=9103"},"modified":"2023-09-11T20:57:51","modified_gmt":"2023-09-11T20:57:51","slug":"la-hija-del-apocalipsis","status":"publish","type":"product","link":"https:\/\/ikr3ativos.net\/ve\/product\/la-hija-del-apocalipsis\/","title":{"rendered":"La hija del Apocalipsis"},"content":{"rendered":"<p>En Nueva Orleans, Holly, una ni\u00f1a de once a\u00f1os perdida entre una multitud de escombros y refugiados, pide auxilio. Tiene miedo del hurac\u00e1n que arrasa su ciudad, de haber perdido a sus padres y tambi\u00e9n de que algo horrible se haya introducido en su interior: Holly sabe que durante el devastador temporal una mujer moribunda le ha transmitido unos poderes extraordinarios. La ni\u00f1a ha sido elegida para recibir un legado ancestral, protegido hasta ahora por una estirpe de longevas mujeres, que la convierte en el objeto de deseo de un ser tenebroso que amenaza con destruir el mundo.<\/p>\n","protected":false},"excerpt":{"rendered":"<p>En Nueva Orleans, Holly, una ni\u00f1a de once a\u00f1os perdida entre una multitud de escombros y refugiados, pide auxilio. Tiene miedo del hurac\u00e1n que arrasa su ciudad, de haber perdido a sus padres y tambi\u00e9n de que algo horrible se haya introducido en su interior: Holly sabe que durante el devastador temporal una mujer moribunda [&#8230;]\n","protected":false},"featured_media":9154,"comment_status":"closed","ping_status":"closed","template":"","meta":{"_acf_changed":false,"_joinchat":[]},"product_brand":[],"product_cat":[202,191],"product_tag":[],"class_list":{"0":"post-9103","1":"product","2":"type-product","3":"status-publish","4":"has-post-thumbnail","6":"product_cat-accion","7":"product_cat-best-seller","9":"first","10":"outofstock","11":"sold-individually","12":"shipping-taxable","13":"purchasable","14":"product-type-simple"},"acf":[],"yoast_head":"<!-- This site is optimized with the Yoast SEO plugin v21.9 - https:\/\/yoast.com\/wordpress\/plugins\/seo\/ -->\n<title>La hija del Apocalipsis - iKr3ativos, c.a.<\/title>\n<meta name=\"robots\" content=\"index, follow, max-snippet:-1, max-image-preview:large, max-video-preview:-1\" \/>\n<link rel=\"canonical\" href=\"https:\/\/ikr3ativos.net\/ve\/product\/la-hija-del-apocalipsis\/\" \/>\n<meta property=\"og:locale\" content=\"es_ES\" \/>\n<meta property=\"og:type\" content=\"article\" \/>\n<meta property=\"og:title\" content=\"La hija del Apocalipsis - iKr3ativos, c.a.\" \/>\n<meta property=\"og:description\" content=\"En Nueva Orleans, Holly, una ni\u00f1a de once a\u00f1os perdida entre una multitud de escombros y refugiados, pide auxilio. Tiene miedo del hurac\u00e1n que arrasa su ciudad, de haber perdido a sus padres y tambi\u00e9n de que algo horrible se haya introducido en su interior: Holly sabe que durante el devastador temporal una mujer moribunda [...]\" \/>\n<meta property=\"og:url\" content=\"https:\/\/ikr3ativos.net\/ve\/product\/la-hija-del-apocalipsis\/\" \/>\n<meta property=\"og:site_name\" content=\"iKr3ativos, c.a.\" \/>\n<meta property=\"article:modified_time\" content=\"2023-09-11T20:57:51+00:00\" \/>\n<meta name=\"twitter:card\" content=\"summary_large_image\" \/>\n<meta name=\"twitter:label1\" content=\"Tiempo de lectura\" \/>\n\t<meta name=\"twitter:data1\" content=\"1 minuto\" \/>\n<script type=\"application\/ld+json\" class=\"yoast-schema-graph\">{\"@context\":\"https:\/\/schema.org\",\"@graph\":[{\"@type\":\"WebPage\",\"@id\":\"https:\/\/ikr3ativos.net\/ve\/product\/la-hija-del-apocalipsis\/\",\"url\":\"https:\/\/ikr3ativos.net\/ve\/product\/la-hija-del-apocalipsis\/\",\"name\":\"La hija del Apocalipsis - iKr3ativos, c.a.\",\"isPartOf\":{\"@id\":\"https:\/\/ikr3ativos.net\/ve\/#website\"},\"datePublished\":\"2023-09-11T20:56:59+00:00\",\"dateModified\":\"2023-09-11T20:57:51+00:00\",\"breadcrumb\":{\"@id\":\"https:\/\/ikr3ativos.net\/ve\/product\/la-hija-del-apocalipsis\/#breadcrumb\"},\"inLanguage\":\"es\",\"potentialAction\":[{\"@type\":\"ReadAction\",\"target\":[\"https:\/\/ikr3ativos.net\/ve\/product\/la-hija-del-apocalipsis\/\"]}]},{\"@type\":\"BreadcrumbList\",\"@id\":\"https:\/\/ikr3ativos.net\/ve\/product\/la-hija-del-apocalipsis\/#breadcrumb\",\"itemListElement\":[{\"@type\":\"ListItem\",\"position\":1,\"name\":\"Portada\",\"item\":\"https:\/\/ikr3ativos.net\/ve\/\"},{\"@type\":\"ListItem\",\"position\":2,\"name\":\"Tienda\",\"item\":\"https:\/\/ikr3ativos.net\/ve\/tienda\/\"},{\"@type\":\"ListItem\",\"position\":3,\"name\":\"La hija del Apocalipsis\"}]},{\"@type\":\"WebSite\",\"@id\":\"https:\/\/ikr3ativos.net\/ve\/#website\",\"url\":\"https:\/\/ikr3ativos.net\/ve\/\",\"name\":\"iKr3ativos, c.a.\",\"description\":\"Estudio Gr\u00e1fico, Comunicaci\u00f3n y Medios\",\"potentialAction\":[{\"@type\":\"SearchAction\",\"target\":{\"@type\":\"EntryPoint\",\"urlTemplate\":\"https:\/\/ikr3ativos.net\/ve\/?s={search_term_string}\"},\"query-input\":\"required name=search_term_string\"}],\"inLanguage\":\"es\"}]}<\/script>\n<!-- \/ Yoast SEO plugin. -->","yoast_head_json":{"title":"La hija del Apocalipsis - iKr3ativos, c.a.","robots":{"index":"index","follow":"follow","max-snippet":"max-snippet:-1","max-image-preview":"max-image-preview:large","max-video-preview":"max-video-preview:-1"},"canonical":"https:\/\/ikr3ativos.net\/ve\/product\/la-hija-del-apocalipsis\/","og_locale":"es_ES","og_type":"article","og_title":"La hija del Apocalipsis - iKr3ativos, c.a.","og_description":"En Nueva Orleans, Holly, una ni\u00f1a de once a\u00f1os perdida entre una multitud de escombros y refugiados, pide auxilio. Tiene miedo del hurac\u00e1n que arrasa su ciudad, de haber perdido a sus padres y tambi\u00e9n de que algo horrible se haya introducido en su interior: Holly sabe que durante el devastador temporal una mujer moribunda [...]","og_url":"https:\/\/ikr3ativos.net\/ve\/product\/la-hija-del-apocalipsis\/","og_site_name":"iKr3ativos, c.a.","article_modified_time":"2023-09-11T20:57:51+00:00","twitter_card":"summary_large_image","twitter_misc":{"Tiempo de lectura":"1 minuto"},"schema":{"@context":"https:\/\/schema.org","@graph":[{"@type":"WebPage","@id":"https:\/\/ikr3ativos.net\/ve\/product\/la-hija-del-apocalipsis\/","url":"https:\/\/ikr3ativos.net\/ve\/product\/la-hija-del-apocalipsis\/","name":"La hija del Apocalipsis - iKr3ativos, c.a.","isPartOf":{"@id":"https:\/\/ikr3ativos.net\/ve\/#website"},"datePublished":"2023-09-11T20:56:59+00:00","dateModified":"2023-09-11T20:57:51+00:00","breadcrumb":{"@id":"https:\/\/ikr3ativos.net\/ve\/product\/la-hija-del-apocalipsis\/#breadcrumb"},"inLanguage":"es","potentialAction":[{"@type":"ReadAction","target":["https:\/\/ikr3ativos.net\/ve\/product\/la-hija-del-apocalipsis\/"]}]},{"@type":"BreadcrumbList","@id":"https:\/\/ikr3ativos.net\/ve\/product\/la-hija-del-apocalipsis\/#breadcrumb","itemListElement":[{"@type":"ListItem","position":1,"name":"Portada","item":"https:\/\/ikr3ativos.net\/ve\/"},{"@type":"ListItem","position":2,"name":"Tienda","item":"https:\/\/ikr3ativos.net\/ve\/tienda\/"},{"@type":"ListItem","position":3,"name":"La hija del Apocalipsis"}]},{"@type":"WebSite","@id":"https:\/\/ikr3ativos.net\/ve\/#website","url":"https:\/\/ikr3ativos.net\/ve\/","name":"iKr3ativos, c.a.","description":"Estudio Gr\u00e1fico, Comunicaci\u00f3n y Medios","potentialAction":[{"@type":"SearchAction","target":{"@type":"EntryPoint","urlTemplate":"https:\/\/ikr3ativos.net\/ve\/?s={search_term_string}"},"query-input":"required name=search_term_string"}],"inLanguage":"es"}]}},"_links":{"self":[{"href":"https:\/\/ikr3ativos.net\/ve\/wp-json\/wp\/v2\/product\/9103","targetHints":{"allow":["GET"]}}],"collection":[{"href":"https:\/\/ikr3ativos.net\/ve\/wp-json\/wp\/v2\/product"}],"about":[{"href":"https:\/\/ikr3ativos.net\/ve\/wp-json\/wp\/v2\/types\/product"}],"replies":[{"embeddable":true,"href":"https:\/\/ikr3ativos.net\/ve\/wp-json\/wp\/v2\/comments?post=9103"}],"wp:featuredmedia":[{"embeddable":true,"href":"https:\/\/ikr3ativos.net\/ve\/wp-json\/wp\/v2\/media\/9154"}],"wp:attachment":[{"href":"https:\/\/ikr3ativos.net\/ve\/wp-json\/wp\/v2\/media?parent=9103"}],"wp:term":[{"taxonomy":"product_brand","embeddable":true,"href":"https:\/\/ikr3ativos.net\/ve\/wp-json\/wp\/v2\/product_brand?post=9103"},{"taxonomy":"product_cat","embeddable":true,"href":"https:\/\/ikr3ativos.net\/ve\/wp-json\/wp\/v2\/product_cat?post=9103"},{"taxonomy":"product_tag","embeddable":true,"href":"https:\/\/ikr3ativos.net\/ve\/wp-json\/wp\/v2\/product_tag?post=9103"}],"curies":[{"name":"wp","href":"https:\/\/api.w.org\/{rel}","templated":true}]}}