{"id":9120,"date":"2023-09-11T20:57:20","date_gmt":"2023-09-11T20:57:20","guid":{"rendered":"https:\/\/ikr3ativos.net\/ve\/?post_type=product&#038;p=9120"},"modified":"2023-09-11T20:58:04","modified_gmt":"2023-09-11T20:58:04","slug":"la-esperada","status":"publish","type":"product","link":"https:\/\/ikr3ativos.net\/ve\/product\/la-esperada\/","title":{"rendered":"La Esperada"},"content":{"rendered":"<p>Mientras recorre Jerusal\u00e9n en busca de documentaci\u00f3n para su pr\u00f3ximo libro, Maureen tiene extra\u00f1as visiones en las que aparece una enigm\u00e1tica mujer. Es s\u00f3lo una de las se\u00f1ales que la empujan a averiguar el misterio de Maria Magdalena y a comprender su verdadero papel en la historia. Maureen viaja hasta Occitania, la tierra donde sigue vivo el legado de los cataros, y all\u00ed descubre que Mar\u00eda fue esposa de Jes\u00fas y fundadora de una dinast\u00eda sagrada que llega hasta nuestros d\u00edas. La verdad est\u00e1 escrita de su pu\u00f1o y letra en el \u00fanico evangelio aut\u00e9ntico&#8230; un documento oculto desde hace siglos y que s\u00f3lo otra mujer, la esperada, puede sacar a la luz. Una aut\u00e9ntica bomba de relojer\u00eda contra los cimientos del Vaticano, un tesoro que puede cambiar la historia de la Cristiandad. Un texto que muchos han muerto por preservar&#8230; y que otros est\u00e1n dispuestos a seguir matando para destruir.<\/p>\n","protected":false},"excerpt":{"rendered":"<p>Mientras recorre Jerusal\u00e9n en busca de documentaci\u00f3n para su pr\u00f3ximo libro, Maureen tiene extra\u00f1as visiones en las que aparece una enigm\u00e1tica mujer. Es s\u00f3lo una de las se\u00f1ales que la empujan a averiguar el misterio de Maria Magdalena y a comprender su verdadero papel en la historia. Maureen viaja hasta Occitania, la tierra donde sigue [&#8230;]\n","protected":false},"featured_media":9161,"comment_status":"closed","ping_status":"closed","template":"","meta":{"_acf_changed":false,"_joinchat":[]},"product_brand":[],"product_cat":[202,191],"product_tag":[],"class_list":{"0":"post-9120","1":"product","2":"type-product","3":"status-publish","4":"has-post-thumbnail","6":"product_cat-accion","7":"product_cat-best-seller","9":"first","10":"instock","11":"sold-individually","12":"shipping-taxable","13":"purchasable","14":"product-type-simple"},"acf":[],"yoast_head":"<!-- This site is optimized with the Yoast SEO plugin v21.9 - https:\/\/yoast.com\/wordpress\/plugins\/seo\/ -->\n<title>La Esperada - iKr3ativos, c.a.<\/title>\n<meta name=\"robots\" content=\"index, follow, max-snippet:-1, max-image-preview:large, max-video-preview:-1\" \/>\n<link rel=\"canonical\" href=\"https:\/\/ikr3ativos.net\/ve\/product\/la-esperada\/\" \/>\n<meta property=\"og:locale\" content=\"es_ES\" \/>\n<meta property=\"og:type\" content=\"article\" \/>\n<meta property=\"og:title\" content=\"La Esperada - iKr3ativos, c.a.\" \/>\n<meta property=\"og:description\" content=\"Mientras recorre Jerusal\u00e9n en busca de documentaci\u00f3n para su pr\u00f3ximo libro, Maureen tiene extra\u00f1as visiones en las que aparece una enigm\u00e1tica mujer. Es s\u00f3lo una de las se\u00f1ales que la empujan a averiguar el misterio de Maria Magdalena y a comprender su verdadero papel en la historia. Maureen viaja hasta Occitania, la tierra donde sigue [...]\" \/>\n<meta property=\"og:url\" content=\"https:\/\/ikr3ativos.net\/ve\/product\/la-esperada\/\" \/>\n<meta property=\"og:site_name\" content=\"iKr3ativos, c.a.\" \/>\n<meta property=\"article:modified_time\" content=\"2023-09-11T20:58:04+00:00\" \/>\n<meta name=\"twitter:card\" content=\"summary_large_image\" \/>\n<meta name=\"twitter:label1\" content=\"Tiempo de lectura\" \/>\n\t<meta name=\"twitter:data1\" content=\"1 minuto\" \/>\n<script type=\"application\/ld+json\" class=\"yoast-schema-graph\">{\"@context\":\"https:\/\/schema.org\",\"@graph\":[{\"@type\":\"WebPage\",\"@id\":\"https:\/\/ikr3ativos.net\/ve\/product\/la-esperada\/\",\"url\":\"https:\/\/ikr3ativos.net\/ve\/product\/la-esperada\/\",\"name\":\"La Esperada - iKr3ativos, c.a.\",\"isPartOf\":{\"@id\":\"https:\/\/ikr3ativos.net\/ve\/#website\"},\"datePublished\":\"2023-09-11T20:57:20+00:00\",\"dateModified\":\"2023-09-11T20:58:04+00:00\",\"breadcrumb\":{\"@id\":\"https:\/\/ikr3ativos.net\/ve\/product\/la-esperada\/#breadcrumb\"},\"inLanguage\":\"es\",\"potentialAction\":[{\"@type\":\"ReadAction\",\"target\":[\"https:\/\/ikr3ativos.net\/ve\/product\/la-esperada\/\"]}]},{\"@type\":\"BreadcrumbList\",\"@id\":\"https:\/\/ikr3ativos.net\/ve\/product\/la-esperada\/#breadcrumb\",\"itemListElement\":[{\"@type\":\"ListItem\",\"position\":1,\"name\":\"Portada\",\"item\":\"https:\/\/ikr3ativos.net\/ve\/\"},{\"@type\":\"ListItem\",\"position\":2,\"name\":\"Tienda\",\"item\":\"https:\/\/ikr3ativos.net\/ve\/tienda\/\"},{\"@type\":\"ListItem\",\"position\":3,\"name\":\"La Esperada\"}]},{\"@type\":\"WebSite\",\"@id\":\"https:\/\/ikr3ativos.net\/ve\/#website\",\"url\":\"https:\/\/ikr3ativos.net\/ve\/\",\"name\":\"iKr3ativos, c.a.\",\"description\":\"Estudio Gr\u00e1fico, Comunicaci\u00f3n y Medios\",\"potentialAction\":[{\"@type\":\"SearchAction\",\"target\":{\"@type\":\"EntryPoint\",\"urlTemplate\":\"https:\/\/ikr3ativos.net\/ve\/?s={search_term_string}\"},\"query-input\":\"required name=search_term_string\"}],\"inLanguage\":\"es\"}]}<\/script>\n<!-- \/ Yoast SEO plugin. -->","yoast_head_json":{"title":"La Esperada - iKr3ativos, c.a.","robots":{"index":"index","follow":"follow","max-snippet":"max-snippet:-1","max-image-preview":"max-image-preview:large","max-video-preview":"max-video-preview:-1"},"canonical":"https:\/\/ikr3ativos.net\/ve\/product\/la-esperada\/","og_locale":"es_ES","og_type":"article","og_title":"La Esperada - iKr3ativos, c.a.","og_description":"Mientras recorre Jerusal\u00e9n en busca de documentaci\u00f3n para su pr\u00f3ximo libro, Maureen tiene extra\u00f1as visiones en las que aparece una enigm\u00e1tica mujer. Es s\u00f3lo una de las se\u00f1ales que la empujan a averiguar el misterio de Maria Magdalena y a comprender su verdadero papel en la historia. Maureen viaja hasta Occitania, la tierra donde sigue [...]","og_url":"https:\/\/ikr3ativos.net\/ve\/product\/la-esperada\/","og_site_name":"iKr3ativos, c.a.","article_modified_time":"2023-09-11T20:58:04+00:00","twitter_card":"summary_large_image","twitter_misc":{"Tiempo de lectura":"1 minuto"},"schema":{"@context":"https:\/\/schema.org","@graph":[{"@type":"WebPage","@id":"https:\/\/ikr3ativos.net\/ve\/product\/la-esperada\/","url":"https:\/\/ikr3ativos.net\/ve\/product\/la-esperada\/","name":"La Esperada - iKr3ativos, c.a.","isPartOf":{"@id":"https:\/\/ikr3ativos.net\/ve\/#website"},"datePublished":"2023-09-11T20:57:20+00:00","dateModified":"2023-09-11T20:58:04+00:00","breadcrumb":{"@id":"https:\/\/ikr3ativos.net\/ve\/product\/la-esperada\/#breadcrumb"},"inLanguage":"es","potentialAction":[{"@type":"ReadAction","target":["https:\/\/ikr3ativos.net\/ve\/product\/la-esperada\/"]}]},{"@type":"BreadcrumbList","@id":"https:\/\/ikr3ativos.net\/ve\/product\/la-esperada\/#breadcrumb","itemListElement":[{"@type":"ListItem","position":1,"name":"Portada","item":"https:\/\/ikr3ativos.net\/ve\/"},{"@type":"ListItem","position":2,"name":"Tienda","item":"https:\/\/ikr3ativos.net\/ve\/tienda\/"},{"@type":"ListItem","position":3,"name":"La Esperada"}]},{"@type":"WebSite","@id":"https:\/\/ikr3ativos.net\/ve\/#website","url":"https:\/\/ikr3ativos.net\/ve\/","name":"iKr3ativos, c.a.","description":"Estudio Gr\u00e1fico, Comunicaci\u00f3n y Medios","potentialAction":[{"@type":"SearchAction","target":{"@type":"EntryPoint","urlTemplate":"https:\/\/ikr3ativos.net\/ve\/?s={search_term_string}"},"query-input":"required name=search_term_string"}],"inLanguage":"es"}]}},"_links":{"self":[{"href":"https:\/\/ikr3ativos.net\/ve\/wp-json\/wp\/v2\/product\/9120","targetHints":{"allow":["GET"]}}],"collection":[{"href":"https:\/\/ikr3ativos.net\/ve\/wp-json\/wp\/v2\/product"}],"about":[{"href":"https:\/\/ikr3ativos.net\/ve\/wp-json\/wp\/v2\/types\/product"}],"replies":[{"embeddable":true,"href":"https:\/\/ikr3ativos.net\/ve\/wp-json\/wp\/v2\/comments?post=9120"}],"wp:featuredmedia":[{"embeddable":true,"href":"https:\/\/ikr3ativos.net\/ve\/wp-json\/wp\/v2\/media\/9161"}],"wp:attachment":[{"href":"https:\/\/ikr3ativos.net\/ve\/wp-json\/wp\/v2\/media?parent=9120"}],"wp:term":[{"taxonomy":"product_brand","embeddable":true,"href":"https:\/\/ikr3ativos.net\/ve\/wp-json\/wp\/v2\/product_brand?post=9120"},{"taxonomy":"product_cat","embeddable":true,"href":"https:\/\/ikr3ativos.net\/ve\/wp-json\/wp\/v2\/product_cat?post=9120"},{"taxonomy":"product_tag","embeddable":true,"href":"https:\/\/ikr3ativos.net\/ve\/wp-json\/wp\/v2\/product_tag?post=9120"}],"curies":[{"name":"wp","href":"https:\/\/api.w.org\/{rel}","templated":true}]}}