{"id":9123,"date":"2023-09-11T20:57:20","date_gmt":"2023-09-11T20:57:20","guid":{"rendered":"https:\/\/ikr3ativos.net\/ve\/?post_type=product&#038;p=9123"},"modified":"2023-09-11T20:58:15","modified_gmt":"2023-09-11T20:58:15","slug":"muerto-hasta-el-anochecer","status":"publish","type":"product","link":"https:\/\/ikr3ativos.net\/ve\/product\/muerto-hasta-el-anochecer\/","title":{"rendered":"Muerto hasta el anochecer"},"content":{"rendered":"<p>No es f\u00e1cil ser una camarera sexy con poderes telep\u00e1ticos y enterarse de los terribles secretos que todo el mundo esconde. Tal vez por eso Sookie Stackhouse termina enamor\u00e1ndose de Bill Compton, cuya mente no puede leer. Sookie suspira de felicidad por haber encontrado a su media naranja, y no le importa que sea un vampiro de mala reputaci\u00f3n. Hasta que una compa\u00f1era suya es asesinada y Sookie se da cuenta de que su vida corre peligro.<\/p>\n","protected":false},"excerpt":{"rendered":"<p>No es f\u00e1cil ser una camarera sexy con poderes telep\u00e1ticos y enterarse de los terribles secretos que todo el mundo esconde. Tal vez por eso Sookie Stackhouse termina enamor\u00e1ndose de Bill Compton, cuya mente no puede leer. Sookie suspira de felicidad por haber encontrado a su media naranja, y no le importa que sea un [&#8230;]\n","protected":false},"featured_media":9176,"comment_status":"closed","ping_status":"closed","template":"","meta":{"_acf_changed":false,"_joinchat":[]},"product_brand":[],"product_cat":[191,201],"product_tag":[],"class_list":{"0":"post-9123","1":"product","2":"type-product","3":"status-publish","4":"has-post-thumbnail","6":"product_cat-best-seller","7":"product_cat-historicos","9":"first","10":"instock","11":"sold-individually","12":"shipping-taxable","13":"purchasable","14":"product-type-simple"},"acf":[],"yoast_head":"<!-- This site is optimized with the Yoast SEO plugin v21.9 - https:\/\/yoast.com\/wordpress\/plugins\/seo\/ -->\n<title>Muerto hasta el anochecer - iKr3ativos, c.a.<\/title>\n<meta name=\"robots\" content=\"index, follow, max-snippet:-1, max-image-preview:large, max-video-preview:-1\" \/>\n<link rel=\"canonical\" href=\"https:\/\/ikr3ativos.net\/ve\/product\/muerto-hasta-el-anochecer\/\" \/>\n<meta property=\"og:locale\" content=\"es_ES\" \/>\n<meta property=\"og:type\" content=\"article\" \/>\n<meta property=\"og:title\" content=\"Muerto hasta el anochecer - iKr3ativos, c.a.\" \/>\n<meta property=\"og:description\" content=\"No es f\u00e1cil ser una camarera sexy con poderes telep\u00e1ticos y enterarse de los terribles secretos que todo el mundo esconde. Tal vez por eso Sookie Stackhouse termina enamor\u00e1ndose de Bill Compton, cuya mente no puede leer. Sookie suspira de felicidad por haber encontrado a su media naranja, y no le importa que sea un [...]\" \/>\n<meta property=\"og:url\" content=\"https:\/\/ikr3ativos.net\/ve\/product\/muerto-hasta-el-anochecer\/\" \/>\n<meta property=\"og:site_name\" content=\"iKr3ativos, c.a.\" \/>\n<meta property=\"article:modified_time\" content=\"2023-09-11T20:58:15+00:00\" \/>\n<meta name=\"twitter:card\" content=\"summary_large_image\" \/>\n<script type=\"application\/ld+json\" class=\"yoast-schema-graph\">{\"@context\":\"https:\/\/schema.org\",\"@graph\":[{\"@type\":\"WebPage\",\"@id\":\"https:\/\/ikr3ativos.net\/ve\/product\/muerto-hasta-el-anochecer\/\",\"url\":\"https:\/\/ikr3ativos.net\/ve\/product\/muerto-hasta-el-anochecer\/\",\"name\":\"Muerto hasta el anochecer - iKr3ativos, c.a.\",\"isPartOf\":{\"@id\":\"https:\/\/ikr3ativos.net\/ve\/#website\"},\"datePublished\":\"2023-09-11T20:57:20+00:00\",\"dateModified\":\"2023-09-11T20:58:15+00:00\",\"breadcrumb\":{\"@id\":\"https:\/\/ikr3ativos.net\/ve\/product\/muerto-hasta-el-anochecer\/#breadcrumb\"},\"inLanguage\":\"es\",\"potentialAction\":[{\"@type\":\"ReadAction\",\"target\":[\"https:\/\/ikr3ativos.net\/ve\/product\/muerto-hasta-el-anochecer\/\"]}]},{\"@type\":\"BreadcrumbList\",\"@id\":\"https:\/\/ikr3ativos.net\/ve\/product\/muerto-hasta-el-anochecer\/#breadcrumb\",\"itemListElement\":[{\"@type\":\"ListItem\",\"position\":1,\"name\":\"Portada\",\"item\":\"https:\/\/ikr3ativos.net\/ve\/\"},{\"@type\":\"ListItem\",\"position\":2,\"name\":\"Tienda\",\"item\":\"https:\/\/ikr3ativos.net\/ve\/tienda\/\"},{\"@type\":\"ListItem\",\"position\":3,\"name\":\"Muerto hasta el anochecer\"}]},{\"@type\":\"WebSite\",\"@id\":\"https:\/\/ikr3ativos.net\/ve\/#website\",\"url\":\"https:\/\/ikr3ativos.net\/ve\/\",\"name\":\"iKr3ativos, c.a.\",\"description\":\"Estudio Gr\u00e1fico, Comunicaci\u00f3n y Medios\",\"potentialAction\":[{\"@type\":\"SearchAction\",\"target\":{\"@type\":\"EntryPoint\",\"urlTemplate\":\"https:\/\/ikr3ativos.net\/ve\/?s={search_term_string}\"},\"query-input\":\"required name=search_term_string\"}],\"inLanguage\":\"es\"}]}<\/script>\n<!-- \/ Yoast SEO plugin. -->","yoast_head_json":{"title":"Muerto hasta el anochecer - iKr3ativos, c.a.","robots":{"index":"index","follow":"follow","max-snippet":"max-snippet:-1","max-image-preview":"max-image-preview:large","max-video-preview":"max-video-preview:-1"},"canonical":"https:\/\/ikr3ativos.net\/ve\/product\/muerto-hasta-el-anochecer\/","og_locale":"es_ES","og_type":"article","og_title":"Muerto hasta el anochecer - iKr3ativos, c.a.","og_description":"No es f\u00e1cil ser una camarera sexy con poderes telep\u00e1ticos y enterarse de los terribles secretos que todo el mundo esconde. Tal vez por eso Sookie Stackhouse termina enamor\u00e1ndose de Bill Compton, cuya mente no puede leer. Sookie suspira de felicidad por haber encontrado a su media naranja, y no le importa que sea un [...]","og_url":"https:\/\/ikr3ativos.net\/ve\/product\/muerto-hasta-el-anochecer\/","og_site_name":"iKr3ativos, c.a.","article_modified_time":"2023-09-11T20:58:15+00:00","twitter_card":"summary_large_image","schema":{"@context":"https:\/\/schema.org","@graph":[{"@type":"WebPage","@id":"https:\/\/ikr3ativos.net\/ve\/product\/muerto-hasta-el-anochecer\/","url":"https:\/\/ikr3ativos.net\/ve\/product\/muerto-hasta-el-anochecer\/","name":"Muerto hasta el anochecer - iKr3ativos, c.a.","isPartOf":{"@id":"https:\/\/ikr3ativos.net\/ve\/#website"},"datePublished":"2023-09-11T20:57:20+00:00","dateModified":"2023-09-11T20:58:15+00:00","breadcrumb":{"@id":"https:\/\/ikr3ativos.net\/ve\/product\/muerto-hasta-el-anochecer\/#breadcrumb"},"inLanguage":"es","potentialAction":[{"@type":"ReadAction","target":["https:\/\/ikr3ativos.net\/ve\/product\/muerto-hasta-el-anochecer\/"]}]},{"@type":"BreadcrumbList","@id":"https:\/\/ikr3ativos.net\/ve\/product\/muerto-hasta-el-anochecer\/#breadcrumb","itemListElement":[{"@type":"ListItem","position":1,"name":"Portada","item":"https:\/\/ikr3ativos.net\/ve\/"},{"@type":"ListItem","position":2,"name":"Tienda","item":"https:\/\/ikr3ativos.net\/ve\/tienda\/"},{"@type":"ListItem","position":3,"name":"Muerto hasta el anochecer"}]},{"@type":"WebSite","@id":"https:\/\/ikr3ativos.net\/ve\/#website","url":"https:\/\/ikr3ativos.net\/ve\/","name":"iKr3ativos, c.a.","description":"Estudio Gr\u00e1fico, Comunicaci\u00f3n y Medios","potentialAction":[{"@type":"SearchAction","target":{"@type":"EntryPoint","urlTemplate":"https:\/\/ikr3ativos.net\/ve\/?s={search_term_string}"},"query-input":"required name=search_term_string"}],"inLanguage":"es"}]}},"_links":{"self":[{"href":"https:\/\/ikr3ativos.net\/ve\/wp-json\/wp\/v2\/product\/9123","targetHints":{"allow":["GET"]}}],"collection":[{"href":"https:\/\/ikr3ativos.net\/ve\/wp-json\/wp\/v2\/product"}],"about":[{"href":"https:\/\/ikr3ativos.net\/ve\/wp-json\/wp\/v2\/types\/product"}],"replies":[{"embeddable":true,"href":"https:\/\/ikr3ativos.net\/ve\/wp-json\/wp\/v2\/comments?post=9123"}],"wp:featuredmedia":[{"embeddable":true,"href":"https:\/\/ikr3ativos.net\/ve\/wp-json\/wp\/v2\/media\/9176"}],"wp:attachment":[{"href":"https:\/\/ikr3ativos.net\/ve\/wp-json\/wp\/v2\/media?parent=9123"}],"wp:term":[{"taxonomy":"product_brand","embeddable":true,"href":"https:\/\/ikr3ativos.net\/ve\/wp-json\/wp\/v2\/product_brand?post=9123"},{"taxonomy":"product_cat","embeddable":true,"href":"https:\/\/ikr3ativos.net\/ve\/wp-json\/wp\/v2\/product_cat?post=9123"},{"taxonomy":"product_tag","embeddable":true,"href":"https:\/\/ikr3ativos.net\/ve\/wp-json\/wp\/v2\/product_tag?post=9123"}],"curies":[{"name":"wp","href":"https:\/\/api.w.org\/{rel}","templated":true}]}}