{"id":9125,"date":"2023-09-11T20:57:21","date_gmt":"2023-09-11T20:57:21","guid":{"rendered":"https:\/\/ikr3ativos.net\/ve\/?post_type=product&#038;p=9125"},"modified":"2023-09-11T20:58:19","modified_gmt":"2023-09-11T20:58:19","slug":"la-mujer-de-verde","status":"publish","type":"product","link":"https:\/\/ikr3ativos.net\/ve\/product\/la-mujer-de-verde\/","title":{"rendered":"La Mujer de Verde"},"content":{"rendered":"<p>&#8220;No se por que existen hombres como el. No lo comprendo. \u00bfPor que se les deja que hagan su voluntad? \u00bfC\u00f3mo puede haber hombres as\u00ed? \u00bfQue es lo que los convierte en monstruos?&#8221;. A las afueras de Reikiavik, en una zona en construcci\u00f3n, acaban de descubrir un esqueleto humano. Lleva a\u00f1os enterrado, as\u00ed que no va a ser f\u00e1cil averiguar c\u00f3mo lleg\u00f3 hasta all\u00ed. A pesar de las complicaciones, Erlendur y su equipo de polic\u00edas aceptan el reto de resolver el enigma que se oculta tras el cad\u00e1ver. Puede que se tratase de alguien que simplemente se perdi\u00f3 en la nieve. O puede que no, porque el pasado est\u00e1 lleno de historias tr\u00e1gicas que se han querido olvidar. Y a veces esos terribles secretos no pueden mantenerse silenciados para siempre.<\/p>\n","protected":false},"excerpt":{"rendered":"<p>&#8220;No se por que existen hombres como el. No lo comprendo. \u00bfPor que se les deja que hagan su voluntad? \u00bfC\u00f3mo puede haber hombres as\u00ed? \u00bfQue es lo que los convierte en monstruos?&#8221;. A las afueras de Reikiavik, en una zona en construcci\u00f3n, acaban de descubrir un esqueleto humano. Lleva a\u00f1os enterrado, as\u00ed que no [&#8230;]\n","protected":false},"featured_media":9178,"comment_status":"closed","ping_status":"closed","template":"","meta":{"_acf_changed":false,"_joinchat":[]},"product_brand":[],"product_cat":[202,191,199],"product_tag":[],"class_list":{"0":"post-9125","1":"product","2":"type-product","3":"status-publish","4":"has-post-thumbnail","6":"product_cat-accion","7":"product_cat-best-seller","8":"product_cat-romanticos","10":"first","11":"instock","12":"sold-individually","13":"shipping-taxable","14":"purchasable","15":"product-type-simple"},"acf":[],"yoast_head":"<!-- This site is optimized with the Yoast SEO plugin v21.9 - https:\/\/yoast.com\/wordpress\/plugins\/seo\/ -->\n<title>La Mujer de Verde - iKr3ativos, c.a.<\/title>\n<meta name=\"robots\" content=\"index, follow, max-snippet:-1, max-image-preview:large, max-video-preview:-1\" \/>\n<link rel=\"canonical\" href=\"https:\/\/ikr3ativos.net\/ve\/product\/la-mujer-de-verde\/\" \/>\n<meta property=\"og:locale\" content=\"es_ES\" \/>\n<meta property=\"og:type\" content=\"article\" \/>\n<meta property=\"og:title\" content=\"La Mujer de Verde - iKr3ativos, c.a.\" \/>\n<meta property=\"og:description\" content=\"&#8220;No se por que existen hombres como el. No lo comprendo. \u00bfPor que se les deja que hagan su voluntad? \u00bfC\u00f3mo puede haber hombres as\u00ed? \u00bfQue es lo que los convierte en monstruos?&#8221;. A las afueras de Reikiavik, en una zona en construcci\u00f3n, acaban de descubrir un esqueleto humano. Lleva a\u00f1os enterrado, as\u00ed que no [...]\" \/>\n<meta property=\"og:url\" content=\"https:\/\/ikr3ativos.net\/ve\/product\/la-mujer-de-verde\/\" \/>\n<meta property=\"og:site_name\" content=\"iKr3ativos, c.a.\" \/>\n<meta property=\"article:modified_time\" content=\"2023-09-11T20:58:19+00:00\" \/>\n<meta name=\"twitter:card\" content=\"summary_large_image\" \/>\n<meta name=\"twitter:label1\" content=\"Tiempo de lectura\" \/>\n\t<meta name=\"twitter:data1\" content=\"1 minuto\" \/>\n<script type=\"application\/ld+json\" class=\"yoast-schema-graph\">{\"@context\":\"https:\/\/schema.org\",\"@graph\":[{\"@type\":\"WebPage\",\"@id\":\"https:\/\/ikr3ativos.net\/ve\/product\/la-mujer-de-verde\/\",\"url\":\"https:\/\/ikr3ativos.net\/ve\/product\/la-mujer-de-verde\/\",\"name\":\"La Mujer de Verde - iKr3ativos, c.a.\",\"isPartOf\":{\"@id\":\"https:\/\/ikr3ativos.net\/ve\/#website\"},\"datePublished\":\"2023-09-11T20:57:21+00:00\",\"dateModified\":\"2023-09-11T20:58:19+00:00\",\"breadcrumb\":{\"@id\":\"https:\/\/ikr3ativos.net\/ve\/product\/la-mujer-de-verde\/#breadcrumb\"},\"inLanguage\":\"es\",\"potentialAction\":[{\"@type\":\"ReadAction\",\"target\":[\"https:\/\/ikr3ativos.net\/ve\/product\/la-mujer-de-verde\/\"]}]},{\"@type\":\"BreadcrumbList\",\"@id\":\"https:\/\/ikr3ativos.net\/ve\/product\/la-mujer-de-verde\/#breadcrumb\",\"itemListElement\":[{\"@type\":\"ListItem\",\"position\":1,\"name\":\"Portada\",\"item\":\"https:\/\/ikr3ativos.net\/ve\/\"},{\"@type\":\"ListItem\",\"position\":2,\"name\":\"Tienda\",\"item\":\"https:\/\/ikr3ativos.net\/ve\/tienda\/\"},{\"@type\":\"ListItem\",\"position\":3,\"name\":\"La Mujer de Verde\"}]},{\"@type\":\"WebSite\",\"@id\":\"https:\/\/ikr3ativos.net\/ve\/#website\",\"url\":\"https:\/\/ikr3ativos.net\/ve\/\",\"name\":\"iKr3ativos, c.a.\",\"description\":\"Estudio Gr\u00e1fico, Comunicaci\u00f3n y Medios\",\"potentialAction\":[{\"@type\":\"SearchAction\",\"target\":{\"@type\":\"EntryPoint\",\"urlTemplate\":\"https:\/\/ikr3ativos.net\/ve\/?s={search_term_string}\"},\"query-input\":\"required name=search_term_string\"}],\"inLanguage\":\"es\"}]}<\/script>\n<!-- \/ Yoast SEO plugin. -->","yoast_head_json":{"title":"La Mujer de Verde - iKr3ativos, c.a.","robots":{"index":"index","follow":"follow","max-snippet":"max-snippet:-1","max-image-preview":"max-image-preview:large","max-video-preview":"max-video-preview:-1"},"canonical":"https:\/\/ikr3ativos.net\/ve\/product\/la-mujer-de-verde\/","og_locale":"es_ES","og_type":"article","og_title":"La Mujer de Verde - iKr3ativos, c.a.","og_description":"&#8220;No se por que existen hombres como el. No lo comprendo. \u00bfPor que se les deja que hagan su voluntad? \u00bfC\u00f3mo puede haber hombres as\u00ed? \u00bfQue es lo que los convierte en monstruos?&#8221;. A las afueras de Reikiavik, en una zona en construcci\u00f3n, acaban de descubrir un esqueleto humano. Lleva a\u00f1os enterrado, as\u00ed que no [...]","og_url":"https:\/\/ikr3ativos.net\/ve\/product\/la-mujer-de-verde\/","og_site_name":"iKr3ativos, c.a.","article_modified_time":"2023-09-11T20:58:19+00:00","twitter_card":"summary_large_image","twitter_misc":{"Tiempo de lectura":"1 minuto"},"schema":{"@context":"https:\/\/schema.org","@graph":[{"@type":"WebPage","@id":"https:\/\/ikr3ativos.net\/ve\/product\/la-mujer-de-verde\/","url":"https:\/\/ikr3ativos.net\/ve\/product\/la-mujer-de-verde\/","name":"La Mujer de Verde - iKr3ativos, c.a.","isPartOf":{"@id":"https:\/\/ikr3ativos.net\/ve\/#website"},"datePublished":"2023-09-11T20:57:21+00:00","dateModified":"2023-09-11T20:58:19+00:00","breadcrumb":{"@id":"https:\/\/ikr3ativos.net\/ve\/product\/la-mujer-de-verde\/#breadcrumb"},"inLanguage":"es","potentialAction":[{"@type":"ReadAction","target":["https:\/\/ikr3ativos.net\/ve\/product\/la-mujer-de-verde\/"]}]},{"@type":"BreadcrumbList","@id":"https:\/\/ikr3ativos.net\/ve\/product\/la-mujer-de-verde\/#breadcrumb","itemListElement":[{"@type":"ListItem","position":1,"name":"Portada","item":"https:\/\/ikr3ativos.net\/ve\/"},{"@type":"ListItem","position":2,"name":"Tienda","item":"https:\/\/ikr3ativos.net\/ve\/tienda\/"},{"@type":"ListItem","position":3,"name":"La Mujer de Verde"}]},{"@type":"WebSite","@id":"https:\/\/ikr3ativos.net\/ve\/#website","url":"https:\/\/ikr3ativos.net\/ve\/","name":"iKr3ativos, c.a.","description":"Estudio Gr\u00e1fico, Comunicaci\u00f3n y Medios","potentialAction":[{"@type":"SearchAction","target":{"@type":"EntryPoint","urlTemplate":"https:\/\/ikr3ativos.net\/ve\/?s={search_term_string}"},"query-input":"required name=search_term_string"}],"inLanguage":"es"}]}},"_links":{"self":[{"href":"https:\/\/ikr3ativos.net\/ve\/wp-json\/wp\/v2\/product\/9125","targetHints":{"allow":["GET"]}}],"collection":[{"href":"https:\/\/ikr3ativos.net\/ve\/wp-json\/wp\/v2\/product"}],"about":[{"href":"https:\/\/ikr3ativos.net\/ve\/wp-json\/wp\/v2\/types\/product"}],"replies":[{"embeddable":true,"href":"https:\/\/ikr3ativos.net\/ve\/wp-json\/wp\/v2\/comments?post=9125"}],"wp:featuredmedia":[{"embeddable":true,"href":"https:\/\/ikr3ativos.net\/ve\/wp-json\/wp\/v2\/media\/9178"}],"wp:attachment":[{"href":"https:\/\/ikr3ativos.net\/ve\/wp-json\/wp\/v2\/media?parent=9125"}],"wp:term":[{"taxonomy":"product_brand","embeddable":true,"href":"https:\/\/ikr3ativos.net\/ve\/wp-json\/wp\/v2\/product_brand?post=9125"},{"taxonomy":"product_cat","embeddable":true,"href":"https:\/\/ikr3ativos.net\/ve\/wp-json\/wp\/v2\/product_cat?post=9125"},{"taxonomy":"product_tag","embeddable":true,"href":"https:\/\/ikr3ativos.net\/ve\/wp-json\/wp\/v2\/product_tag?post=9125"}],"curies":[{"name":"wp","href":"https:\/\/api.w.org\/{rel}","templated":true}]}}