{"id":9143,"date":"2023-09-11T20:57:43","date_gmt":"2023-09-11T20:57:43","guid":{"rendered":"https:\/\/ikr3ativos.net\/ve\/?post_type=product&#038;p=9143"},"modified":"2023-09-11T20:58:31","modified_gmt":"2023-09-11T20:58:31","slug":"la-joya-de-medina","status":"publish","type":"product","link":"https:\/\/ikr3ativos.net\/ve\/product\/la-joya-de-medina\/","title":{"rendered":"La Joya de Medina"},"content":{"rendered":"<p>La joven Aisha es hija de un mercader de la Meca, lugar en el que vive durante los tiempos de la fundaci\u00f3n del Islam, en el siglo VII. A la edad de nueve a\u00f1os es dada en matrimonio al Profeta, un honor mayor que el que la ni\u00f1a alcanza a comprender. La dif\u00edcil adaptaci\u00f3n a su nuevo hogar hace que Aisha se vea obligada a recurrir a toda su astucia y su valor para hacerse un lugar en el har\u00e9n. Una novela que evoca la belleza y la difcultad de la vida en un tiempo de guerra, aprendizaje e iluminaci\u00f3n, y que conjuga una historia de amor y una lecci\u00f3n de historia.<\/p>\n","protected":false},"excerpt":{"rendered":"<p>La joven Aisha es hija de un mercader de la Meca, lugar en el que vive durante los tiempos de la fundaci\u00f3n del Islam, en el siglo VII. A la edad de nueve a\u00f1os es dada en matrimonio al Profeta, un honor mayor que el que la ni\u00f1a alcanza a comprender. La dif\u00edcil adaptaci\u00f3n a [&#8230;]\n","protected":false},"featured_media":9194,"comment_status":"closed","ping_status":"closed","template":"","meta":{"_acf_changed":false,"_joinchat":[]},"product_brand":[],"product_cat":[202,191,201],"product_tag":[],"class_list":{"0":"post-9143","1":"product","2":"type-product","3":"status-publish","4":"has-post-thumbnail","6":"product_cat-accion","7":"product_cat-best-seller","8":"product_cat-historicos","10":"first","11":"instock","12":"sold-individually","13":"shipping-taxable","14":"purchasable","15":"product-type-simple"},"acf":[],"yoast_head":"<!-- This site is optimized with the Yoast SEO plugin v21.9 - https:\/\/yoast.com\/wordpress\/plugins\/seo\/ -->\n<title>La Joya de Medina - iKr3ativos, c.a.<\/title>\n<meta name=\"robots\" content=\"index, follow, max-snippet:-1, max-image-preview:large, max-video-preview:-1\" \/>\n<link rel=\"canonical\" href=\"https:\/\/ikr3ativos.net\/ve\/product\/la-joya-de-medina\/\" \/>\n<meta property=\"og:locale\" content=\"es_ES\" \/>\n<meta property=\"og:type\" content=\"article\" \/>\n<meta property=\"og:title\" content=\"La Joya de Medina - iKr3ativos, c.a.\" \/>\n<meta property=\"og:description\" content=\"La joven Aisha es hija de un mercader de la Meca, lugar en el que vive durante los tiempos de la fundaci\u00f3n del Islam, en el siglo VII. A la edad de nueve a\u00f1os es dada en matrimonio al Profeta, un honor mayor que el que la ni\u00f1a alcanza a comprender. La dif\u00edcil adaptaci\u00f3n a [...]\" \/>\n<meta property=\"og:url\" content=\"https:\/\/ikr3ativos.net\/ve\/product\/la-joya-de-medina\/\" \/>\n<meta property=\"og:site_name\" content=\"iKr3ativos, c.a.\" \/>\n<meta property=\"article:modified_time\" content=\"2023-09-11T20:58:31+00:00\" \/>\n<meta name=\"twitter:card\" content=\"summary_large_image\" \/>\n<meta name=\"twitter:label1\" content=\"Tiempo de lectura\" \/>\n\t<meta name=\"twitter:data1\" content=\"1 minuto\" \/>\n<script type=\"application\/ld+json\" class=\"yoast-schema-graph\">{\"@context\":\"https:\/\/schema.org\",\"@graph\":[{\"@type\":\"WebPage\",\"@id\":\"https:\/\/ikr3ativos.net\/ve\/product\/la-joya-de-medina\/\",\"url\":\"https:\/\/ikr3ativos.net\/ve\/product\/la-joya-de-medina\/\",\"name\":\"La Joya de Medina - iKr3ativos, c.a.\",\"isPartOf\":{\"@id\":\"https:\/\/ikr3ativos.net\/ve\/#website\"},\"datePublished\":\"2023-09-11T20:57:43+00:00\",\"dateModified\":\"2023-09-11T20:58:31+00:00\",\"breadcrumb\":{\"@id\":\"https:\/\/ikr3ativos.net\/ve\/product\/la-joya-de-medina\/#breadcrumb\"},\"inLanguage\":\"es\",\"potentialAction\":[{\"@type\":\"ReadAction\",\"target\":[\"https:\/\/ikr3ativos.net\/ve\/product\/la-joya-de-medina\/\"]}]},{\"@type\":\"BreadcrumbList\",\"@id\":\"https:\/\/ikr3ativos.net\/ve\/product\/la-joya-de-medina\/#breadcrumb\",\"itemListElement\":[{\"@type\":\"ListItem\",\"position\":1,\"name\":\"Portada\",\"item\":\"https:\/\/ikr3ativos.net\/ve\/\"},{\"@type\":\"ListItem\",\"position\":2,\"name\":\"Tienda\",\"item\":\"https:\/\/ikr3ativos.net\/ve\/tienda\/\"},{\"@type\":\"ListItem\",\"position\":3,\"name\":\"La Joya de Medina\"}]},{\"@type\":\"WebSite\",\"@id\":\"https:\/\/ikr3ativos.net\/ve\/#website\",\"url\":\"https:\/\/ikr3ativos.net\/ve\/\",\"name\":\"iKr3ativos, c.a.\",\"description\":\"Estudio Gr\u00e1fico, Comunicaci\u00f3n y Medios\",\"potentialAction\":[{\"@type\":\"SearchAction\",\"target\":{\"@type\":\"EntryPoint\",\"urlTemplate\":\"https:\/\/ikr3ativos.net\/ve\/?s={search_term_string}\"},\"query-input\":\"required name=search_term_string\"}],\"inLanguage\":\"es\"}]}<\/script>\n<!-- \/ Yoast SEO plugin. -->","yoast_head_json":{"title":"La Joya de Medina - iKr3ativos, c.a.","robots":{"index":"index","follow":"follow","max-snippet":"max-snippet:-1","max-image-preview":"max-image-preview:large","max-video-preview":"max-video-preview:-1"},"canonical":"https:\/\/ikr3ativos.net\/ve\/product\/la-joya-de-medina\/","og_locale":"es_ES","og_type":"article","og_title":"La Joya de Medina - iKr3ativos, c.a.","og_description":"La joven Aisha es hija de un mercader de la Meca, lugar en el que vive durante los tiempos de la fundaci\u00f3n del Islam, en el siglo VII. A la edad de nueve a\u00f1os es dada en matrimonio al Profeta, un honor mayor que el que la ni\u00f1a alcanza a comprender. La dif\u00edcil adaptaci\u00f3n a [...]","og_url":"https:\/\/ikr3ativos.net\/ve\/product\/la-joya-de-medina\/","og_site_name":"iKr3ativos, c.a.","article_modified_time":"2023-09-11T20:58:31+00:00","twitter_card":"summary_large_image","twitter_misc":{"Tiempo de lectura":"1 minuto"},"schema":{"@context":"https:\/\/schema.org","@graph":[{"@type":"WebPage","@id":"https:\/\/ikr3ativos.net\/ve\/product\/la-joya-de-medina\/","url":"https:\/\/ikr3ativos.net\/ve\/product\/la-joya-de-medina\/","name":"La Joya de Medina - iKr3ativos, c.a.","isPartOf":{"@id":"https:\/\/ikr3ativos.net\/ve\/#website"},"datePublished":"2023-09-11T20:57:43+00:00","dateModified":"2023-09-11T20:58:31+00:00","breadcrumb":{"@id":"https:\/\/ikr3ativos.net\/ve\/product\/la-joya-de-medina\/#breadcrumb"},"inLanguage":"es","potentialAction":[{"@type":"ReadAction","target":["https:\/\/ikr3ativos.net\/ve\/product\/la-joya-de-medina\/"]}]},{"@type":"BreadcrumbList","@id":"https:\/\/ikr3ativos.net\/ve\/product\/la-joya-de-medina\/#breadcrumb","itemListElement":[{"@type":"ListItem","position":1,"name":"Portada","item":"https:\/\/ikr3ativos.net\/ve\/"},{"@type":"ListItem","position":2,"name":"Tienda","item":"https:\/\/ikr3ativos.net\/ve\/tienda\/"},{"@type":"ListItem","position":3,"name":"La Joya de Medina"}]},{"@type":"WebSite","@id":"https:\/\/ikr3ativos.net\/ve\/#website","url":"https:\/\/ikr3ativos.net\/ve\/","name":"iKr3ativos, c.a.","description":"Estudio Gr\u00e1fico, Comunicaci\u00f3n y Medios","potentialAction":[{"@type":"SearchAction","target":{"@type":"EntryPoint","urlTemplate":"https:\/\/ikr3ativos.net\/ve\/?s={search_term_string}"},"query-input":"required name=search_term_string"}],"inLanguage":"es"}]}},"_links":{"self":[{"href":"https:\/\/ikr3ativos.net\/ve\/wp-json\/wp\/v2\/product\/9143","targetHints":{"allow":["GET"]}}],"collection":[{"href":"https:\/\/ikr3ativos.net\/ve\/wp-json\/wp\/v2\/product"}],"about":[{"href":"https:\/\/ikr3ativos.net\/ve\/wp-json\/wp\/v2\/types\/product"}],"replies":[{"embeddable":true,"href":"https:\/\/ikr3ativos.net\/ve\/wp-json\/wp\/v2\/comments?post=9143"}],"wp:featuredmedia":[{"embeddable":true,"href":"https:\/\/ikr3ativos.net\/ve\/wp-json\/wp\/v2\/media\/9194"}],"wp:attachment":[{"href":"https:\/\/ikr3ativos.net\/ve\/wp-json\/wp\/v2\/media?parent=9143"}],"wp:term":[{"taxonomy":"product_brand","embeddable":true,"href":"https:\/\/ikr3ativos.net\/ve\/wp-json\/wp\/v2\/product_brand?post=9143"},{"taxonomy":"product_cat","embeddable":true,"href":"https:\/\/ikr3ativos.net\/ve\/wp-json\/wp\/v2\/product_cat?post=9143"},{"taxonomy":"product_tag","embeddable":true,"href":"https:\/\/ikr3ativos.net\/ve\/wp-json\/wp\/v2\/product_tag?post=9143"}],"curies":[{"name":"wp","href":"https:\/\/api.w.org\/{rel}","templated":true}]}}