{"id":9146,"date":"2023-09-11T20:57:43","date_gmt":"2023-09-11T20:57:43","guid":{"rendered":"https:\/\/ikr3ativos.net\/ve\/?post_type=product&#038;p=9146"},"modified":"2023-09-11T20:58:37","modified_gmt":"2023-09-11T20:58:37","slug":"la-profecia-de-babilonia","status":"publish","type":"product","link":"https:\/\/ikr3ativos.net\/ve\/product\/la-profecia-de-babilonia\/","title":{"rendered":"La Profecia de Babilonia"},"content":{"rendered":"<p>Michael Murphy, un profesor universitario especializado en profec\u00edas b\u00edblicas y apasionado en arqueolog\u00eda de campo, se expone a todo tipo de peligros para localizar y autentificar artefactos de los tiempos b\u00edblicos. Con ayuda de un misterioso aliado que se hace llamar Matusal\u00e9n, este h\u00e9roe moderno buscar\u00e1 uno por uno los tres trozos de la Serpiente de Bronce construida por Mois\u00e9s y destruida por Ezequ\u00edas. La clave estar\u00e1 en la profec\u00eda emitida por Daniel a partir de los sue\u00f1os que perturbaron al emperador Nabucodonosor de Babilonia.<\/p>\n","protected":false},"excerpt":{"rendered":"<p>Michael Murphy, un profesor universitario especializado en profec\u00edas b\u00edblicas y apasionado en arqueolog\u00eda de campo, se expone a todo tipo de peligros para localizar y autentificar artefactos de los tiempos b\u00edblicos. Con ayuda de un misterioso aliado que se hace llamar Matusal\u00e9n, este h\u00e9roe moderno buscar\u00e1 uno por uno los tres trozos de la Serpiente [&#8230;]\n","protected":false},"featured_media":9197,"comment_status":"closed","ping_status":"closed","template":"","meta":{"_acf_changed":false,"_joinchat":[]},"product_brand":[],"product_cat":[191,201],"product_tag":[],"class_list":{"0":"post-9146","1":"product","2":"type-product","3":"status-publish","4":"has-post-thumbnail","6":"product_cat-best-seller","7":"product_cat-historicos","9":"first","10":"instock","11":"sold-individually","12":"shipping-taxable","13":"purchasable","14":"product-type-simple"},"acf":[],"yoast_head":"<!-- This site is optimized with the Yoast SEO plugin v21.9 - https:\/\/yoast.com\/wordpress\/plugins\/seo\/ -->\n<title>La Profecia de Babilonia - iKr3ativos, c.a.<\/title>\n<meta name=\"robots\" content=\"index, follow, max-snippet:-1, max-image-preview:large, max-video-preview:-1\" \/>\n<link rel=\"canonical\" href=\"https:\/\/ikr3ativos.net\/ve\/product\/la-profecia-de-babilonia\/\" \/>\n<meta property=\"og:locale\" content=\"es_ES\" \/>\n<meta property=\"og:type\" content=\"article\" \/>\n<meta property=\"og:title\" content=\"La Profecia de Babilonia - iKr3ativos, c.a.\" \/>\n<meta property=\"og:description\" content=\"Michael Murphy, un profesor universitario especializado en profec\u00edas b\u00edblicas y apasionado en arqueolog\u00eda de campo, se expone a todo tipo de peligros para localizar y autentificar artefactos de los tiempos b\u00edblicos. Con ayuda de un misterioso aliado que se hace llamar Matusal\u00e9n, este h\u00e9roe moderno buscar\u00e1 uno por uno los tres trozos de la Serpiente [...]\" \/>\n<meta property=\"og:url\" content=\"https:\/\/ikr3ativos.net\/ve\/product\/la-profecia-de-babilonia\/\" \/>\n<meta property=\"og:site_name\" content=\"iKr3ativos, c.a.\" \/>\n<meta property=\"article:modified_time\" content=\"2023-09-11T20:58:37+00:00\" \/>\n<meta name=\"twitter:card\" content=\"summary_large_image\" \/>\n<script type=\"application\/ld+json\" class=\"yoast-schema-graph\">{\"@context\":\"https:\/\/schema.org\",\"@graph\":[{\"@type\":\"WebPage\",\"@id\":\"https:\/\/ikr3ativos.net\/ve\/product\/la-profecia-de-babilonia\/\",\"url\":\"https:\/\/ikr3ativos.net\/ve\/product\/la-profecia-de-babilonia\/\",\"name\":\"La Profecia de Babilonia - iKr3ativos, c.a.\",\"isPartOf\":{\"@id\":\"https:\/\/ikr3ativos.net\/ve\/#website\"},\"datePublished\":\"2023-09-11T20:57:43+00:00\",\"dateModified\":\"2023-09-11T20:58:37+00:00\",\"breadcrumb\":{\"@id\":\"https:\/\/ikr3ativos.net\/ve\/product\/la-profecia-de-babilonia\/#breadcrumb\"},\"inLanguage\":\"es\",\"potentialAction\":[{\"@type\":\"ReadAction\",\"target\":[\"https:\/\/ikr3ativos.net\/ve\/product\/la-profecia-de-babilonia\/\"]}]},{\"@type\":\"BreadcrumbList\",\"@id\":\"https:\/\/ikr3ativos.net\/ve\/product\/la-profecia-de-babilonia\/#breadcrumb\",\"itemListElement\":[{\"@type\":\"ListItem\",\"position\":1,\"name\":\"Portada\",\"item\":\"https:\/\/ikr3ativos.net\/ve\/\"},{\"@type\":\"ListItem\",\"position\":2,\"name\":\"Tienda\",\"item\":\"https:\/\/ikr3ativos.net\/ve\/tienda\/\"},{\"@type\":\"ListItem\",\"position\":3,\"name\":\"La Profecia de Babilonia\"}]},{\"@type\":\"WebSite\",\"@id\":\"https:\/\/ikr3ativos.net\/ve\/#website\",\"url\":\"https:\/\/ikr3ativos.net\/ve\/\",\"name\":\"iKr3ativos, c.a.\",\"description\":\"Estudio Gr\u00e1fico, Comunicaci\u00f3n y Medios\",\"potentialAction\":[{\"@type\":\"SearchAction\",\"target\":{\"@type\":\"EntryPoint\",\"urlTemplate\":\"https:\/\/ikr3ativos.net\/ve\/?s={search_term_string}\"},\"query-input\":\"required name=search_term_string\"}],\"inLanguage\":\"es\"}]}<\/script>\n<!-- \/ Yoast SEO plugin. -->","yoast_head_json":{"title":"La Profecia de Babilonia - iKr3ativos, c.a.","robots":{"index":"index","follow":"follow","max-snippet":"max-snippet:-1","max-image-preview":"max-image-preview:large","max-video-preview":"max-video-preview:-1"},"canonical":"https:\/\/ikr3ativos.net\/ve\/product\/la-profecia-de-babilonia\/","og_locale":"es_ES","og_type":"article","og_title":"La Profecia de Babilonia - iKr3ativos, c.a.","og_description":"Michael Murphy, un profesor universitario especializado en profec\u00edas b\u00edblicas y apasionado en arqueolog\u00eda de campo, se expone a todo tipo de peligros para localizar y autentificar artefactos de los tiempos b\u00edblicos. Con ayuda de un misterioso aliado que se hace llamar Matusal\u00e9n, este h\u00e9roe moderno buscar\u00e1 uno por uno los tres trozos de la Serpiente [...]","og_url":"https:\/\/ikr3ativos.net\/ve\/product\/la-profecia-de-babilonia\/","og_site_name":"iKr3ativos, c.a.","article_modified_time":"2023-09-11T20:58:37+00:00","twitter_card":"summary_large_image","schema":{"@context":"https:\/\/schema.org","@graph":[{"@type":"WebPage","@id":"https:\/\/ikr3ativos.net\/ve\/product\/la-profecia-de-babilonia\/","url":"https:\/\/ikr3ativos.net\/ve\/product\/la-profecia-de-babilonia\/","name":"La Profecia de Babilonia - iKr3ativos, c.a.","isPartOf":{"@id":"https:\/\/ikr3ativos.net\/ve\/#website"},"datePublished":"2023-09-11T20:57:43+00:00","dateModified":"2023-09-11T20:58:37+00:00","breadcrumb":{"@id":"https:\/\/ikr3ativos.net\/ve\/product\/la-profecia-de-babilonia\/#breadcrumb"},"inLanguage":"es","potentialAction":[{"@type":"ReadAction","target":["https:\/\/ikr3ativos.net\/ve\/product\/la-profecia-de-babilonia\/"]}]},{"@type":"BreadcrumbList","@id":"https:\/\/ikr3ativos.net\/ve\/product\/la-profecia-de-babilonia\/#breadcrumb","itemListElement":[{"@type":"ListItem","position":1,"name":"Portada","item":"https:\/\/ikr3ativos.net\/ve\/"},{"@type":"ListItem","position":2,"name":"Tienda","item":"https:\/\/ikr3ativos.net\/ve\/tienda\/"},{"@type":"ListItem","position":3,"name":"La Profecia de Babilonia"}]},{"@type":"WebSite","@id":"https:\/\/ikr3ativos.net\/ve\/#website","url":"https:\/\/ikr3ativos.net\/ve\/","name":"iKr3ativos, c.a.","description":"Estudio Gr\u00e1fico, Comunicaci\u00f3n y Medios","potentialAction":[{"@type":"SearchAction","target":{"@type":"EntryPoint","urlTemplate":"https:\/\/ikr3ativos.net\/ve\/?s={search_term_string}"},"query-input":"required name=search_term_string"}],"inLanguage":"es"}]}},"_links":{"self":[{"href":"https:\/\/ikr3ativos.net\/ve\/wp-json\/wp\/v2\/product\/9146","targetHints":{"allow":["GET"]}}],"collection":[{"href":"https:\/\/ikr3ativos.net\/ve\/wp-json\/wp\/v2\/product"}],"about":[{"href":"https:\/\/ikr3ativos.net\/ve\/wp-json\/wp\/v2\/types\/product"}],"replies":[{"embeddable":true,"href":"https:\/\/ikr3ativos.net\/ve\/wp-json\/wp\/v2\/comments?post=9146"}],"wp:featuredmedia":[{"embeddable":true,"href":"https:\/\/ikr3ativos.net\/ve\/wp-json\/wp\/v2\/media\/9197"}],"wp:attachment":[{"href":"https:\/\/ikr3ativos.net\/ve\/wp-json\/wp\/v2\/media?parent=9146"}],"wp:term":[{"taxonomy":"product_brand","embeddable":true,"href":"https:\/\/ikr3ativos.net\/ve\/wp-json\/wp\/v2\/product_brand?post=9146"},{"taxonomy":"product_cat","embeddable":true,"href":"https:\/\/ikr3ativos.net\/ve\/wp-json\/wp\/v2\/product_cat?post=9146"},{"taxonomy":"product_tag","embeddable":true,"href":"https:\/\/ikr3ativos.net\/ve\/wp-json\/wp\/v2\/product_tag?post=9146"}],"curies":[{"name":"wp","href":"https:\/\/api.w.org\/{rel}","templated":true}]}}