{"id":9149,"date":"2023-09-11T20:57:43","date_gmt":"2023-09-11T20:57:43","guid":{"rendered":"https:\/\/ikr3ativos.net\/ve\/?post_type=product&#038;p=9149"},"modified":"2023-09-11T20:58:42","modified_gmt":"2023-09-11T20:58:42","slug":"la-esencia-del-sake","status":"publish","type":"product","link":"https:\/\/ikr3ativos.net\/ve\/product\/la-esencia-del-sake\/","title":{"rendered":"La esencia del Sake"},"content":{"rendered":"<p>El Jap\u00f3n del siglo XIX no estaba preparado para la fortaleza de la joven Rie, la \u00fanica heredera de una venerable familia de fabricantes de sake. A los diecinueve a\u00f1os Rie no hizo caso de las advertencias de su madre, que la preven\u00edan de que toda mujer debe \u00abmatar el ser que conforma su esencia\u00bb si desea evitar que su vida sea insoportable. Con el tiempo, su destino parece dar la raz\u00f3n a su madre y los poderes sobre el negocio familiar deben ser traspasados al marido con el que Rie se ha visto obligada a casarse. Pero Rie no est\u00e1 dispuesta a dejar que su interior muera, y su ind\u00f3mito esp\u00edritu la lleva a luchar contra todos los obst\u00e1culos para conquistar, al fin, lo que siempre fue suyo.<\/p>\n","protected":false},"excerpt":{"rendered":"<p>El Jap\u00f3n del siglo XIX no estaba preparado para la fortaleza de la joven Rie, la \u00fanica heredera de una venerable familia de fabricantes de sake. A los diecinueve a\u00f1os Rie no hizo caso de las advertencias de su madre, que la preven\u00edan de que toda mujer debe \u00abmatar el ser que conforma su esencia\u00bb [&#8230;]\n","protected":false},"featured_media":9200,"comment_status":"closed","ping_status":"closed","template":"","meta":{"_acf_changed":false,"_joinchat":[]},"product_brand":[],"product_cat":[191,201],"product_tag":[],"class_list":{"0":"post-9149","1":"product","2":"type-product","3":"status-publish","4":"has-post-thumbnail","6":"product_cat-best-seller","7":"product_cat-historicos","9":"first","10":"instock","11":"sold-individually","12":"shipping-taxable","13":"purchasable","14":"product-type-simple"},"acf":[],"yoast_head":"<!-- This site is optimized with the Yoast SEO plugin v21.9 - https:\/\/yoast.com\/wordpress\/plugins\/seo\/ -->\n<title>La esencia del Sake - iKr3ativos, c.a.<\/title>\n<meta name=\"robots\" content=\"index, follow, max-snippet:-1, max-image-preview:large, max-video-preview:-1\" \/>\n<link rel=\"canonical\" href=\"https:\/\/ikr3ativos.net\/ve\/product\/la-esencia-del-sake\/\" \/>\n<meta property=\"og:locale\" content=\"es_ES\" \/>\n<meta property=\"og:type\" content=\"article\" \/>\n<meta property=\"og:title\" content=\"La esencia del Sake - iKr3ativos, c.a.\" \/>\n<meta property=\"og:description\" content=\"El Jap\u00f3n del siglo XIX no estaba preparado para la fortaleza de la joven Rie, la \u00fanica heredera de una venerable familia de fabricantes de sake. A los diecinueve a\u00f1os Rie no hizo caso de las advertencias de su madre, que la preven\u00edan de que toda mujer debe \u00abmatar el ser que conforma su esencia\u00bb [...]\" \/>\n<meta property=\"og:url\" content=\"https:\/\/ikr3ativos.net\/ve\/product\/la-esencia-del-sake\/\" \/>\n<meta property=\"og:site_name\" content=\"iKr3ativos, c.a.\" \/>\n<meta property=\"article:modified_time\" content=\"2023-09-11T20:58:42+00:00\" \/>\n<meta name=\"twitter:card\" content=\"summary_large_image\" \/>\n<meta name=\"twitter:label1\" content=\"Tiempo de lectura\" \/>\n\t<meta name=\"twitter:data1\" content=\"1 minuto\" \/>\n<script type=\"application\/ld+json\" class=\"yoast-schema-graph\">{\"@context\":\"https:\/\/schema.org\",\"@graph\":[{\"@type\":\"WebPage\",\"@id\":\"https:\/\/ikr3ativos.net\/ve\/product\/la-esencia-del-sake\/\",\"url\":\"https:\/\/ikr3ativos.net\/ve\/product\/la-esencia-del-sake\/\",\"name\":\"La esencia del Sake - iKr3ativos, c.a.\",\"isPartOf\":{\"@id\":\"https:\/\/ikr3ativos.net\/ve\/#website\"},\"datePublished\":\"2023-09-11T20:57:43+00:00\",\"dateModified\":\"2023-09-11T20:58:42+00:00\",\"breadcrumb\":{\"@id\":\"https:\/\/ikr3ativos.net\/ve\/product\/la-esencia-del-sake\/#breadcrumb\"},\"inLanguage\":\"es\",\"potentialAction\":[{\"@type\":\"ReadAction\",\"target\":[\"https:\/\/ikr3ativos.net\/ve\/product\/la-esencia-del-sake\/\"]}]},{\"@type\":\"BreadcrumbList\",\"@id\":\"https:\/\/ikr3ativos.net\/ve\/product\/la-esencia-del-sake\/#breadcrumb\",\"itemListElement\":[{\"@type\":\"ListItem\",\"position\":1,\"name\":\"Portada\",\"item\":\"https:\/\/ikr3ativos.net\/ve\/\"},{\"@type\":\"ListItem\",\"position\":2,\"name\":\"Tienda\",\"item\":\"https:\/\/ikr3ativos.net\/ve\/tienda\/\"},{\"@type\":\"ListItem\",\"position\":3,\"name\":\"La esencia del Sake\"}]},{\"@type\":\"WebSite\",\"@id\":\"https:\/\/ikr3ativos.net\/ve\/#website\",\"url\":\"https:\/\/ikr3ativos.net\/ve\/\",\"name\":\"iKr3ativos, c.a.\",\"description\":\"Estudio Gr\u00e1fico, Comunicaci\u00f3n y Medios\",\"potentialAction\":[{\"@type\":\"SearchAction\",\"target\":{\"@type\":\"EntryPoint\",\"urlTemplate\":\"https:\/\/ikr3ativos.net\/ve\/?s={search_term_string}\"},\"query-input\":\"required name=search_term_string\"}],\"inLanguage\":\"es\"}]}<\/script>\n<!-- \/ Yoast SEO plugin. -->","yoast_head_json":{"title":"La esencia del Sake - iKr3ativos, c.a.","robots":{"index":"index","follow":"follow","max-snippet":"max-snippet:-1","max-image-preview":"max-image-preview:large","max-video-preview":"max-video-preview:-1"},"canonical":"https:\/\/ikr3ativos.net\/ve\/product\/la-esencia-del-sake\/","og_locale":"es_ES","og_type":"article","og_title":"La esencia del Sake - iKr3ativos, c.a.","og_description":"El Jap\u00f3n del siglo XIX no estaba preparado para la fortaleza de la joven Rie, la \u00fanica heredera de una venerable familia de fabricantes de sake. A los diecinueve a\u00f1os Rie no hizo caso de las advertencias de su madre, que la preven\u00edan de que toda mujer debe \u00abmatar el ser que conforma su esencia\u00bb [...]","og_url":"https:\/\/ikr3ativos.net\/ve\/product\/la-esencia-del-sake\/","og_site_name":"iKr3ativos, c.a.","article_modified_time":"2023-09-11T20:58:42+00:00","twitter_card":"summary_large_image","twitter_misc":{"Tiempo de lectura":"1 minuto"},"schema":{"@context":"https:\/\/schema.org","@graph":[{"@type":"WebPage","@id":"https:\/\/ikr3ativos.net\/ve\/product\/la-esencia-del-sake\/","url":"https:\/\/ikr3ativos.net\/ve\/product\/la-esencia-del-sake\/","name":"La esencia del Sake - iKr3ativos, c.a.","isPartOf":{"@id":"https:\/\/ikr3ativos.net\/ve\/#website"},"datePublished":"2023-09-11T20:57:43+00:00","dateModified":"2023-09-11T20:58:42+00:00","breadcrumb":{"@id":"https:\/\/ikr3ativos.net\/ve\/product\/la-esencia-del-sake\/#breadcrumb"},"inLanguage":"es","potentialAction":[{"@type":"ReadAction","target":["https:\/\/ikr3ativos.net\/ve\/product\/la-esencia-del-sake\/"]}]},{"@type":"BreadcrumbList","@id":"https:\/\/ikr3ativos.net\/ve\/product\/la-esencia-del-sake\/#breadcrumb","itemListElement":[{"@type":"ListItem","position":1,"name":"Portada","item":"https:\/\/ikr3ativos.net\/ve\/"},{"@type":"ListItem","position":2,"name":"Tienda","item":"https:\/\/ikr3ativos.net\/ve\/tienda\/"},{"@type":"ListItem","position":3,"name":"La esencia del Sake"}]},{"@type":"WebSite","@id":"https:\/\/ikr3ativos.net\/ve\/#website","url":"https:\/\/ikr3ativos.net\/ve\/","name":"iKr3ativos, c.a.","description":"Estudio Gr\u00e1fico, Comunicaci\u00f3n y Medios","potentialAction":[{"@type":"SearchAction","target":{"@type":"EntryPoint","urlTemplate":"https:\/\/ikr3ativos.net\/ve\/?s={search_term_string}"},"query-input":"required name=search_term_string"}],"inLanguage":"es"}]}},"_links":{"self":[{"href":"https:\/\/ikr3ativos.net\/ve\/wp-json\/wp\/v2\/product\/9149","targetHints":{"allow":["GET"]}}],"collection":[{"href":"https:\/\/ikr3ativos.net\/ve\/wp-json\/wp\/v2\/product"}],"about":[{"href":"https:\/\/ikr3ativos.net\/ve\/wp-json\/wp\/v2\/types\/product"}],"replies":[{"embeddable":true,"href":"https:\/\/ikr3ativos.net\/ve\/wp-json\/wp\/v2\/comments?post=9149"}],"wp:featuredmedia":[{"embeddable":true,"href":"https:\/\/ikr3ativos.net\/ve\/wp-json\/wp\/v2\/media\/9200"}],"wp:attachment":[{"href":"https:\/\/ikr3ativos.net\/ve\/wp-json\/wp\/v2\/media?parent=9149"}],"wp:term":[{"taxonomy":"product_brand","embeddable":true,"href":"https:\/\/ikr3ativos.net\/ve\/wp-json\/wp\/v2\/product_brand?post=9149"},{"taxonomy":"product_cat","embeddable":true,"href":"https:\/\/ikr3ativos.net\/ve\/wp-json\/wp\/v2\/product_cat?post=9149"},{"taxonomy":"product_tag","embeddable":true,"href":"https:\/\/ikr3ativos.net\/ve\/wp-json\/wp\/v2\/product_tag?post=9149"}],"curies":[{"name":"wp","href":"https:\/\/api.w.org\/{rel}","templated":true}]}}