{"id":9169,"date":"2023-09-11T20:58:08","date_gmt":"2023-09-11T20:58:08","guid":{"rendered":"https:\/\/ikr3ativos.net\/ve\/?post_type=product&#038;p=9169"},"modified":"2023-09-11T20:59:01","modified_gmt":"2023-09-11T20:59:01","slug":"la-sublime-puerta","status":"publish","type":"product","link":"https:\/\/ikr3ativos.net\/ve\/product\/la-sublime-puerta\/","title":{"rendered":"La Sublime Puerta"},"content":{"rendered":"<p>Luis Mar\u00eda Monroy un joven soldado de los tercios espa\u00f1oles de Felipe II apresado en la isla de Gelves es uno de los muchos seres que sufren el cautiverio. Sin embargo, ha corrido mejor suerte que sus camaradas, pues ha evitado el deg\u00fcello o el duro trabajo de galeote gracias a sus dotes de m\u00fasico y poeta. Dromux Baj\u00e1 gobernador de Susa lo ha elegido como esclavo, llev\u00e1ndoselo consigo a Estambul. Convertido al Islam, iniciar\u00e1 una doble vida entre los turcos que le har\u00e1 servir a importantes personajes de la corte del sult\u00e1n.<\/p>\n","protected":false},"excerpt":{"rendered":"<p>Luis Mar\u00eda Monroy un joven soldado de los tercios espa\u00f1oles de Felipe II apresado en la isla de Gelves es uno de los muchos seres que sufren el cautiverio. Sin embargo, ha corrido mejor suerte que sus camaradas, pues ha evitado el deg\u00fcello o el duro trabajo de galeote gracias a sus dotes de m\u00fasico [&#8230;]\n","protected":false},"featured_media":9220,"comment_status":"closed","ping_status":"closed","template":"","meta":{"_acf_changed":false,"_joinchat":[]},"product_brand":[],"product_cat":[202,191,201],"product_tag":[],"class_list":{"0":"post-9169","1":"product","2":"type-product","3":"status-publish","4":"has-post-thumbnail","6":"product_cat-accion","7":"product_cat-best-seller","8":"product_cat-historicos","10":"first","11":"instock","12":"sold-individually","13":"shipping-taxable","14":"purchasable","15":"product-type-simple"},"acf":[],"yoast_head":"<!-- This site is optimized with the Yoast SEO plugin v21.9 - https:\/\/yoast.com\/wordpress\/plugins\/seo\/ -->\n<title>La Sublime Puerta - iKr3ativos, c.a.<\/title>\n<meta name=\"robots\" content=\"index, follow, max-snippet:-1, max-image-preview:large, max-video-preview:-1\" \/>\n<link rel=\"canonical\" href=\"https:\/\/ikr3ativos.net\/ve\/product\/la-sublime-puerta\/\" \/>\n<meta property=\"og:locale\" content=\"es_ES\" \/>\n<meta property=\"og:type\" content=\"article\" \/>\n<meta property=\"og:title\" content=\"La Sublime Puerta - iKr3ativos, c.a.\" \/>\n<meta property=\"og:description\" content=\"Luis Mar\u00eda Monroy un joven soldado de los tercios espa\u00f1oles de Felipe II apresado en la isla de Gelves es uno de los muchos seres que sufren el cautiverio. Sin embargo, ha corrido mejor suerte que sus camaradas, pues ha evitado el deg\u00fcello o el duro trabajo de galeote gracias a sus dotes de m\u00fasico [...]\" \/>\n<meta property=\"og:url\" content=\"https:\/\/ikr3ativos.net\/ve\/product\/la-sublime-puerta\/\" \/>\n<meta property=\"og:site_name\" content=\"iKr3ativos, c.a.\" \/>\n<meta property=\"article:modified_time\" content=\"2023-09-11T20:59:01+00:00\" \/>\n<meta name=\"twitter:card\" content=\"summary_large_image\" \/>\n<script type=\"application\/ld+json\" class=\"yoast-schema-graph\">{\"@context\":\"https:\/\/schema.org\",\"@graph\":[{\"@type\":\"WebPage\",\"@id\":\"https:\/\/ikr3ativos.net\/ve\/product\/la-sublime-puerta\/\",\"url\":\"https:\/\/ikr3ativos.net\/ve\/product\/la-sublime-puerta\/\",\"name\":\"La Sublime Puerta - iKr3ativos, c.a.\",\"isPartOf\":{\"@id\":\"https:\/\/ikr3ativos.net\/ve\/#website\"},\"datePublished\":\"2023-09-11T20:58:08+00:00\",\"dateModified\":\"2023-09-11T20:59:01+00:00\",\"breadcrumb\":{\"@id\":\"https:\/\/ikr3ativos.net\/ve\/product\/la-sublime-puerta\/#breadcrumb\"},\"inLanguage\":\"es\",\"potentialAction\":[{\"@type\":\"ReadAction\",\"target\":[\"https:\/\/ikr3ativos.net\/ve\/product\/la-sublime-puerta\/\"]}]},{\"@type\":\"BreadcrumbList\",\"@id\":\"https:\/\/ikr3ativos.net\/ve\/product\/la-sublime-puerta\/#breadcrumb\",\"itemListElement\":[{\"@type\":\"ListItem\",\"position\":1,\"name\":\"Portada\",\"item\":\"https:\/\/ikr3ativos.net\/ve\/\"},{\"@type\":\"ListItem\",\"position\":2,\"name\":\"Tienda\",\"item\":\"https:\/\/ikr3ativos.net\/ve\/tienda\/\"},{\"@type\":\"ListItem\",\"position\":3,\"name\":\"La Sublime Puerta\"}]},{\"@type\":\"WebSite\",\"@id\":\"https:\/\/ikr3ativos.net\/ve\/#website\",\"url\":\"https:\/\/ikr3ativos.net\/ve\/\",\"name\":\"iKr3ativos, c.a.\",\"description\":\"Estudio Gr\u00e1fico, Comunicaci\u00f3n y Medios\",\"potentialAction\":[{\"@type\":\"SearchAction\",\"target\":{\"@type\":\"EntryPoint\",\"urlTemplate\":\"https:\/\/ikr3ativos.net\/ve\/?s={search_term_string}\"},\"query-input\":\"required name=search_term_string\"}],\"inLanguage\":\"es\"}]}<\/script>\n<!-- \/ Yoast SEO plugin. -->","yoast_head_json":{"title":"La Sublime Puerta - iKr3ativos, c.a.","robots":{"index":"index","follow":"follow","max-snippet":"max-snippet:-1","max-image-preview":"max-image-preview:large","max-video-preview":"max-video-preview:-1"},"canonical":"https:\/\/ikr3ativos.net\/ve\/product\/la-sublime-puerta\/","og_locale":"es_ES","og_type":"article","og_title":"La Sublime Puerta - iKr3ativos, c.a.","og_description":"Luis Mar\u00eda Monroy un joven soldado de los tercios espa\u00f1oles de Felipe II apresado en la isla de Gelves es uno de los muchos seres que sufren el cautiverio. Sin embargo, ha corrido mejor suerte que sus camaradas, pues ha evitado el deg\u00fcello o el duro trabajo de galeote gracias a sus dotes de m\u00fasico [...]","og_url":"https:\/\/ikr3ativos.net\/ve\/product\/la-sublime-puerta\/","og_site_name":"iKr3ativos, c.a.","article_modified_time":"2023-09-11T20:59:01+00:00","twitter_card":"summary_large_image","schema":{"@context":"https:\/\/schema.org","@graph":[{"@type":"WebPage","@id":"https:\/\/ikr3ativos.net\/ve\/product\/la-sublime-puerta\/","url":"https:\/\/ikr3ativos.net\/ve\/product\/la-sublime-puerta\/","name":"La Sublime Puerta - iKr3ativos, c.a.","isPartOf":{"@id":"https:\/\/ikr3ativos.net\/ve\/#website"},"datePublished":"2023-09-11T20:58:08+00:00","dateModified":"2023-09-11T20:59:01+00:00","breadcrumb":{"@id":"https:\/\/ikr3ativos.net\/ve\/product\/la-sublime-puerta\/#breadcrumb"},"inLanguage":"es","potentialAction":[{"@type":"ReadAction","target":["https:\/\/ikr3ativos.net\/ve\/product\/la-sublime-puerta\/"]}]},{"@type":"BreadcrumbList","@id":"https:\/\/ikr3ativos.net\/ve\/product\/la-sublime-puerta\/#breadcrumb","itemListElement":[{"@type":"ListItem","position":1,"name":"Portada","item":"https:\/\/ikr3ativos.net\/ve\/"},{"@type":"ListItem","position":2,"name":"Tienda","item":"https:\/\/ikr3ativos.net\/ve\/tienda\/"},{"@type":"ListItem","position":3,"name":"La Sublime Puerta"}]},{"@type":"WebSite","@id":"https:\/\/ikr3ativos.net\/ve\/#website","url":"https:\/\/ikr3ativos.net\/ve\/","name":"iKr3ativos, c.a.","description":"Estudio Gr\u00e1fico, Comunicaci\u00f3n y Medios","potentialAction":[{"@type":"SearchAction","target":{"@type":"EntryPoint","urlTemplate":"https:\/\/ikr3ativos.net\/ve\/?s={search_term_string}"},"query-input":"required name=search_term_string"}],"inLanguage":"es"}]}},"_links":{"self":[{"href":"https:\/\/ikr3ativos.net\/ve\/wp-json\/wp\/v2\/product\/9169","targetHints":{"allow":["GET"]}}],"collection":[{"href":"https:\/\/ikr3ativos.net\/ve\/wp-json\/wp\/v2\/product"}],"about":[{"href":"https:\/\/ikr3ativos.net\/ve\/wp-json\/wp\/v2\/types\/product"}],"replies":[{"embeddable":true,"href":"https:\/\/ikr3ativos.net\/ve\/wp-json\/wp\/v2\/comments?post=9169"}],"wp:featuredmedia":[{"embeddable":true,"href":"https:\/\/ikr3ativos.net\/ve\/wp-json\/wp\/v2\/media\/9220"}],"wp:attachment":[{"href":"https:\/\/ikr3ativos.net\/ve\/wp-json\/wp\/v2\/media?parent=9169"}],"wp:term":[{"taxonomy":"product_brand","embeddable":true,"href":"https:\/\/ikr3ativos.net\/ve\/wp-json\/wp\/v2\/product_brand?post=9169"},{"taxonomy":"product_cat","embeddable":true,"href":"https:\/\/ikr3ativos.net\/ve\/wp-json\/wp\/v2\/product_cat?post=9169"},{"taxonomy":"product_tag","embeddable":true,"href":"https:\/\/ikr3ativos.net\/ve\/wp-json\/wp\/v2\/product_tag?post=9169"}],"curies":[{"name":"wp","href":"https:\/\/api.w.org\/{rel}","templated":true}]}}