{"id":9553,"date":"2023-09-11T21:05:17","date_gmt":"2023-09-11T21:05:17","guid":{"rendered":"https:\/\/ikr3ativos.net\/ve\/?post_type=product&#038;p=9553"},"modified":"2023-09-11T21:05:51","modified_gmt":"2023-09-11T21:05:51","slug":"apocalipticos-e-integrados","status":"publish","type":"product","link":"https:\/\/ikr3ativos.net\/ve\/product\/apocalipticos-e-integrados\/","title":{"rendered":"Apocalipticos e Integrados"},"content":{"rendered":"<p>En esta serie de ensayos magistrales sobre la cultura de masas -en los que se analiza la estructura del mal gusto, la lectura de comics, el mito de Superman, la canci\u00f3n de consumo, el papel de los medios audiovisuales como instrumento de informaci\u00f3n o el influjo de la televisi\u00f3n en el mundo de hoy<\/p>\n","protected":false},"excerpt":{"rendered":"<p>En esta serie de ensayos magistrales sobre la cultura de masas -en los que se analiza la estructura del mal gusto, la lectura de comics, el mito de Superman, la canci\u00f3n de consumo, el papel de los medios audiovisuales como instrumento de informaci\u00f3n o el influjo de la televisi\u00f3n en el mundo de hoy<\/p>\n","protected":false},"featured_media":9589,"comment_status":"closed","ping_status":"closed","template":"","meta":{"_acf_changed":false,"_joinchat":[]},"product_brand":[],"product_cat":[222],"product_tag":[],"class_list":{"0":"post-9553","1":"product","2":"type-product","3":"status-publish","4":"has-post-thumbnail","6":"product_cat-filosofia-y-esotericos","8":"first","9":"instock","10":"sold-individually","11":"shipping-taxable","12":"purchasable","13":"product-type-simple"},"acf":[],"yoast_head":"<!-- This site is optimized with the Yoast SEO plugin v21.9 - https:\/\/yoast.com\/wordpress\/plugins\/seo\/ -->\n<title>Apocalipticos e Integrados - iKr3ativos, c.a.<\/title>\n<meta name=\"robots\" content=\"index, follow, max-snippet:-1, max-image-preview:large, max-video-preview:-1\" \/>\n<link rel=\"canonical\" href=\"https:\/\/ikr3ativos.net\/ve\/product\/apocalipticos-e-integrados\/\" \/>\n<meta property=\"og:locale\" content=\"es_ES\" \/>\n<meta property=\"og:type\" content=\"article\" \/>\n<meta property=\"og:title\" content=\"Apocalipticos e Integrados - iKr3ativos, c.a.\" \/>\n<meta property=\"og:description\" content=\"En esta serie de ensayos magistrales sobre la cultura de masas -en los que se analiza la estructura del mal gusto, la lectura de comics, el mito de Superman, la canci\u00f3n de consumo, el papel de los medios audiovisuales como instrumento de informaci\u00f3n o el influjo de la televisi\u00f3n en el mundo de hoy\" \/>\n<meta property=\"og:url\" content=\"https:\/\/ikr3ativos.net\/ve\/product\/apocalipticos-e-integrados\/\" \/>\n<meta property=\"og:site_name\" content=\"iKr3ativos, c.a.\" \/>\n<meta property=\"article:modified_time\" content=\"2023-09-11T21:05:51+00:00\" \/>\n<meta name=\"twitter:card\" content=\"summary_large_image\" \/>\n<script type=\"application\/ld+json\" class=\"yoast-schema-graph\">{\"@context\":\"https:\/\/schema.org\",\"@graph\":[{\"@type\":\"WebPage\",\"@id\":\"https:\/\/ikr3ativos.net\/ve\/product\/apocalipticos-e-integrados\/\",\"url\":\"https:\/\/ikr3ativos.net\/ve\/product\/apocalipticos-e-integrados\/\",\"name\":\"Apocalipticos e Integrados - iKr3ativos, c.a.\",\"isPartOf\":{\"@id\":\"https:\/\/ikr3ativos.net\/ve\/#website\"},\"datePublished\":\"2023-09-11T21:05:17+00:00\",\"dateModified\":\"2023-09-11T21:05:51+00:00\",\"breadcrumb\":{\"@id\":\"https:\/\/ikr3ativos.net\/ve\/product\/apocalipticos-e-integrados\/#breadcrumb\"},\"inLanguage\":\"es\",\"potentialAction\":[{\"@type\":\"ReadAction\",\"target\":[\"https:\/\/ikr3ativos.net\/ve\/product\/apocalipticos-e-integrados\/\"]}]},{\"@type\":\"BreadcrumbList\",\"@id\":\"https:\/\/ikr3ativos.net\/ve\/product\/apocalipticos-e-integrados\/#breadcrumb\",\"itemListElement\":[{\"@type\":\"ListItem\",\"position\":1,\"name\":\"Portada\",\"item\":\"https:\/\/ikr3ativos.net\/ve\/\"},{\"@type\":\"ListItem\",\"position\":2,\"name\":\"Tienda\",\"item\":\"https:\/\/ikr3ativos.net\/ve\/tienda\/\"},{\"@type\":\"ListItem\",\"position\":3,\"name\":\"Apocalipticos e Integrados\"}]},{\"@type\":\"WebSite\",\"@id\":\"https:\/\/ikr3ativos.net\/ve\/#website\",\"url\":\"https:\/\/ikr3ativos.net\/ve\/\",\"name\":\"iKr3ativos, c.a.\",\"description\":\"Estudio Gr\u00e1fico, Comunicaci\u00f3n y Medios\",\"potentialAction\":[{\"@type\":\"SearchAction\",\"target\":{\"@type\":\"EntryPoint\",\"urlTemplate\":\"https:\/\/ikr3ativos.net\/ve\/?s={search_term_string}\"},\"query-input\":\"required name=search_term_string\"}],\"inLanguage\":\"es\"}]}<\/script>\n<!-- \/ Yoast SEO plugin. -->","yoast_head_json":{"title":"Apocalipticos e Integrados - iKr3ativos, c.a.","robots":{"index":"index","follow":"follow","max-snippet":"max-snippet:-1","max-image-preview":"max-image-preview:large","max-video-preview":"max-video-preview:-1"},"canonical":"https:\/\/ikr3ativos.net\/ve\/product\/apocalipticos-e-integrados\/","og_locale":"es_ES","og_type":"article","og_title":"Apocalipticos e Integrados - iKr3ativos, c.a.","og_description":"En esta serie de ensayos magistrales sobre la cultura de masas -en los que se analiza la estructura del mal gusto, la lectura de comics, el mito de Superman, la canci\u00f3n de consumo, el papel de los medios audiovisuales como instrumento de informaci\u00f3n o el influjo de la televisi\u00f3n en el mundo de hoy","og_url":"https:\/\/ikr3ativos.net\/ve\/product\/apocalipticos-e-integrados\/","og_site_name":"iKr3ativos, c.a.","article_modified_time":"2023-09-11T21:05:51+00:00","twitter_card":"summary_large_image","schema":{"@context":"https:\/\/schema.org","@graph":[{"@type":"WebPage","@id":"https:\/\/ikr3ativos.net\/ve\/product\/apocalipticos-e-integrados\/","url":"https:\/\/ikr3ativos.net\/ve\/product\/apocalipticos-e-integrados\/","name":"Apocalipticos e Integrados - iKr3ativos, c.a.","isPartOf":{"@id":"https:\/\/ikr3ativos.net\/ve\/#website"},"datePublished":"2023-09-11T21:05:17+00:00","dateModified":"2023-09-11T21:05:51+00:00","breadcrumb":{"@id":"https:\/\/ikr3ativos.net\/ve\/product\/apocalipticos-e-integrados\/#breadcrumb"},"inLanguage":"es","potentialAction":[{"@type":"ReadAction","target":["https:\/\/ikr3ativos.net\/ve\/product\/apocalipticos-e-integrados\/"]}]},{"@type":"BreadcrumbList","@id":"https:\/\/ikr3ativos.net\/ve\/product\/apocalipticos-e-integrados\/#breadcrumb","itemListElement":[{"@type":"ListItem","position":1,"name":"Portada","item":"https:\/\/ikr3ativos.net\/ve\/"},{"@type":"ListItem","position":2,"name":"Tienda","item":"https:\/\/ikr3ativos.net\/ve\/tienda\/"},{"@type":"ListItem","position":3,"name":"Apocalipticos e Integrados"}]},{"@type":"WebSite","@id":"https:\/\/ikr3ativos.net\/ve\/#website","url":"https:\/\/ikr3ativos.net\/ve\/","name":"iKr3ativos, c.a.","description":"Estudio Gr\u00e1fico, Comunicaci\u00f3n y Medios","potentialAction":[{"@type":"SearchAction","target":{"@type":"EntryPoint","urlTemplate":"https:\/\/ikr3ativos.net\/ve\/?s={search_term_string}"},"query-input":"required name=search_term_string"}],"inLanguage":"es"}]}},"_links":{"self":[{"href":"https:\/\/ikr3ativos.net\/ve\/wp-json\/wp\/v2\/product\/9553","targetHints":{"allow":["GET"]}}],"collection":[{"href":"https:\/\/ikr3ativos.net\/ve\/wp-json\/wp\/v2\/product"}],"about":[{"href":"https:\/\/ikr3ativos.net\/ve\/wp-json\/wp\/v2\/types\/product"}],"replies":[{"embeddable":true,"href":"https:\/\/ikr3ativos.net\/ve\/wp-json\/wp\/v2\/comments?post=9553"}],"wp:featuredmedia":[{"embeddable":true,"href":"https:\/\/ikr3ativos.net\/ve\/wp-json\/wp\/v2\/media\/9589"}],"wp:attachment":[{"href":"https:\/\/ikr3ativos.net\/ve\/wp-json\/wp\/v2\/media?parent=9553"}],"wp:term":[{"taxonomy":"product_brand","embeddable":true,"href":"https:\/\/ikr3ativos.net\/ve\/wp-json\/wp\/v2\/product_brand?post=9553"},{"taxonomy":"product_cat","embeddable":true,"href":"https:\/\/ikr3ativos.net\/ve\/wp-json\/wp\/v2\/product_cat?post=9553"},{"taxonomy":"product_tag","embeddable":true,"href":"https:\/\/ikr3ativos.net\/ve\/wp-json\/wp\/v2\/product_tag?post=9553"}],"curies":[{"name":"wp","href":"https:\/\/api.w.org\/{rel}","templated":true}]}}