{"id":9783,"date":"2023-09-11T21:09:31","date_gmt":"2023-09-11T21:09:31","guid":{"rendered":"https:\/\/ikr3ativos.net\/ve\/?post_type=product&#038;p=9783"},"modified":"2023-09-11T21:10:23","modified_gmt":"2023-09-11T21:10:23","slug":"roberte-esta-noche","status":"publish","type":"product","link":"https:\/\/ikr3ativos.net\/ve\/product\/roberte-esta-noche\/","title":{"rendered":"Roberte Esta Noche"},"content":{"rendered":"<p>El que cuenta la historia de la enigm\u00e1tica Roberte y de su anciano marido Octave es el joven sobrino Antoine, quien, a la edad de trece a\u00f1os, fue adoptado por su t\u00edo, un eminente profesor de escol\u00e1stica que, seg\u00fan Antoine, &#8220;padec\u00eda su felicidad conyugal como una enfermedad&#8221;. Para encontrar alivio, Octave decide introducir en su vida una perversa ley de la hospitalidad. As\u00ed, instigada por su marido, Roberte se ve envuelta en el extra\u00f1o ritual de ofrecer su hermoso cuerpo a cualquier hu\u00e9sped que lo desee. Pero \u00bfes realmente Roberte tan s\u00f3lo un cuerpo que se ofrece, un instrumento de la voluntad ajena, fuente compartida de placer entre un viejo voyeur y un joven excitado por el deseo?.<\/p>\n","protected":false},"excerpt":{"rendered":"<p>El que cuenta la historia de la enigm\u00e1tica Roberte y de su anciano marido Octave es el joven sobrino Antoine, quien, a la edad de trece a\u00f1os, fue adoptado por su t\u00edo, un eminente profesor de escol\u00e1stica que, seg\u00fan Antoine, &#8220;padec\u00eda su felicidad conyugal como una enfermedad&#8221;. Para encontrar alivio, Octave decide introducir en su [&#8230;]\n","protected":false},"featured_media":9833,"comment_status":"closed","ping_status":"closed","template":"","meta":{"_acf_changed":false,"_joinchat":[]},"product_brand":[],"product_cat":[207],"product_tag":[],"class_list":{"0":"post-9783","1":"product","2":"type-product","3":"status-publish","4":"has-post-thumbnail","6":"product_cat-otros","8":"first","9":"instock","10":"sold-individually","11":"shipping-taxable","12":"purchasable","13":"product-type-simple"},"acf":[],"yoast_head":"<!-- This site is optimized with the Yoast SEO plugin v21.9 - https:\/\/yoast.com\/wordpress\/plugins\/seo\/ -->\n<title>Roberte Esta Noche - iKr3ativos, c.a.<\/title>\n<meta name=\"robots\" content=\"index, follow, max-snippet:-1, max-image-preview:large, max-video-preview:-1\" \/>\n<link rel=\"canonical\" href=\"https:\/\/ikr3ativos.net\/ve\/product\/roberte-esta-noche\/\" \/>\n<meta property=\"og:locale\" content=\"es_ES\" \/>\n<meta property=\"og:type\" content=\"article\" \/>\n<meta property=\"og:title\" content=\"Roberte Esta Noche - iKr3ativos, c.a.\" \/>\n<meta property=\"og:description\" content=\"El que cuenta la historia de la enigm\u00e1tica Roberte y de su anciano marido Octave es el joven sobrino Antoine, quien, a la edad de trece a\u00f1os, fue adoptado por su t\u00edo, un eminente profesor de escol\u00e1stica que, seg\u00fan Antoine, &#8220;padec\u00eda su felicidad conyugal como una enfermedad&#8221;. Para encontrar alivio, Octave decide introducir en su [...]\" \/>\n<meta property=\"og:url\" content=\"https:\/\/ikr3ativos.net\/ve\/product\/roberte-esta-noche\/\" \/>\n<meta property=\"og:site_name\" content=\"iKr3ativos, c.a.\" \/>\n<meta property=\"article:modified_time\" content=\"2023-09-11T21:10:23+00:00\" \/>\n<meta name=\"twitter:card\" content=\"summary_large_image\" \/>\n<meta name=\"twitter:label1\" content=\"Tiempo de lectura\" \/>\n\t<meta name=\"twitter:data1\" content=\"1 minuto\" \/>\n<script type=\"application\/ld+json\" class=\"yoast-schema-graph\">{\"@context\":\"https:\/\/schema.org\",\"@graph\":[{\"@type\":\"WebPage\",\"@id\":\"https:\/\/ikr3ativos.net\/ve\/product\/roberte-esta-noche\/\",\"url\":\"https:\/\/ikr3ativos.net\/ve\/product\/roberte-esta-noche\/\",\"name\":\"Roberte Esta Noche - iKr3ativos, c.a.\",\"isPartOf\":{\"@id\":\"https:\/\/ikr3ativos.net\/ve\/#website\"},\"datePublished\":\"2023-09-11T21:09:31+00:00\",\"dateModified\":\"2023-09-11T21:10:23+00:00\",\"breadcrumb\":{\"@id\":\"https:\/\/ikr3ativos.net\/ve\/product\/roberte-esta-noche\/#breadcrumb\"},\"inLanguage\":\"es\",\"potentialAction\":[{\"@type\":\"ReadAction\",\"target\":[\"https:\/\/ikr3ativos.net\/ve\/product\/roberte-esta-noche\/\"]}]},{\"@type\":\"BreadcrumbList\",\"@id\":\"https:\/\/ikr3ativos.net\/ve\/product\/roberte-esta-noche\/#breadcrumb\",\"itemListElement\":[{\"@type\":\"ListItem\",\"position\":1,\"name\":\"Portada\",\"item\":\"https:\/\/ikr3ativos.net\/ve\/\"},{\"@type\":\"ListItem\",\"position\":2,\"name\":\"Tienda\",\"item\":\"https:\/\/ikr3ativos.net\/ve\/tienda\/\"},{\"@type\":\"ListItem\",\"position\":3,\"name\":\"Roberte Esta Noche\"}]},{\"@type\":\"WebSite\",\"@id\":\"https:\/\/ikr3ativos.net\/ve\/#website\",\"url\":\"https:\/\/ikr3ativos.net\/ve\/\",\"name\":\"iKr3ativos, c.a.\",\"description\":\"Estudio Gr\u00e1fico, Comunicaci\u00f3n y Medios\",\"potentialAction\":[{\"@type\":\"SearchAction\",\"target\":{\"@type\":\"EntryPoint\",\"urlTemplate\":\"https:\/\/ikr3ativos.net\/ve\/?s={search_term_string}\"},\"query-input\":\"required name=search_term_string\"}],\"inLanguage\":\"es\"}]}<\/script>\n<!-- \/ Yoast SEO plugin. -->","yoast_head_json":{"title":"Roberte Esta Noche - iKr3ativos, c.a.","robots":{"index":"index","follow":"follow","max-snippet":"max-snippet:-1","max-image-preview":"max-image-preview:large","max-video-preview":"max-video-preview:-1"},"canonical":"https:\/\/ikr3ativos.net\/ve\/product\/roberte-esta-noche\/","og_locale":"es_ES","og_type":"article","og_title":"Roberte Esta Noche - iKr3ativos, c.a.","og_description":"El que cuenta la historia de la enigm\u00e1tica Roberte y de su anciano marido Octave es el joven sobrino Antoine, quien, a la edad de trece a\u00f1os, fue adoptado por su t\u00edo, un eminente profesor de escol\u00e1stica que, seg\u00fan Antoine, &#8220;padec\u00eda su felicidad conyugal como una enfermedad&#8221;. Para encontrar alivio, Octave decide introducir en su [...]","og_url":"https:\/\/ikr3ativos.net\/ve\/product\/roberte-esta-noche\/","og_site_name":"iKr3ativos, c.a.","article_modified_time":"2023-09-11T21:10:23+00:00","twitter_card":"summary_large_image","twitter_misc":{"Tiempo de lectura":"1 minuto"},"schema":{"@context":"https:\/\/schema.org","@graph":[{"@type":"WebPage","@id":"https:\/\/ikr3ativos.net\/ve\/product\/roberte-esta-noche\/","url":"https:\/\/ikr3ativos.net\/ve\/product\/roberte-esta-noche\/","name":"Roberte Esta Noche - iKr3ativos, c.a.","isPartOf":{"@id":"https:\/\/ikr3ativos.net\/ve\/#website"},"datePublished":"2023-09-11T21:09:31+00:00","dateModified":"2023-09-11T21:10:23+00:00","breadcrumb":{"@id":"https:\/\/ikr3ativos.net\/ve\/product\/roberte-esta-noche\/#breadcrumb"},"inLanguage":"es","potentialAction":[{"@type":"ReadAction","target":["https:\/\/ikr3ativos.net\/ve\/product\/roberte-esta-noche\/"]}]},{"@type":"BreadcrumbList","@id":"https:\/\/ikr3ativos.net\/ve\/product\/roberte-esta-noche\/#breadcrumb","itemListElement":[{"@type":"ListItem","position":1,"name":"Portada","item":"https:\/\/ikr3ativos.net\/ve\/"},{"@type":"ListItem","position":2,"name":"Tienda","item":"https:\/\/ikr3ativos.net\/ve\/tienda\/"},{"@type":"ListItem","position":3,"name":"Roberte Esta Noche"}]},{"@type":"WebSite","@id":"https:\/\/ikr3ativos.net\/ve\/#website","url":"https:\/\/ikr3ativos.net\/ve\/","name":"iKr3ativos, c.a.","description":"Estudio Gr\u00e1fico, Comunicaci\u00f3n y Medios","potentialAction":[{"@type":"SearchAction","target":{"@type":"EntryPoint","urlTemplate":"https:\/\/ikr3ativos.net\/ve\/?s={search_term_string}"},"query-input":"required name=search_term_string"}],"inLanguage":"es"}]}},"_links":{"self":[{"href":"https:\/\/ikr3ativos.net\/ve\/wp-json\/wp\/v2\/product\/9783","targetHints":{"allow":["GET"]}}],"collection":[{"href":"https:\/\/ikr3ativos.net\/ve\/wp-json\/wp\/v2\/product"}],"about":[{"href":"https:\/\/ikr3ativos.net\/ve\/wp-json\/wp\/v2\/types\/product"}],"replies":[{"embeddable":true,"href":"https:\/\/ikr3ativos.net\/ve\/wp-json\/wp\/v2\/comments?post=9783"}],"wp:featuredmedia":[{"embeddable":true,"href":"https:\/\/ikr3ativos.net\/ve\/wp-json\/wp\/v2\/media\/9833"}],"wp:attachment":[{"href":"https:\/\/ikr3ativos.net\/ve\/wp-json\/wp\/v2\/media?parent=9783"}],"wp:term":[{"taxonomy":"product_brand","embeddable":true,"href":"https:\/\/ikr3ativos.net\/ve\/wp-json\/wp\/v2\/product_brand?post=9783"},{"taxonomy":"product_cat","embeddable":true,"href":"https:\/\/ikr3ativos.net\/ve\/wp-json\/wp\/v2\/product_cat?post=9783"},{"taxonomy":"product_tag","embeddable":true,"href":"https:\/\/ikr3ativos.net\/ve\/wp-json\/wp\/v2\/product_tag?post=9783"}],"curies":[{"name":"wp","href":"https:\/\/api.w.org\/{rel}","templated":true}]}}